{"id":21166,"date":"2025-03-04T00:18:14","date_gmt":"2025-03-03T23:18:14","guid":{"rendered":"https:\/\/novapraguetours.cz\/?post_type=product&#038;p=21166"},"modified":"2025-03-04T00:46:43","modified_gmt":"2025-03-03T23:46:43","slug":"visite-privee-du-chateau-de-prague-avec-billets-dentree-copy","status":"publish","type":"product","link":"https:\/\/novapraguetours.cz\/fr\/produit\/visite-privee-du-chateau-de-prague-avec-billets-dentree-copy\/","title":{"rendered":"Excursion dans les c\u00e9l\u00e8bres verreries de Boh\u00eame"},"content":{"rendered":"<p class=\"p1\">D\u00e9couvrez comment le v\u00e9ritable cristal tch\u00e8que est fabriqu\u00e9 \u00e9tape par \u00e9tape.<br \/>\nVotre guide vient vous chercher sur le lieu de votre s\u00e9jour \u00e0 Prague et vous emm\u00e8ne en 40 minutes \u00e0 Ni\u017ebor. La maison du c\u00e9l\u00e8bre cristal taill\u00e9 moderne fait \u00e0 la main. Au cours d&rsquo;une visite guid\u00e9e de l&rsquo;usine, vous d\u00e9couvrirez l&rsquo;histoire d&rsquo;une tradition d&rsquo;o\u00f9 provient la production de cristal et explorerez les diff\u00e9rentes \u00e9tapes de la fabrication du cristal tch\u00e8que le plus fin. Moyennant un suppl\u00e9ment (environ 500 czk pour la coupe et 1000 czk pour le soufflage), vous pouvez devenir vous-m\u00eame souffleur \/ coupeur de verre et, sous la direction du ma\u00eetre souffleur \/ coupeur, essayer de cr\u00e9er votre propre produit. Veuillez noter que le cristal est soumis \u00e0 un processus de refroidissement de 24 heures et qu&rsquo;il vous sera donc livr\u00e9 \u00e0 Prague le lendemain.<\/p>\n<p class=\"p1\"><strong>Dur\u00e9e du voyage :<\/strong> 3,5h aller-retour<\/p>\n<p class=\"p1\"><strong>Prix :<\/strong> 2800 czk p.p.<\/p>\n<p class=\"p1\"><strong>Heure de d\u00e9but :<\/strong> 10 heures<\/p>\n<p class=\"p1\"><strong>Ce qui est inclus :<\/strong><\/p>\n<ul>\n<li class=\"p1\">Guide\/chauffeur parlant anglais<\/li>\n<li class=\"p1\">Transport par v\u00e9hicule priv\u00e9<\/li>\n<li class=\"p1\">Prise en charge\/d\u00e9pose<\/li>\n<li class=\"p1\">Billets d&rsquo;entr\u00e9e \u00e0 la verrerie<\/li>\n<\/ul>\n","protected":false},"excerpt":{"rendered":"<p><span class=\"country\">D\u00e9but : 10 heures<\/span><br \/>\n<span class=\"currency\">Prix : 2800 K\u010d<\/span><br \/>\n<span class=\"time\">Dur\u00e9e : 3 heures environ<\/span><\/p>\n","protected":false},"featured_media":21179,"comment_status":"open","ping_status":"closed","template":"","meta":{"_et_pb_use_builder":"","_et_pb_old_content":"","_et_gb_content_width":""},"product_brand":[],"product_cat":[82],"product_tag":[],"class_list":{"0":"post-21166","1":"product","2":"type-product","3":"status-publish","4":"has-post-thumbnail","6":"product_cat-non-classifiee","8":"first","9":"instock","10":"shipping-taxable","11":"purchasable","12":"product-type-variable"},"aioseo_notices":[],"_links":{"self":[{"href":"https:\/\/novapraguetours.cz\/fr\/wp-json\/wp\/v2\/product\/21166","targetHints":{"allow":["GET"]}}],"collection":[{"href":"https:\/\/novapraguetours.cz\/fr\/wp-json\/wp\/v2\/product"}],"about":[{"href":"https:\/\/novapraguetours.cz\/fr\/wp-json\/wp\/v2\/types\/product"}],"replies":[{"embeddable":true,"href":"https:\/\/novapraguetours.cz\/fr\/wp-json\/wp\/v2\/comments?post=21166"}],"wp:featuredmedia":[{"embeddable":true,"href":"https:\/\/novapraguetours.cz\/fr\/wp-json\/wp\/v2\/media\/21179"}],"wp:attachment":[{"href":"https:\/\/novapraguetours.cz\/fr\/wp-json\/wp\/v2\/media?parent=21166"}],"wp:term":[{"taxonomy":"product_brand","embeddable":true,"href":"https:\/\/novapraguetours.cz\/fr\/wp-json\/wp\/v2\/product_brand?post=21166"},{"taxonomy":"product_cat","embeddable":true,"href":"https:\/\/novapraguetours.cz\/fr\/wp-json\/wp\/v2\/product_cat?post=21166"},{"taxonomy":"product_tag","embeddable":true,"href":"https:\/\/novapraguetours.cz\/fr\/wp-json\/wp\/v2\/product_tag?post=21166"}],"curies":[{"name":"wp","href":"https:\/\/api.w.org\/{rel}","templated":true}]}}