{"id":21126,"date":"2025-03-04T00:14:20","date_gmt":"2025-03-03T23:14:20","guid":{"rendered":"https:\/\/novapraguetours.cz\/?post_type=product&#038;p=21126"},"modified":"2025-03-04T00:46:42","modified_gmt":"2025-03-03T23:46:42","slug":"1000-ans-dhistoire-soiree-gastronomique-copy-copy","status":"publish","type":"product","link":"https:\/\/novapraguetours.cz\/fr\/produit\/1000-ans-dhistoire-soiree-gastronomique-copy-copy\/","title":{"rendered":"Excursion d&rsquo;une journ\u00e9e au ch\u00e2teau de Konopi\u0161t\u011b et \u00e0 la brasserie Kozel"},"content":{"rendered":"<p>Suivez les traces de la l\u00e9gende autrichienne Franz Ferdinand et visitez l&rsquo;un des ch\u00e2teaux tch\u00e8ques les plus impressionnants, avec l&rsquo;excursion de la brasserie Kozel et un d\u00e9jeuner tch\u00e8que traditionnel.<br \/>\nVotre guide viendra vous chercher sur votre lieu de s\u00e9jour \u00e0 Prague et apr\u00e8s 45 minutes de trajet panoramique, vous arriverez \u00e0 Konopi\u0161t\u011b, un impressionnant ch\u00e2teau, demeure du l\u00e9gendaire Franz Ferdinad. Lors de la visite guid\u00e9e du ch\u00e2teau, vous apprendrez l&rsquo;histoire, admirerez les meubles du ch\u00e2teau, visiterez la chambre de Franz et serez impressionn\u00e9 par sa collection unique d&rsquo;armures, d&rsquo;armes et de souvenirs de chasse.<br \/>\nApr\u00e8s la visite du ch\u00e2teau, \u00e0 seulement 20 minutes, une excursion \u00e0 la brasserie Kozel prend place. Vous d\u00e9couvrirez l&rsquo;histoire d&rsquo;une bi\u00e8re tch\u00e8que populaire, passerez par les diff\u00e9rentes \u00e9tapes de la production et d\u00e9gusterez l&rsquo;authentique bi\u00e8re Kozel non pasteuris\u00e9e. <\/p>\n<p><strong>Dur\u00e9e : <\/strong>7h aller-retour<br \/>\n<strong>Prix :<\/strong> 4800 K\u010d<br \/>\n<strong>D\u00e9but \u00e0 9 heures<\/strong><br \/>\n<strong>Ce qui est inclus :<\/strong><\/p>\n<ul>\n<li>Guide\/chauffeur parlant anglais<\/li>\n<li>Transport par v\u00e9hicule priv\u00e9<\/li>\n<li>Billets d&rsquo;entr\u00e9e au ch\u00e2teau et \u00e0 la brasserie<\/li>\n<li>D\u00e9jeuner traditionnel tch\u00e8que.<\/li>\n<\/ul>\n","protected":false},"excerpt":{"rendered":"<p><strong>Dur\u00e9e : <\/strong>7h aller-retour<br \/>\n<strong>Prix :<\/strong> 4800 K\u010d<br \/>\n<strong>D\u00e9part \u00e0 9h<\/strong><\/p>\n","protected":false},"featured_media":21139,"comment_status":"open","ping_status":"closed","template":"","meta":{"_et_pb_use_builder":"","_et_pb_old_content":"","_et_gb_content_width":""},"product_brand":[],"product_cat":[82],"product_tag":[],"class_list":{"0":"post-21126","1":"product","2":"type-product","3":"status-publish","4":"has-post-thumbnail","6":"product_cat-non-classifiee","8":"first","9":"instock","10":"shipping-taxable","11":"purchasable","12":"product-type-variable"},"aioseo_notices":[],"_links":{"self":[{"href":"https:\/\/novapraguetours.cz\/fr\/wp-json\/wp\/v2\/product\/21126","targetHints":{"allow":["GET"]}}],"collection":[{"href":"https:\/\/novapraguetours.cz\/fr\/wp-json\/wp\/v2\/product"}],"about":[{"href":"https:\/\/novapraguetours.cz\/fr\/wp-json\/wp\/v2\/types\/product"}],"replies":[{"embeddable":true,"href":"https:\/\/novapraguetours.cz\/fr\/wp-json\/wp\/v2\/comments?post=21126"}],"wp:featuredmedia":[{"embeddable":true,"href":"https:\/\/novapraguetours.cz\/fr\/wp-json\/wp\/v2\/media\/21139"}],"wp:attachment":[{"href":"https:\/\/novapraguetours.cz\/fr\/wp-json\/wp\/v2\/media?parent=21126"}],"wp:term":[{"taxonomy":"product_brand","embeddable":true,"href":"https:\/\/novapraguetours.cz\/fr\/wp-json\/wp\/v2\/product_brand?post=21126"},{"taxonomy":"product_cat","embeddable":true,"href":"https:\/\/novapraguetours.cz\/fr\/wp-json\/wp\/v2\/product_cat?post=21126"},{"taxonomy":"product_tag","embeddable":true,"href":"https:\/\/novapraguetours.cz\/fr\/wp-json\/wp\/v2\/product_tag?post=21126"}],"curies":[{"name":"wp","href":"https:\/\/api.w.org\/{rel}","templated":true}]}}