{"id":21086,"date":"2025-03-04T00:07:46","date_gmt":"2025-03-03T23:07:46","guid":{"rendered":"https:\/\/novapraguetours.cz\/?post_type=product&#038;p=21086"},"modified":"2025-03-04T00:46:42","modified_gmt":"2025-03-03T23:46:42","slug":"1000-ans-dhistoire-soiree-gastronomique-copy","status":"publish","type":"product","link":"https:\/\/novapraguetours.cz\/fr\/produit\/1000-ans-dhistoire-soiree-gastronomique-copy\/","title":{"rendered":"Excursion d&rsquo;une journ\u00e9e \u00e0 Karlovy Vary"},"content":{"rendered":"<p>Karlovy Vary a \u00e9t\u00e9 fond\u00e9 au XIVe si\u00e8cle par le roi tch\u00e8que et empereur romain Charles IV, qui d\u00e9couvrit par hasard de nombreuses sources d&rsquo;eau chaude dans toute la r\u00e9gion, devenant ainsi un complexe thermal royal visit\u00e9 par certains des personnages les plus puissants et les plus c\u00e9l\u00e8bres de toute l&rsquo;Europe. La ville compte 81 sources d&rsquo;eau min\u00e9rale diff\u00e9rentes. Lors de cette excursion d&rsquo;une journ\u00e9e au d\u00e9part de Prague, votre guide viendra vous chercher \u00e0 votre lieu de s\u00e9jour et, apr\u00e8s environ 1,5 heure, vous atteindrez la ville thermale la plus populaire de R\u00e9publique tch\u00e8que.Au cours d&rsquo;une visite guid\u00e9e \u00e0 pied dans le centre historique, vous pourrez go\u00fbter \u00e0 15 sources d&rsquo;eau min\u00e9rale diff\u00e9rentes, r\u00e9put\u00e9es pour leurs bienfaits sur la sant\u00e9.Vous vous prom\u00e8nerez dans le lieu o\u00f9 a \u00e9t\u00e9 tourn\u00e9 le c\u00e9l\u00e8bre film de James Bond et vous visiterez le c\u00e9l\u00e8bre mus\u00e9e tch\u00e8que des liqueurs \u00e0 base de plantes (Becherovka).<\/p>\n<p>Un funiculaire vous emm\u00e8nera directement du centre-ville \u00e0 l&rsquo;un des points les plus \u00e9lev\u00e9s pour faire une petite pause et admirer des vues \u00e0 couper le souffle sur la ville. Avant de retourner \u00e0 Prague, vous disposerez d&rsquo;un peu de temps libre pour acheter des souvenirs.<\/p>\n<p><strong>Dur\u00e9e : <\/strong>7h aller-retour<br \/>\n<strong>Prix :<\/strong> 4800 K\u010d<br \/>\n<strong>D\u00e9but \u00e0 9 heures<\/strong><br \/>\n<strong>Ce qui est inclus :<\/strong><\/p>\n<ul>\n<li>Guide\/chauffeur parlant anglais<\/li>\n<li>transport par v\u00e9hicule priv\u00e9<\/li>\n<li>Billets d&rsquo;entr\u00e9e au mus\u00e9e Jan Becher<\/li>\n<li>Billets de funiculaire<\/li>\n<\/ul>\n","protected":false},"excerpt":{"rendered":"<p><strong>Dur\u00e9e : <\/strong>7h aller-retour<br \/>\n<strong>Prix :<\/strong> 4800 K\u010d<br \/>\n<strong>D\u00e9part \u00e0 9h<\/strong><\/p>\n","protected":false},"featured_media":21108,"comment_status":"open","ping_status":"closed","template":"","meta":{"_et_pb_use_builder":"","_et_pb_old_content":"","_et_gb_content_width":""},"product_brand":[],"product_cat":[82],"product_tag":[],"class_list":{"0":"post-21086","1":"product","2":"type-product","3":"status-publish","4":"has-post-thumbnail","6":"product_cat-non-classifiee","8":"first","9":"instock","10":"shipping-taxable","11":"purchasable","12":"product-type-variable"},"aioseo_notices":[],"_links":{"self":[{"href":"https:\/\/novapraguetours.cz\/fr\/wp-json\/wp\/v2\/product\/21086","targetHints":{"allow":["GET"]}}],"collection":[{"href":"https:\/\/novapraguetours.cz\/fr\/wp-json\/wp\/v2\/product"}],"about":[{"href":"https:\/\/novapraguetours.cz\/fr\/wp-json\/wp\/v2\/types\/product"}],"replies":[{"embeddable":true,"href":"https:\/\/novapraguetours.cz\/fr\/wp-json\/wp\/v2\/comments?post=21086"}],"wp:featuredmedia":[{"embeddable":true,"href":"https:\/\/novapraguetours.cz\/fr\/wp-json\/wp\/v2\/media\/21108"}],"wp:attachment":[{"href":"https:\/\/novapraguetours.cz\/fr\/wp-json\/wp\/v2\/media?parent=21086"}],"wp:term":[{"taxonomy":"product_brand","embeddable":true,"href":"https:\/\/novapraguetours.cz\/fr\/wp-json\/wp\/v2\/product_brand?post=21086"},{"taxonomy":"product_cat","embeddable":true,"href":"https:\/\/novapraguetours.cz\/fr\/wp-json\/wp\/v2\/product_cat?post=21086"},{"taxonomy":"product_tag","embeddable":true,"href":"https:\/\/novapraguetours.cz\/fr\/wp-json\/wp\/v2\/product_tag?post=21086"}],"curies":[{"name":"wp","href":"https:\/\/api.w.org\/{rel}","templated":true}]}}