{"id":20923,"date":"2024-03-17T21:43:23","date_gmt":"2024-03-17T20:43:23","guid":{"rendered":"https:\/\/novapraguetours.cz\/product\/excursion-privee-dune-journee-a-cesky-krumlov-avec-dejeuner-tcheque-traditionnel\/"},"modified":"2025-03-04T00:46:42","modified_gmt":"2025-03-03T23:46:42","slug":"private-day-trip-to-cesky-krumlov-with-traditional-czech-lunch","status":"publish","type":"product","link":"https:\/\/novapraguetours.cz\/fr\/produit\/private-day-trip-to-cesky-krumlov-with-traditional-czech-lunch\/","title":{"rendered":"Excursion priv\u00e9e d&rsquo;une journ\u00e9e \u00e0 \u010cesk\u00fd Krumlov avec d\u00e9jeuner tch\u00e8que traditionnel"},"content":{"rendered":"<p class=\"p1\">\u00c0 deux heures et demie<span class=\"Apple-converted-space\"> <\/span>de Prague<span class=\"Apple-converted-space\"> <\/span>dans la r\u00e9gion du sud de la Boh\u00eame<span class=\"Apple-converted-space\"> <\/span>se trouve<span class=\"Apple-converted-space\"> <\/span>une ville enti\u00e8rement f\u00e9erique travers\u00e9e<span class=\"Apple-converted-space\"> <\/span>par la rivi\u00e8re Vltava<span class=\"Apple-converted-space\"> <\/span><span class=\"Apple-converted-space\"> <\/span> et domin\u00e9e par son ch\u00e2teau du 13e si\u00e8cle<span class=\"Apple-converted-space\"> <\/span>&#8211; \u010cesk\u00fd Krumlov.<\/p>\n<p class=\"p1\">Les<span class=\"Apple-converted-space\">  <\/span>deuxi\u00e8me plus grande<span class=\"Apple-converted-space\">  <\/span>complexe de ch\u00e2teaux avec<span class=\"Apple-converted-space\">  <\/span>son<span class=\"Apple-converted-space\">  <\/span>\u00e9l\u00e9ments gothiques, renaissance et baroques,<span class=\"Apple-converted-space\">  <\/span>la vue panoramique sur la vieille ville du haut de son clocher rond.<span class=\"Apple-converted-space\">  <\/span>\u00e9tait pour plus de<span class=\"Apple-converted-space\">  <\/span>400 ans utilis\u00e9 comme si\u00e8ge<span class=\"Apple-converted-space\">  <\/span>de quatre<span class=\"Apple-converted-space\">  <\/span>puissantes familles nobles qui<span class=\"Apple-converted-space\">  <\/span>chacun<span class=\"Apple-converted-space\">  <\/span>d&rsquo;entre eux<span class=\"Apple-converted-space\">  <\/span>gauche<span class=\"Apple-converted-space\">  <\/span>un<span class=\"Apple-converted-space\">  <\/span>architecture \u00e0 admirer, m\u00eame si cette<span class=\"Apple-converted-space\">  <\/span>ville<span class=\"Apple-converted-space\">  <\/span>semblent \u00eatre<span class=\"Apple-converted-space\">  <\/span>tout \u00e0 fait<span class=\"Apple-converted-space\">  <\/span>loin<span class=\"Apple-converted-space\">  <\/span>\u00e0<span class=\"Apple-converted-space\">  <\/span>atteindre<span class=\"Apple-converted-space\">  <\/span>de<span class=\"Apple-converted-space\">  <\/span>Prague, cela en vaut absolument la peine et<span class=\"Apple-converted-space\">  <\/span>il<span class=\"Apple-converted-space\">  <\/span>sera probablement<span class=\"Apple-converted-space\">  <\/span>\u00eatre<span class=\"Apple-converted-space\">  <\/span>les<span class=\"Apple-converted-space\">  <\/span>la plus belle ville m\u00e9di\u00e9vale que vous<span class=\"Apple-converted-space\">  <\/span>ne sera jamais<span class=\"Apple-converted-space\">  <\/span>voir.<\/p>\n<p class=\"p1\"><strong>Dur\u00e9e :<\/strong> environ 9 heures<span class=\"Apple-converted-space\"> <\/span><\/p>\n<p class=\"p1\"><strong>Prix :<\/strong> 7250 K\u010d pp<\/p>\n<p class=\"p1\"><strong>Ce qui est inclus :<\/strong><\/p>\n<ul>\n<li class=\"p1\">Voiture\/fourgonnette<\/li>\n<li class=\"p1\">guide\/chauffeur priv\u00e9<\/li>\n<li class=\"p1\">billets d&rsquo;entr\u00e9e au ch\u00e2teau de \u010cesk\u00fd Krumlov<\/li>\n<li class=\"p1\">bouteilles d&rsquo;eau<span class=\"Apple-converted-space\">  <\/span>sur le bord<\/li>\n<li class=\"p1\">d\u00e9jeuner<\/li>\n<\/ul>\n<p class=\"p1\">\u00c0 propos de la<span class=\"Apple-converted-space\">  <\/span>tour : Vous allez<span class=\"Apple-converted-space\">  <\/span>\u00eatre pris en charge<span class=\"Apple-converted-space\">  <\/span>par<span class=\"Apple-converted-space\">  <\/span>votre guide\/chauffeur priv\u00e9<span class=\"Apple-converted-space\">  <\/span>\u00e0<span class=\"Apple-converted-space\">  <\/span>les<span class=\"Apple-converted-space\">  <\/span>lieu<span class=\"Apple-converted-space\">  <\/span>de<span class=\"Apple-converted-space\">  <\/span>votre s\u00e9jour \u00e0 Prague<span class=\"Apple-converted-space\">  <\/span>et<span class=\"Apple-converted-space\">  <\/span>t\u00eate pour<span class=\"Apple-converted-space\">  <\/span>2,5 heures de route panoramique pour ce que je crois<span class=\"Apple-converted-space\">  <\/span>est un<span class=\"Apple-converted-space\">  <\/span>de la<span class=\"Apple-converted-space\">  <\/span>les plus belles r\u00e9gions<span class=\"Apple-converted-space\">  <\/span>en<span class=\"Apple-converted-space\">  <\/span>cette<span class=\"Apple-converted-space\">  <\/span>pays, la Boh\u00eame du Sud. Sur<span class=\"Apple-converted-space\">  <\/span>votre arriv\u00e9e<span class=\"Apple-converted-space\">  <\/span>vous<span class=\"Apple-converted-space\">  <\/span>marchera sur une plate-forme en bois<span class=\"Apple-converted-space\">  <\/span>pont<span class=\"Apple-converted-space\">  <\/span>\u00e0<span class=\"Apple-converted-space\">  <\/span>les  <span class=\"Apple-converted-space\">  <\/span>\u010cesk\u00fd Krumlovs vieux<span class=\"Apple-converted-space\">  <\/span>ville, un<span class=\"Apple-converted-space\">  <\/span>de<span class=\"Apple-converted-space\">  <\/span>les<span class=\"Apple-converted-space\">  <\/span>mieux conserv\u00e9<span class=\"Apple-converted-space\">  <\/span>villes m\u00e9di\u00e9vales de la<span class=\"Apple-converted-space\">  <\/span>monde avec<span class=\"Apple-converted-space\">  <\/span>une charmante rue pav\u00e9e<span class=\"Apple-converted-space\">  <\/span>plein de vieilles<span class=\"Apple-converted-space\">  <\/span>jours d&rsquo;ateliers&#8230; Vous<span class=\"Apple-converted-space\">  <\/span>sera<span class=\"Apple-converted-space\">  <\/span>fascin\u00e9<span class=\"Apple-converted-space\">  <\/span>par le<span class=\"Apple-converted-space\">  <\/span>sc\u00e9nario de plus<span class=\"Apple-converted-space\">  <\/span>plus de 300 maisons historiques et<span class=\"Apple-converted-space\">  <\/span>par de nombreux<span class=\"Apple-converted-space\">  <\/span>l\u00e9gendes qui sont<span class=\"Apple-converted-space\">  <\/span>en rapport avec cette<span class=\"Apple-converted-space\">  <\/span>La ville m\u00e9di\u00e9vale se trouve \u00e0 quelques pas<span class=\"Apple-converted-space\">  <\/span>monter<span class=\"Apple-converted-space\">  <\/span>les<span class=\"Apple-converted-space\">  <\/span>La colline m\u00e8ne \u00e0<span class=\"Apple-converted-space\">  <\/span>\u010cesk\u00fd Krumlov<span class=\"Apple-converted-space\">  <\/span>Ch\u00e2teau, o\u00f9 vous<span class=\"Apple-converted-space\">  <\/span>volont\u00e9<span class=\"Apple-converted-space\">  <\/span>rejoindre<span class=\"Apple-converted-space\">  <\/span>un groupe pendant une heure<span class=\"Apple-converted-space\">  <\/span>tourn\u00e9e<span class=\"Apple-converted-space\">  <\/span>de<span class=\"Apple-converted-space\">  <\/span>l&rsquo;int\u00e9rieur<span class=\"Apple-converted-space\">  <\/span>de<span class=\"Apple-converted-space\">  <\/span>un<span class=\"Apple-converted-space\">  <\/span>de la<span class=\"Apple-converted-space\">  <\/span>les palais. Apr\u00e8s la<span class=\"Apple-converted-space\">  <\/span>tourn\u00e9e<span class=\"Apple-converted-space\">  <\/span>vous<span class=\"Apple-converted-space\">  <\/span>peut<span class=\"Apple-converted-space\">  <\/span>visiter<span class=\"Apple-converted-space\">  <\/span>les<span class=\"Apple-converted-space\">  <\/span>jardins<span class=\"Apple-converted-space\">  <\/span>et<span class=\"Apple-converted-space\">  <\/span>profiter d&rsquo;une vue panoramique \u00e0 couper le souffle sur<span class=\"Apple-converted-space\">  <\/span>les<span class=\"Apple-converted-space\">  <\/span>des toits de la<span class=\"Apple-converted-space\">  <\/span>la vieille ville. Apr\u00e8s<span class=\"Apple-converted-space\">  <\/span>d\u00e9guster un peu du d\u00e9licieux d\u00e9jeuner tch\u00e8que que vous<span class=\"Apple-converted-space\">  <\/span>obtiendra<span class=\"Apple-converted-space\">  <\/span>un temps libre<span class=\"Apple-converted-space\">  <\/span>de<span class=\"Apple-converted-space\">  <\/span>votre<span class=\"Apple-converted-space\">  <\/span>d\u00e9sir<span class=\"Apple-converted-space\">  <\/span>\u00e0<span class=\"Apple-converted-space\">  <\/span>faire<span class=\"Apple-converted-space\">  <\/span>certains<span class=\"Apple-converted-space\">  <\/span>achats de souvenirs ou simplement<span class=\"Apple-converted-space\">  <\/span>\u00e0<span class=\"Apple-converted-space\">  <\/span>se d\u00e9tendre en prenant un caf\u00e9 au bord de la rivi\u00e8re et en faisant la<span class=\"Apple-converted-space\">  <\/span>le plus<span class=\"Apple-converted-space\">  <\/span>de votre journ\u00e9e<span class=\"Apple-converted-space\">  <\/span>en<span class=\"Apple-converted-space\">  <\/span>\u010cesk\u00fd Krumlov.<\/p>\n","protected":false},"excerpt":{"rendered":"<p><span class=\"country\">Heure de d\u00e9but : 8h30<\/span><br \/>\n<span class=\"currency\">Prix : 290 \u20ac \/ pp<\/span><br \/>\n<span class=\"time\">Dur\u00e9e : environ 9 heures<\/span><\/p>\n","protected":false},"featured_media":20261,"comment_status":"open","ping_status":"closed","template":"","meta":{"_et_pb_use_builder":"","_et_pb_old_content":"","_et_gb_content_width":""},"product_brand":[],"product_cat":[82],"product_tag":[],"class_list":{"0":"post-20923","1":"product","2":"type-product","3":"status-publish","4":"has-post-thumbnail","6":"product_cat-non-classifiee","8":"first","9":"instock","10":"shipping-taxable","11":"purchasable","12":"product-type-variable"},"aioseo_notices":[],"_links":{"self":[{"href":"https:\/\/novapraguetours.cz\/fr\/wp-json\/wp\/v2\/product\/20923","targetHints":{"allow":["GET"]}}],"collection":[{"href":"https:\/\/novapraguetours.cz\/fr\/wp-json\/wp\/v2\/product"}],"about":[{"href":"https:\/\/novapraguetours.cz\/fr\/wp-json\/wp\/v2\/types\/product"}],"replies":[{"embeddable":true,"href":"https:\/\/novapraguetours.cz\/fr\/wp-json\/wp\/v2\/comments?post=20923"}],"wp:featuredmedia":[{"embeddable":true,"href":"https:\/\/novapraguetours.cz\/fr\/wp-json\/wp\/v2\/media\/20261"}],"wp:attachment":[{"href":"https:\/\/novapraguetours.cz\/fr\/wp-json\/wp\/v2\/media?parent=20923"}],"wp:term":[{"taxonomy":"product_brand","embeddable":true,"href":"https:\/\/novapraguetours.cz\/fr\/wp-json\/wp\/v2\/product_brand?post=20923"},{"taxonomy":"product_cat","embeddable":true,"href":"https:\/\/novapraguetours.cz\/fr\/wp-json\/wp\/v2\/product_cat?post=20923"},{"taxonomy":"product_tag","embeddable":true,"href":"https:\/\/novapraguetours.cz\/fr\/wp-json\/wp\/v2\/product_tag?post=20923"}],"curies":[{"name":"wp","href":"https:\/\/api.w.org\/{rel}","templated":true}]}}