{"id":20911,"date":"2024-03-17T21:54:42","date_gmt":"2024-03-17T20:54:42","guid":{"rendered":"https:\/\/novapraguetours.cz\/product\/excursion-dune-journee-au-camp-de-concentration-de-terezin-avec-degustation-dun-dejeuner-tcheque-traditionnel\/"},"modified":"2025-03-04T00:46:38","modified_gmt":"2025-03-03T23:46:38","slug":"excursion-dune-journee-au-camp-de-concentration-de-terezin-avec-degustation-dun-dejeuner-tcheque-traditionnel","status":"publish","type":"product","link":"https:\/\/novapraguetours.cz\/fr\/produit\/excursion-dune-journee-au-camp-de-concentration-de-terezin-avec-degustation-dun-dejeuner-tcheque-traditionnel\/","title":{"rendered":"Excursion d&rsquo;une journ\u00e9e au camp de concentration de Terezin avec d\u00e9gustation d&rsquo;un d\u00e9jeuner tch\u00e8que traditionnel"},"content":{"rendered":"<p class=\"p1\">Une forteresse militaire sophistiqu\u00e9e fond\u00e9e au 18\u00e8me si\u00e8cle par<span class=\"Apple-converted-space\">  <\/span>L&#8217;empereur Joseph II et nomm\u00e9 en<span class=\"Apple-converted-space\">  <\/span>honneur<span class=\"Apple-converted-space\">  <\/span>de son<span class=\"Apple-converted-space\">  <\/span>m\u00e8re Imp\u00e9ratrice, Maria<span class=\"Apple-converted-space\">  <\/span>Theresa. ville, qui a chang\u00e9 radicalement au cours de la <span class=\"Apple-converted-space\">  <\/span>la seconde guerre mondiale<span class=\"Apple-converted-space\">  <\/span>et a \u00e9t\u00e9<span class=\"Apple-converted-space\">  <\/span>converti<span class=\"Apple-converted-space\">  <\/span>\u00e0 placer<span class=\"Apple-converted-space\">  <\/span>de<span class=\"Apple-converted-space\">  <\/span>douleur et<span class=\"Apple-converted-space\">  <\/span>souffrent \u00e9galement<span class=\"Apple-converted-space\">  <\/span>comme la force, le courage et l&rsquo;espoir, Theresinstadt. Divis\u00e9e en une grande forteresse, qui a \u00e9t\u00e9 <span class=\"Apple-converted-space\">  <\/span>servir<span class=\"Apple-converted-space\">  <\/span>un but de<span class=\"Apple-converted-space\">  <\/span>Juif<span class=\"Apple-converted-space\">  <\/span>ghetto et<span class=\"Apple-converted-space\">  <\/span>un petit<span class=\"Apple-converted-space\">  <\/span>forteresse utilis\u00e9e comme prison politique par la gestapo.<span class=\"Apple-converted-space\">  <\/span>son<span class=\"Apple-converted-space\">  <\/span>propre<span class=\"Apple-converted-space\">  <\/span>syst\u00e8me de transport ferroviaire<span class=\"Apple-converted-space\">, <\/span>o\u00f9 plus de 150 mille personnes<span class=\"Apple-converted-space\">  <\/span>y compris<span class=\"Apple-converted-space\">  <\/span>15 000 enfants<span class=\"Apple-converted-space\">  <\/span>ont \u00e9t\u00e9 envoy\u00e9es et d\u00e9tenues pendant des mois et des ann\u00e9es, avant d&rsquo;\u00eatre<span class=\"Apple-converted-space\">  <\/span>se faire expulser<span class=\"Apple-converted-space\">  <\/span>\u00e0<span class=\"Apple-converted-space\">  <\/span>camps d&rsquo;extermination.<\/p>\n<p class=\"p1\">Moins de<span class=\"Apple-converted-space\"> <\/span>150 enfants ont surv\u00e9cu.<span class=\"Apple-converted-space\"> <\/span><\/p>\n<p class=\"p1\"><strong>Dur\u00e9e de la visite :<\/strong> 7 heures<\/p>\n<p class=\"p1\"><strong>Prix :<\/strong> <span class=\"currency\">4900 K\u010d<\/span><\/p>\n<p class=\"p1\"><strong>Heure de d\u00e9but :<\/strong> 9 heures<\/p>\n<p class=\"p1\"><strong>Ce qui est inclus dans<span class=\"Apple-converted-space\">  <\/span>:<\/strong><\/p>\n<ul>\n<li class=\"p1\">Voiture priv\u00e9e\/minivan<\/li>\n<li class=\"p1\">Guide\/chauffeur priv\u00e9<\/li>\n<li class=\"p1\">Billets d&rsquo;entr\u00e9e<span class=\"Apple-converted-space\">  <\/span>pour la petite forteresse<span class=\"Apple-converted-space\">  <\/span>et le mus\u00e9e du ghetto<span class=\"Apple-converted-space\"> <\/span><\/li>\n<li class=\"p1\">D\u00e9jeuner tch\u00e8que traditionnel<\/li>\n<li class=\"p1\">Eau en bouteille \u00e0 bord<\/li>\n<\/ul>\n<p class=\"p1\"><strong>A propos de la visite :<\/strong><\/p>\n<p class=\"p1\">Vous serez pris en charge par votre guide priv\u00e9 \u00e0<span class=\"Apple-converted-space\">  <\/span>le lieu de votre s\u00e9jour \u00e0 Prague, et<span class=\"Apple-converted-space\">  <\/span>embarque pour un trajet de moins d&rsquo;une heure<span class=\"Apple-converted-space\">  <\/span><span class=\"Apple-converted-space\">  <\/span> jusqu&rsquo;\u00e0 Terez\u00edn.<\/p>\n<p class=\"p1\">Notre premier arr\u00eat sera<span class=\"Apple-converted-space\"> <\/span>une petite forteresse et un cimeti\u00e8re national. Une ancienne prison politique o\u00f9, non<span class=\"Apple-converted-space\">  <\/span>seulement<span class=\"Apple-converted-space\">  <\/span>Juifs, mais aussi de nombreux membres<span class=\"Apple-converted-space\">  <\/span>de<span class=\"Apple-converted-space\">  <\/span>r\u00e9sistance<span class=\"Apple-converted-space\">  <\/span>de<span class=\"Apple-converted-space\">  <\/span>dans toute l&rsquo;Europe<span class=\"Apple-converted-space\">  <\/span>L&rsquo;Europe<span class=\"Apple-converted-space\">  <\/span>ont eu lieu. Nous allons<span class=\"Apple-converted-space\">  <\/span>marcher<span class=\"Apple-converted-space\">  <\/span>\u00e0 travers diff\u00e9rentes cours en visitant<span class=\"Apple-converted-space\">  <\/span>la masse et<span class=\"Apple-converted-space\">  <\/span>solitaire<span class=\"Apple-converted-space\">  <\/span>Les cellules, un endroit triste<span class=\"Apple-converted-space\">  <\/span>o\u00f9<span class=\"Apple-converted-space\">  <\/span>horrible<span class=\"Apple-converted-space\">  <\/span>La souffrance a eu lieu. Regarder<span class=\"Apple-converted-space\">  <\/span>un film de propagande de 10 minutes, film\u00e9 dans l&rsquo;intention de montrer \u00e0 quel point nous avons \u00e9t\u00e9 efficaces.<span class=\"Apple-converted-space\">  <\/span>les<span class=\"Apple-converted-space\">  <\/span>Juifs<span class=\"Apple-converted-space\">  <\/span>vivre pendant que<span class=\"Apple-converted-space\">  <\/span>en<span class=\"Apple-converted-space\">  <\/span>Terezin.<\/p>\n<p class=\"p1\">De<span class=\"Apple-converted-space\">  <\/span>un petit<span class=\"Apple-converted-space\">  <\/span>forteresse nous<span class=\"Apple-converted-space\">  <\/span>se d\u00e9placera<span class=\"Apple-converted-space\">  <\/span>\u00e0 propos de<span class=\"Apple-converted-space\">  <\/span>\u00e0 un demi-mile de l\u00e0<span class=\"Apple-converted-space\">  <\/span>\u00e0<span class=\"Apple-converted-space\">  <\/span>grande forteresse, o\u00f9<span class=\"Apple-converted-space\">  <\/span>nous<span class=\"Apple-converted-space\">  <\/span>volont\u00e9<span class=\"Apple-converted-space\">  <\/span>visiter<span class=\"Apple-converted-space\">  <\/span>un mus\u00e9e du ghetto<span class=\"Apple-converted-space\">  <\/span>et<span class=\"Apple-converted-space\">  <\/span>Un cr\u00e9matorium, construit par les prisonniers. Nous terminerons notre visite pleine d&rsquo;\u00e9motions par un d\u00e9licieux d\u00e9jeuner tch\u00e8que traditionnel.<\/p>\n","protected":false},"excerpt":{"rendered":"<p><span class=\"country\">D\u00e9but : 9 heures<\/span><br \/>\n<span class=\"currency\">Prix : 4900 K\u010d<\/span><br \/>\n<span class=\"time\">Dur\u00e9e : 7<\/span> heures<\/p>\n","protected":false},"featured_media":20267,"comment_status":"open","ping_status":"closed","template":"","meta":{"_et_pb_use_builder":"","_et_pb_old_content":"","_et_gb_content_width":""},"product_brand":[],"product_cat":[82],"product_tag":[],"class_list":{"0":"post-20911","1":"product","2":"type-product","3":"status-publish","4":"has-post-thumbnail","6":"product_cat-non-classifiee","8":"first","9":"instock","10":"shipping-taxable","11":"purchasable","12":"product-type-variable"},"aioseo_notices":[],"_links":{"self":[{"href":"https:\/\/novapraguetours.cz\/fr\/wp-json\/wp\/v2\/product\/20911","targetHints":{"allow":["GET"]}}],"collection":[{"href":"https:\/\/novapraguetours.cz\/fr\/wp-json\/wp\/v2\/product"}],"about":[{"href":"https:\/\/novapraguetours.cz\/fr\/wp-json\/wp\/v2\/types\/product"}],"replies":[{"embeddable":true,"href":"https:\/\/novapraguetours.cz\/fr\/wp-json\/wp\/v2\/comments?post=20911"}],"wp:featuredmedia":[{"embeddable":true,"href":"https:\/\/novapraguetours.cz\/fr\/wp-json\/wp\/v2\/media\/20267"}],"wp:attachment":[{"href":"https:\/\/novapraguetours.cz\/fr\/wp-json\/wp\/v2\/media?parent=20911"}],"wp:term":[{"taxonomy":"product_brand","embeddable":true,"href":"https:\/\/novapraguetours.cz\/fr\/wp-json\/wp\/v2\/product_brand?post=20911"},{"taxonomy":"product_cat","embeddable":true,"href":"https:\/\/novapraguetours.cz\/fr\/wp-json\/wp\/v2\/product_cat?post=20911"},{"taxonomy":"product_tag","embeddable":true,"href":"https:\/\/novapraguetours.cz\/fr\/wp-json\/wp\/v2\/product_tag?post=20911"}],"curies":[{"name":"wp","href":"https:\/\/api.w.org\/{rel}","templated":true}]}}