{"id":20905,"date":"2024-03-17T21:58:00","date_gmt":"2024-03-17T20:58:00","guid":{"rendered":"https:\/\/novapraguetours.cz\/product\/excursion-dune-journee-a-la-brasserie-pilsner-urquell-avec-visite-de-la-verrerie-ruckl\/"},"modified":"2025-03-04T00:46:46","modified_gmt":"2025-03-03T23:46:46","slug":"excursion-dune-journee-a-la-brasserie-pilsner-urquell-avec-visite-de-la-verrerie-ruckl","status":"publish","type":"product","link":"https:\/\/novapraguetours.cz\/fr\/produit\/excursion-dune-journee-a-la-brasserie-pilsner-urquell-avec-visite-de-la-verrerie-ruckl\/","title":{"rendered":"Excursion d&rsquo;une journ\u00e9e \u00e0 la brasserie Pilsner Urquell avec visite de la verrerie R\u00fcckl"},"content":{"rendered":"<p class=\"p1\"><span class=\"Apple-converted-space\"> <\/span>Si vous \u00eates<span class=\"Apple-converted-space\"> <\/span>un amateur de bi\u00e8re, vous<span class=\"Apple-converted-space\"> <\/span>ne pouvez pas manquer notre visite de la brasserie Pilsner<span class=\"Apple-converted-space\"> <\/span>Urquell avec un d\u00e9jeuner tch\u00e8que traditionnel et une d\u00e9gustation authentique de la bi\u00e8re Pilsner<span class=\"Apple-converted-space\"> <\/span>, ainsi qu&rsquo;une excursion \u00e0 la c\u00e9l\u00e8bre verrerie de Boh\u00eame<span class=\"Apple-converted-space\"> <\/span>.<\/p>\n<p class=\"p1\">La R\u00e9publique tch\u00e8que poss\u00e8de<span class=\"Apple-converted-space\">  <\/span>une grande culture de la bi\u00e8re<span class=\"Apple-converted-space\">  <\/span>et nous aimerions<span class=\"Apple-converted-space\">  <\/span>vous montrer comment est fabriqu\u00e9e, \u00e9tape par \u00e9tape, notre bi\u00e8re blonde pr\u00e9f\u00e9r\u00e9e, la Pilsner Urquell, brass\u00e9e comme la premi\u00e8re bi\u00e8re blonde de type pilsner au monde, avec son go\u00fbt plein caract\u00e9ristique<span class=\"Apple-converted-space\">  <\/span>et sa couleur dor\u00e9e limpide depuis<span class=\"Apple-converted-space\">  <\/span>1842.Elle a servi de mod\u00e8le<span class=\"Apple-converted-space\">  <\/span>\u00e0 80 % des marques de bi\u00e8re existantes \u00e0 ce jour.Cette visite d&rsquo;une journ\u00e9e compl\u00e8te<span class=\"Apple-converted-space\">  <\/span>commencera par<span class=\"Apple-converted-space\">  <\/span>une excursion dans une c\u00e9l\u00e8bre verrerie de Boh\u00eame<span class=\"Apple-converted-space\">  <\/span>, o\u00f9 vous d\u00e9couvrirez comment est fabriqu\u00e9 le cristal<span class=\"Apple-converted-space\">  <\/span>le plus fin<span class=\"Apple-converted-space\">  <\/span>taill\u00e9 \u00e0 la main<span class=\"Apple-converted-space\">  <\/span><span class=\"Apple-converted-space\">  <\/span> , explorerez les diff\u00e9rentes \u00e9tapes de la production et d\u00e9couvrirez<span class=\"Apple-converted-space\">  <\/span>les techniques artisanales traditionnelles.<\/p>\n<p class=\"p1\"><strong>Dur\u00e9e :<\/strong> 9 heures<\/p>\n<p class=\"p1\"><strong>Prix : <\/strong>4900 K\u010d pp<\/p>\n<p class=\"p1\"><strong>D\u00e9but :<\/strong> \u00e0<span class=\"Apple-converted-space\">  <\/span>9 heures<span class=\"Apple-converted-space\"> <\/span><\/p>\n<p class=\"p1\"><strong>Ce qui est inclus :<\/strong><\/p>\n<ul>\n<li class=\"p1\">guide\/chauffeur priv\u00e9<\/li>\n<li class=\"p1\">voiture\/minivan<\/li>\n<li class=\"p1\">admissions \u00e0 la verrerie de R\u00fcckl<\/li>\n<li class=\"p1\">entr\u00e9es \u00e0 la brasserie Pilsner<\/li>\n<li class=\"p1\">D\u00e9jeuner tch\u00e8que traditionnel<\/li>\n<li class=\"p1\">Bi\u00e8re\/vin\/boissons non alcoolis\u00e9es<span class=\"Apple-converted-space\"> <\/span><\/li>\n<\/ul>\n<p class=\"p1\"><strong>\u00c0 propos de la tourn\u00e9e<span class=\"Apple-converted-space\"> <\/span>:<\/strong><\/p>\n<p class=\"p1\">Vous<span class=\"Apple-converted-space\">  <\/span><span class=\"Apple-converted-space\">  <\/span> serez pris en charge par<span class=\"Apple-converted-space\">  <\/span>votre guide priv\u00e9 au lieu de votre s\u00e9jour et<span class=\"Apple-converted-space\">  <\/span>vous inscrirez pour un trajet de 40 minutes<span class=\"Apple-converted-space\">  <\/span>\u00e0 l&rsquo;ouest de Prague.<span class=\"Apple-converted-space\"> <\/span><\/p>\n<p class=\"p1\">Ni\u017ebor, maison<span class=\"Apple-converted-space\">  <\/span>de la plus belle<span class=\"Apple-converted-space\">  <\/span>coup\u00e9 \u00e0 la main<span class=\"Apple-converted-space\">  <\/span>tch\u00e8que<span class=\"Apple-converted-space\">  <\/span>cristal, o\u00f9<span class=\"Apple-converted-space\">  <\/span>vous<span class=\"Apple-converted-space\">  <\/span>Le cours explorera la mani\u00e8re dont ces \u0153uvres d&rsquo;art mondialement connues sont<span class=\"Apple-converted-space\">  <\/span>fabriqu\u00e9s. Pour<span class=\"Apple-converted-space\">  <\/span>un co\u00fbt suppl\u00e9mentaire<span class=\"Apple-converted-space\">  <\/span>de<span class=\"Apple-converted-space\">  <\/span>20 euros vous<span class=\"Apple-converted-space\">  <\/span>peut<span class=\"Apple-converted-space\">  <\/span>acheter<span class=\"Apple-converted-space\">  <\/span>un verre et<span class=\"Apple-converted-space\">  <\/span>essayer<span class=\"Apple-converted-space\">  <\/span>\u00e0<span class=\"Apple-converted-space\">  <\/span>le couper \u00e0 la main<span class=\"Apple-converted-space\">  <\/span>Bien entendu, vous<span class=\"Apple-converted-space\">  <\/span>garder<span class=\"Apple-converted-space\">  <\/span>votre verre<span class=\"Apple-converted-space\">  <\/span>comme<span class=\"Apple-converted-space\">  <\/span>un souvenir. Et<span class=\"Apple-converted-space\">  <\/span>si vous<span class=\"Apple-converted-space\">  <\/span>sont<span class=\"Apple-converted-space\">  <\/span>un vrai<span class=\"Apple-converted-space\">  <\/span>cristal<span class=\"Apple-converted-space\">  <\/span>fan vous<span class=\"Apple-converted-space\">  <\/span>vous trouverez peut-\u00eatre votre bonheur dans leur boutique<span class=\"Apple-converted-space\">  <\/span>avec<span class=\"Apple-converted-space\">  <\/span>un large choix de leurs<span class=\"Apple-converted-space\">  <\/span>cristal fait \u00e0 la main. Apr\u00e8s l&rsquo;excursion, nous<span class=\"Apple-converted-space\">  <\/span>rouler pour<span class=\"Apple-converted-space\">  <\/span>40 minutes de plus jusqu&rsquo;\u00e0 notre<span class=\"Apple-converted-space\">  <\/span>attraction, Pilsner.Votre guide<span class=\"Apple-converted-space\">  <\/span>vous conduira<span class=\"Apple-converted-space\">  <\/span>par le biais de la<span class=\"Apple-converted-space\">  <\/span>vieille ville<span class=\"Apple-converted-space\">  <\/span>de cette<span class=\"Apple-converted-space\">  <\/span>4e ville de R\u00e9publique tch\u00e8que<span class=\"Apple-converted-space\">  <\/span>R\u00e9publique, vous montrer<span class=\"Apple-converted-space\">  <\/span>Synagogue Hight, la troisi\u00e8me<span class=\"Apple-converted-space\">  <\/span>la plus grande synagogue juive du monde en tant que<span class=\"Apple-converted-space\">  <\/span>bien<span class=\"Apple-converted-space\">  <\/span>\u00e9glise du 13\u00e8me si\u00e8cle<span class=\"Apple-converted-space\">  <\/span>de la Saint-Barth\u00e9lemy.<\/p>\n<p class=\"p1\">Avant de rejoindre un groupe pour<span class=\"Apple-converted-space\">  <\/span>commencer<span class=\"Apple-converted-space\">  <\/span>votre<span class=\"Apple-converted-space\">  <\/span>1,5h de visite<span class=\"Apple-converted-space\">  <\/span>de la<span class=\"Apple-converted-space\">  <\/span>brasserie, o\u00f9 vous apprendrez<span class=\"Apple-converted-space\">  <\/span>les<span class=\"Apple-converted-space\">  <\/span>l&rsquo;histoire<span class=\"Apple-converted-space\">  <\/span>et<span class=\"Apple-converted-space\">  <\/span>technique de la fa\u00e7on dont cette<span class=\"Apple-converted-space\">  <\/span>monde<span class=\"Apple-converted-space\">  <\/span>La c\u00e9l\u00e8bre Lager est fabriqu\u00e9e, en marchant<span class=\"Apple-converted-space\">  <\/span>par le biais de la<span class=\"Apple-converted-space\">  <\/span>les caves de la brasserie et d\u00e9guster les<span class=\"Apple-converted-space\">  <\/span>Pilsner Urquell authentique non filtr\u00e9e, nous allons<span class=\"Apple-converted-space\">  <\/span>vous traiter<span class=\"Apple-converted-space\">  <\/span>d&rsquo;un d\u00e9licieux d\u00e9jeuner tch\u00e8que traditionnel et, bien s\u00fbr, d&rsquo;une pinte.<span class=\"Apple-converted-space\">  <\/span>de<span class=\"Apple-converted-space\">  <\/span>un bon<span class=\"Apple-converted-space\">  <\/span>bi\u00e8re !<\/p>\n","protected":false},"excerpt":{"rendered":"<p><span class=\"country\">D\u00e9but : 9 heures<\/span><br \/>\n<span class=\"currency\">Prix : 4900 K\u010d<\/span><br \/>\n<span class=\"time\">Dur\u00e9e : 9<\/span> heures<\/p>\n","protected":false},"featured_media":20243,"comment_status":"open","ping_status":"closed","template":"","meta":{"_et_pb_use_builder":"","_et_pb_old_content":"","_et_gb_content_width":""},"product_brand":[],"product_cat":[82],"product_tag":[],"class_list":{"0":"post-20905","1":"product","2":"type-product","3":"status-publish","4":"has-post-thumbnail","6":"product_cat-non-classifiee","8":"first","9":"instock","10":"shipping-taxable","11":"purchasable","12":"product-type-variable"},"aioseo_notices":[],"_links":{"self":[{"href":"https:\/\/novapraguetours.cz\/fr\/wp-json\/wp\/v2\/product\/20905","targetHints":{"allow":["GET"]}}],"collection":[{"href":"https:\/\/novapraguetours.cz\/fr\/wp-json\/wp\/v2\/product"}],"about":[{"href":"https:\/\/novapraguetours.cz\/fr\/wp-json\/wp\/v2\/types\/product"}],"replies":[{"embeddable":true,"href":"https:\/\/novapraguetours.cz\/fr\/wp-json\/wp\/v2\/comments?post=20905"}],"wp:featuredmedia":[{"embeddable":true,"href":"https:\/\/novapraguetours.cz\/fr\/wp-json\/wp\/v2\/media\/20243"}],"wp:attachment":[{"href":"https:\/\/novapraguetours.cz\/fr\/wp-json\/wp\/v2\/media?parent=20905"}],"wp:term":[{"taxonomy":"product_brand","embeddable":true,"href":"https:\/\/novapraguetours.cz\/fr\/wp-json\/wp\/v2\/product_brand?post=20905"},{"taxonomy":"product_cat","embeddable":true,"href":"https:\/\/novapraguetours.cz\/fr\/wp-json\/wp\/v2\/product_cat?post=20905"},{"taxonomy":"product_tag","embeddable":true,"href":"https:\/\/novapraguetours.cz\/fr\/wp-json\/wp\/v2\/product_tag?post=20905"}],"curies":[{"name":"wp","href":"https:\/\/api.w.org\/{rel}","templated":true}]}}