{"id":20900,"date":"2024-03-17T22:00:42","date_gmt":"2024-03-17T21:00:42","guid":{"rendered":"https:\/\/novapraguetours.cz\/product\/prague-en-une-journee-visite-luxueuse-a-pied-avec-promenade-en-voiture-ancienne\/"},"modified":"2025-03-04T00:46:40","modified_gmt":"2025-03-03T23:46:40","slug":"prague-en-une-journee-visite-luxueuse-a-pied-avec-promenade-en-voiture-ancienne","status":"publish","type":"product","link":"https:\/\/novapraguetours.cz\/fr\/produit\/prague-en-une-journee-visite-luxueuse-a-pied-avec-promenade-en-voiture-ancienne\/","title":{"rendered":"Prague en une journ\u00e9e : visite luxueuse \u00e0 pied avec promenade en voiture ancienne"},"content":{"rendered":"<p class=\"p1\">Le temps dont vous disposez \u00e0 Prague est limit\u00e9, mais vous voulez quand m\u00eame tout voir&#8230; C&rsquo;est possible gr\u00e2ce \u00e0 cette visite priv\u00e9e d&rsquo;une journ\u00e9e \u00e0 Prague. Gr\u00e2ce \u00e0 cette excursion, qui se d\u00e9roule \u00e0 bord d&rsquo;une vieille voiture \u00e9l\u00e9gante et confortable, vous couvrirez beaucoup de terrain sans avoir mal aux pieds. Vous verrez Prague d&rsquo;un point de vue diff\u00e9rent, tout en savourant un verre de prosseco glac\u00e9. La partie p\u00e9destre comprend une visite<span class=\"Apple-converted-space\"> du <\/span>ch\u00e2teau de Prague, une ville dans la ville. La ville de Leisser avec son \u00e9glise Saint-Nicolas, le mur de John Lennon, le pont Charles, la ville juive et la place de la vieille ville. La partie \u00e9questre comprend la tour de la poudre, la nouvelle ville, la maison de la danse, le th\u00e9\u00e2tre national, la place Venceslas et le mus\u00e9e national.<span class=\"Apple-converted-space\"> <\/span><\/p>\n<p class=\"p1\"><strong>Dur\u00e9e de la visite :<\/strong> 7 heures<span class=\"Apple-converted-space\"> <\/span><\/p>\n<p class=\"p1\"><strong>Prix :<\/strong> 7250 K\u010d pp<\/p>\n<p class=\"p1\"><strong>Heure de d\u00e9but :<\/strong> 9 heures<\/p>\n<p class=\"p1\"><strong>Ce qui est inclus :<\/strong><\/p>\n<p class=\"p1\"><strong>Prise en charge \u00e0<span class=\"Apple-converted-space\"> <\/span>un lieu<span class=\"Apple-converted-space\"> <\/span>de<span class=\"Apple-converted-space\"> <\/span>votre s\u00e9jour :<\/strong><\/p>\n<ul>\n<li class=\"p1\">promenade en voiture d&rsquo;\u00e9poque<\/li>\n<li class=\"p1\">conducteur<\/li>\n<li class=\"p1\">guide priv\u00e9<\/li>\n<li class=\"p1\">D\u00e9jeuner tch\u00e8que traditionnel<\/li>\n<li class=\"p1\">entr\u00e9es \u00e0 l&rsquo;adresse<span class=\"Apple-converted-space\">  <\/span>Ch\u00e2teau de Prague<\/li>\n<li class=\"p1\">bouteille de<span class=\"Apple-converted-space\"> <\/span>Prosseco<span class=\"Apple-converted-space\"> <\/span><\/li>\n<\/ul>\n<p class=\"p1\"><strong>Options linguistiques :<\/strong> anglais\/espagnol\/fran\u00e7ais\/arabe (pour<span class=\"Apple-converted-space\"> <\/span>arabe, veuillez v\u00e9rifier les disponibilit\u00e9s avant la r\u00e9servation)<\/p>\n<p class=\"p1\"><strong>A propos de la visite :<\/strong><\/p>\n<p class=\"p1\">Votre guide priv\u00e9 vient vous chercher dans le hall de votre h\u00f4tel et vous embarque pour une balade dans une vieille voiture confortable et \u00e9l\u00e9gante. Notre premier arr\u00eat se fera au ch\u00e2teau de Prague o\u00f9 la marche commencera et nous explorerons l&rsquo;int\u00e9rieur du plus grand complexe de ch\u00e2teaux au monde en visitant la cath\u00e9drale Saint-Guy, l&rsquo;ancien palais royal, la rue d&rsquo;or et la tour Daliborka.<span class=\"Apple-converted-space\">  <\/span>l&rsquo;un des<span class=\"Apple-converted-space\">  <\/span>les rues les plus charmantes qui nous m\u00e8nent<span class=\"Apple-converted-space\">  <\/span>\u00e0<span class=\"Apple-converted-space\">  <\/span>Il sera donc temps de faire une pause et de d\u00e9guster un d\u00e9licieux d\u00e9jeuner tch\u00e8que dans l&rsquo;un de mes restaurants pr\u00e9f\u00e9r\u00e9s. Apr\u00e8s le d\u00e9jeuner, nous poursuivrons notre promenade en traversant le pont Charles, le quartier de l&rsquo;h\u00f4tel de ville et le quartier de l&rsquo;h\u00f4tel de ville.<span class=\"Apple-converted-space\">  <\/span>fin de la ville juive<span class=\"Apple-converted-space\">  <\/span>\u00e0<span class=\"Apple-converted-space\">  <\/span>la place de la vieille ville, o\u00f9 nous<span class=\"Apple-converted-space\">  <\/span>prendre<span class=\"Apple-converted-space\">  <\/span>autre<span class=\"Apple-converted-space\">  <\/span>man\u00e8ge<span class=\"Apple-converted-space\">  <\/span>\u00e0<span class=\"Apple-converted-space\">  <\/span>le mill\u00e9sime<span class=\"Apple-converted-space\">  <\/span>voiture passant devant la tour de la poudre, la place Venceslas et la maison de la danse en d\u00e9gustant un verre.<span class=\"Apple-converted-space\">  <\/span>de<span class=\"Apple-converted-space\">  <\/span>froid glacial<span class=\"Apple-converted-space\">  <\/span>prosseco le<span class=\"Apple-converted-space\">  <\/span>La tourn\u00e9e<span class=\"Apple-converted-space\">  <\/span>volont\u00e9<span class=\"Apple-converted-space\">  <\/span>finir<span class=\"Apple-converted-space\">  <\/span>o\u00f9<span class=\"Apple-converted-space\">  <\/span>il<span class=\"Apple-converted-space\">  <\/span>a commenc\u00e9 ou<span class=\"Apple-converted-space\">  <\/span>\u00e0<span class=\"Apple-converted-space\">  <\/span>les<span class=\"Apple-converted-space\">  <\/span>lieu<span class=\"Apple-converted-space\">  <\/span>de votre<span class=\"Apple-converted-space\">  <\/span>choix<span class=\"Apple-converted-space\">  <\/span>au sein de la<span class=\"Apple-converted-space\">  <\/span>historique<span class=\"Apple-converted-space\">  <\/span>centre.<span class=\"Apple-converted-space\"> <\/span><\/p>\n","protected":false},"excerpt":{"rendered":"<p><span class=\"country\">Heure de d\u00e9part : 9 heures<\/span><br \/>\n<span class=\"currency\">Prix : 7250 K\u010d<\/span><br \/>\n<span class=\"time\">Dur\u00e9e : 7<\/span> heures<\/p>\n","protected":false},"featured_media":20255,"comment_status":"open","ping_status":"closed","template":"","meta":{"_et_pb_use_builder":"","_et_pb_old_content":"","_et_gb_content_width":""},"product_brand":[],"product_cat":[82],"product_tag":[],"class_list":{"0":"post-20900","1":"product","2":"type-product","3":"status-publish","4":"has-post-thumbnail","6":"product_cat-non-classifiee","8":"first","9":"instock","10":"shipping-taxable","11":"purchasable","12":"product-type-variable"},"aioseo_notices":[],"_links":{"self":[{"href":"https:\/\/novapraguetours.cz\/fr\/wp-json\/wp\/v2\/product\/20900","targetHints":{"allow":["GET"]}}],"collection":[{"href":"https:\/\/novapraguetours.cz\/fr\/wp-json\/wp\/v2\/product"}],"about":[{"href":"https:\/\/novapraguetours.cz\/fr\/wp-json\/wp\/v2\/types\/product"}],"replies":[{"embeddable":true,"href":"https:\/\/novapraguetours.cz\/fr\/wp-json\/wp\/v2\/comments?post=20900"}],"wp:featuredmedia":[{"embeddable":true,"href":"https:\/\/novapraguetours.cz\/fr\/wp-json\/wp\/v2\/media\/20255"}],"wp:attachment":[{"href":"https:\/\/novapraguetours.cz\/fr\/wp-json\/wp\/v2\/media?parent=20900"}],"wp:term":[{"taxonomy":"product_brand","embeddable":true,"href":"https:\/\/novapraguetours.cz\/fr\/wp-json\/wp\/v2\/product_brand?post=20900"},{"taxonomy":"product_cat","embeddable":true,"href":"https:\/\/novapraguetours.cz\/fr\/wp-json\/wp\/v2\/product_cat?post=20900"},{"taxonomy":"product_tag","embeddable":true,"href":"https:\/\/novapraguetours.cz\/fr\/wp-json\/wp\/v2\/product_tag?post=20900"}],"curies":[{"name":"wp","href":"https:\/\/api.w.org\/{rel}","templated":true}]}}