{"id":20853,"date":"2024-03-17T21:51:54","date_gmt":"2024-03-17T20:51:54","guid":{"rendered":"https:\/\/novapraguetours.cz\/product\/visite-guidee-de-prague-en-soiree-avec-boisson-de-bienvenue\/"},"modified":"2025-03-04T00:46:38","modified_gmt":"2025-03-03T23:46:38","slug":"visite-guidee-de-prague-en-soiree-avec-boisson-de-bienvenue","status":"publish","type":"product","link":"https:\/\/novapraguetours.cz\/fr\/produit\/visite-guidee-de-prague-en-soiree-avec-boisson-de-bienvenue\/","title":{"rendered":"Visite guid\u00e9e de Prague en soir\u00e9e avec boisson de bienvenue"},"content":{"rendered":"<p class=\"p1\">En partant du ch\u00e2teau de Prague, en \u00e9vitant les foules, en explorant les rues \u00e9troites, en regardant le coucher de soleil sur les toits de Prague tout en \u00e9coutant des faits incroyables sur l&rsquo;histoire et les l\u00e9gendes tch\u00e8ques et en partageant ce qu&rsquo;est la vie \u00e0 Prague de nos jours. D\u00e9couvrir des lieux \u00e0 couper le souffle et admirer les diff\u00e9rents types d&rsquo;architecture des b\u00e2timents construits au fil des si\u00e8cles. Cette visite est parfaite pour votre premier jour \u00e0 Prague et vous montrera les sites les plus importants comme le ch\u00e2teau de Prague, la ville de Leisser, l&rsquo;\u00e9glise Saint-Nicolas, le pont Charles, la place de la Vieille ville avec son horloge astronomique, ainsi que les endroits secrets que peu de locaux connaissent. Comme il s&rsquo;agit d&rsquo;une visite semi-priv\u00e9e, le nombre d&rsquo;invit\u00e9s est limit\u00e9 et nous pouvons adapter la visite \u00e0 vos besoins et \u00e0 vos centres d&rsquo;int\u00e9r\u00eat.<\/p>\n<p class=\"p1\">Que vous soyez amateur de bi\u00e8re, de vin ou de cocktail, vous appr\u00e9cierez de faire une pause autour d&rsquo;un verre<span class=\"Apple-converted-space\">  <\/span>dans l&rsquo;un de nos endroits pr\u00e9f\u00e9r\u00e9s \u00e0 Prague.<span class=\"Apple-converted-space\"> <\/span><\/p>\n<p class=\"p1\"><strong>Dur\u00e9e de la visite :<\/strong> 3,5 heures<span class=\"Apple-converted-space\"> <\/span><\/p>\n<p class=\"p1\"><strong>Prix :<\/strong> 89 euros<\/p>\n<p class=\"p1\"><strong>Ce qui est inclus :<\/strong><\/p>\n<ul>\n<li class=\"p1\">Guide local priv\u00e9<\/li>\n<li class=\"p1\">Bi\u00e8re\/vin\/coctail<span class=\"Apple-converted-space\"> <\/span><\/li>\n<\/ul>\n<p class=\"p1\"><strong>Point de d\u00e9part :<\/strong> station de tramway &#8211; Poho\u0159elec<span class=\"Apple-converted-space\"> <\/span><\/p>\n<p class=\"p1\"><strong>Fin<span class=\"Apple-converted-space\"> <\/span>point :<\/strong> Place de la vieille ville<span class=\"Apple-converted-space\"> <\/span><\/p>\n<p class=\"p1\"><strong>Heure de d\u00e9but :<\/strong> 19 heures<\/p>\n<p class=\"p1\"><strong>Options linguistiques :<\/strong> anglais\/espagnol\/fran\u00e7ais\/arabe (pour l&rsquo;arabe, veuillez v\u00e9rifier les disponibilit\u00e9s avant la r\u00e9servation)<\/p>\n<p class=\"p1\"><strong>A propos de la visite :<\/strong><\/p>\n<p class=\"p1\">Vous rencontrerez votre guide priv\u00e9 au tramway<span class=\"Apple-converted-space\">  <\/span>station Poho\u0159elec, qui<span class=\"Apple-converted-space\">  <\/span>est<span class=\"Apple-converted-space\">  <\/span>2 arr\u00eats de tram derri\u00e8re Prague<span class=\"Apple-converted-space\">  <\/span>ch\u00e2teau<span class=\"Apple-converted-space\">  <\/span>et<span class=\"Apple-converted-space\">  <\/span>puis<span class=\"Apple-converted-space\">  <\/span>vous<span class=\"Apple-converted-space\">  <\/span>marcher<span class=\"Apple-converted-space\">  <\/span>ensemble dans la pr\u00e9cipitation<span class=\"Apple-converted-space\">  <\/span>gratuit<span class=\"Apple-converted-space\">  <\/span>rythme dans la quatri\u00e8me ville la plus ancienne de Prague, en passant par le ch\u00e2teau de Prague, en descendant la rue de l&rsquo;\u00e9glise, en passant par la rue de l&rsquo;\u00e9glise.<span class=\"Apple-converted-space\">  <\/span>Rue Nerudova<span class=\"Apple-converted-space\">  <\/span>jusqu&rsquo;\u00e0 la ville de Leisser, de l&rsquo;autre c\u00f4t\u00e9 de la<span class=\"Apple-converted-space\">  <\/span>Pont Charles \u00e0 travers la ville juive<span class=\"Apple-converted-space\">  <\/span>\u00e0 Oldtown square. Vous expliquer<span class=\"Apple-converted-space\">  <\/span>les<span class=\"Apple-converted-space\">  <\/span>histoire et<span class=\"Apple-converted-space\">  <\/span>fonction de<span class=\"Apple-converted-space\">  <\/span>Horloge astronomique. Votre<span class=\"Apple-converted-space\">  <\/span>Le guide met l&rsquo;accent sur certains aspects de l&rsquo;utilisation de l&rsquo;Internet.<span class=\"Apple-converted-space\">  <\/span>des choses tr\u00e8s int\u00e9ressantes ainsi que Show you<span class=\"Apple-converted-space\">  <\/span>quelques zones myst\u00e9rieuses \u00e0 Prague et<span class=\"Apple-converted-space\">  <\/span>prendre<span class=\"Apple-converted-space\">  <\/span>vous<span class=\"Apple-converted-space\">  <\/span>\u00e0<span class=\"Apple-converted-space\">  <\/span>son<span class=\"Apple-converted-space\">  <\/span>lieu de pr\u00e9dilection<span class=\"Apple-converted-space\">  <\/span>pour<span class=\"Apple-converted-space\">  <\/span>boisson introduisant notre<span class=\"Apple-converted-space\">  <\/span>bi\u00e8re\/vin<span class=\"Apple-converted-space\">  <\/span>culture.<\/p>\n<p class=\"p1\">Les<span class=\"Apple-converted-space\">  <\/span>tourn\u00e9e<span class=\"Apple-converted-space\">  <\/span>volont\u00e9<span class=\"Apple-converted-space\">  <\/span>finir<span class=\"Apple-converted-space\">  <\/span>\u00e0<span class=\"Apple-converted-space\">  <\/span>les<span class=\"Apple-converted-space\">  <\/span>la place de la vieille ville ou son<span class=\"Apple-converted-space\">  <\/span>proximit\u00e9. S&rsquo;il vous pla\u00eet<span class=\"Apple-converted-space\">  <\/span>noter que<span class=\"Apple-converted-space\">  <\/span>sur<span class=\"Apple-converted-space\">  <\/span>cette<span class=\"Apple-converted-space\">  <\/span>tourn\u00e9e<span class=\"Apple-converted-space\">  <\/span>nous<span class=\"Apple-converted-space\">  <\/span>ne pas<span class=\"Apple-converted-space\">  <\/span>visiter<span class=\"Apple-converted-space\">  <\/span>les<span class=\"Apple-converted-space\">  <\/span>l&rsquo;int\u00e9rieur des<span class=\"Apple-converted-space\">  <\/span>les<span class=\"Apple-converted-space\">  <\/span>Les lieux tels que les \u00e9glises, etc.<span class=\"Apple-converted-space\">  <\/span>une visite \u00e0 pied en soir\u00e9e et<span class=\"Apple-converted-space\">  <\/span>ils<span class=\"Apple-converted-space\">  <\/span>sont<span class=\"Apple-converted-space\">  <\/span>d\u00e9j\u00e0 ferm\u00e9<\/p>\n","protected":false},"excerpt":{"rendered":"<p><span class=\"country\">Heure de d\u00e9part : 9 h<\/span><br \/>\n<span class=\"currency\">Prix : 2200 K\u010d<\/span><br \/>\n<span class=\"time\">Dur\u00e9e : 3,5<\/span> heures<\/p>\n","protected":false},"featured_media":20251,"comment_status":"open","ping_status":"closed","template":"","meta":{"_et_pb_use_builder":"","_et_pb_old_content":"","_et_gb_content_width":""},"product_brand":[],"product_cat":[82],"product_tag":[],"class_list":{"0":"post-20853","1":"product","2":"type-product","3":"status-publish","4":"has-post-thumbnail","6":"product_cat-non-classifiee","8":"first","9":"instock","10":"shipping-taxable","11":"purchasable","12":"product-type-variable"},"aioseo_notices":[],"_links":{"self":[{"href":"https:\/\/novapraguetours.cz\/fr\/wp-json\/wp\/v2\/product\/20853","targetHints":{"allow":["GET"]}}],"collection":[{"href":"https:\/\/novapraguetours.cz\/fr\/wp-json\/wp\/v2\/product"}],"about":[{"href":"https:\/\/novapraguetours.cz\/fr\/wp-json\/wp\/v2\/types\/product"}],"replies":[{"embeddable":true,"href":"https:\/\/novapraguetours.cz\/fr\/wp-json\/wp\/v2\/comments?post=20853"}],"wp:featuredmedia":[{"embeddable":true,"href":"https:\/\/novapraguetours.cz\/fr\/wp-json\/wp\/v2\/media\/20251"}],"wp:attachment":[{"href":"https:\/\/novapraguetours.cz\/fr\/wp-json\/wp\/v2\/media?parent=20853"}],"wp:term":[{"taxonomy":"product_brand","embeddable":true,"href":"https:\/\/novapraguetours.cz\/fr\/wp-json\/wp\/v2\/product_brand?post=20853"},{"taxonomy":"product_cat","embeddable":true,"href":"https:\/\/novapraguetours.cz\/fr\/wp-json\/wp\/v2\/product_cat?post=20853"},{"taxonomy":"product_tag","embeddable":true,"href":"https:\/\/novapraguetours.cz\/fr\/wp-json\/wp\/v2\/product_tag?post=20853"}],"curies":[{"name":"wp","href":"https:\/\/api.w.org\/{rel}","templated":true}]}}