{"id":20852,"date":"2024-03-17T22:02:21","date_gmt":"2024-03-17T21:02:21","guid":{"rendered":"https:\/\/novapraguetours.cz\/product\/visite-privee-du-chateau-de-prague-avec-billets-dentree\/"},"modified":"2025-03-04T00:46:41","modified_gmt":"2025-03-03T23:46:41","slug":"visite-privee-du-chateau-de-prague-avec-billets-dentree","status":"publish","type":"product","link":"https:\/\/novapraguetours.cz\/fr\/produit\/visite-privee-du-chateau-de-prague-avec-billets-dentree\/","title":{"rendered":"Visite priv\u00e9e du ch\u00e2teau de Prague avec billets d&rsquo;entr\u00e9e"},"content":{"rendered":"<p class=\"p1\">Explorez le plus grand complexe de ch\u00e2teaux du monde \u00e0 votre rythme avec votre guide local priv\u00e9 qui vous expliquera plus de 1000 ans d&rsquo;histoire ainsi que quelques l\u00e9gendes li\u00e9es \u00e0 ce lieu magique et vous montrera l&rsquo;int\u00e9rieur de la cath\u00e9drale Saint-Guy, o\u00f9 les rois de Boh\u00eame ont \u00e9t\u00e9 couronn\u00e9s, vous emm\u00e8nera au vieux palais royal, \u00e0 la voie dor\u00e9e, \u00e0 la basilique Saint-Georges<span class=\"Apple-converted-space\">  <\/span>et \u00e0 la tour Daliborka, l&rsquo;ancienne prison de la forteresse m\u00e9di\u00e9vale<span class=\"Apple-converted-space\">  <\/span>.<span class=\"Apple-converted-space\"> <\/span><\/p>\n<p class=\"p1\"><strong>Dur\u00e9e de la visite :<\/strong> 3 heures environ<span class=\"Apple-converted-space\"> <\/span><\/p>\n<p class=\"p1\"><strong>Prix :<\/strong> <span class=\"currency\">2500 K\u010d pp<\/span> <\/p>\n<p class=\"p1\"><strong>Heure de d\u00e9but :<\/strong> 9h00, 12h00 et 15h00<\/p>\n<p class=\"p1\"><strong>Ce qui est inclus :<\/strong><\/p>\n<ul>\n<li class=\"p1\">Guide local priv\u00e9<\/li>\n<li class=\"p1\">billets d&rsquo;entr\u00e9e au ch\u00e2teau de Prague<span class=\"Apple-converted-space\"> <\/span><\/li>\n<\/ul>\n<p class=\"p1\"><strong>Options linguistiques :<\/strong> anglais\/espagnol\/fran\u00e7ais\/arabe<span class=\"Apple-converted-space\"> <\/span><\/p>\n<p class=\"p1\"><strong>A propos de la visite :<\/strong><\/p>\n<p class=\"p1\">Votre guide priv\u00e9 vous accueillera \u00e0 l&rsquo;entr\u00e9e du complexe du ch\u00e2teau avec les billets d\u00e9j\u00e0 achet\u00e9s et vous emm\u00e8nera \u00e0 l&rsquo;int\u00e9rieur du ch\u00e2teau de Prague fond\u00e9 au 9\u00e8me si\u00e8cle en tant que centre d&rsquo;h\u00e9bergement.<span class=\"Apple-converted-space\">  <\/span>Le ch\u00e2teau est un \u00e9tablissement fortifi\u00e9 en bois qui, au fil des si\u00e8cles, est devenu le plus grand complexe de ch\u00e2teaux au monde. R\u00e9sidence de plusieurs rois tch\u00e8ques et de deux empereurs romains.<span class=\"Apple-converted-space\">  <\/span>depuis<span class=\"Apple-converted-space\">  <\/span>1918 est devenu un<span class=\"Apple-converted-space\">  <\/span>Si\u00e8ge officiel des pr\u00e9sidents tch\u00e8ques&#8230; Vous<span class=\"Apple-converted-space\">  <\/span>volont\u00e9<span class=\"Apple-converted-space\">  <\/span>Visitez la cath\u00e9drale Saint-Guy o\u00f9 vous serez stup\u00e9fait par la beaut\u00e9 des paysages.<span class=\"Apple-converted-space\">  <\/span>Chapelle Saint-Venceslas, tombeau<span class=\"Apple-converted-space\">  <\/span>de<span class=\"Apple-converted-space\">    <\/span>Jean de N\u00e9pomuc\u00e8ne a fait<span class=\"Apple-converted-space\">  <\/span>de<span class=\"Apple-converted-space\">  <\/span>200 kilos d&rsquo;argent comme<span class=\"Apple-converted-space\">  <\/span>bien<span class=\"Apple-converted-space\">  <\/span>comme<span class=\"Apple-converted-space\">  <\/span>magnifiquement tach\u00e9<span class=\"Apple-converted-space\">  <\/span>verre sur<span class=\"Apple-converted-space\">  <\/span>une \u00e9glise Fen\u00eatres faites<span class=\"Apple-converted-space\">  <\/span>par<span class=\"Apple-converted-space\">  <\/span>un nombre<span class=\"Apple-converted-space\">  <\/span>de<span class=\"Apple-converted-space\">  <\/span>Tch\u00e8que c\u00e9l\u00e8bre<span class=\"Apple-converted-space\">  <\/span>Artistes : vous marcherez<span class=\"Apple-converted-space\">  <\/span>\u00e0 travers<span class=\"Apple-converted-space\">  <\/span>les<span class=\"Apple-converted-space\">  <\/span>diff\u00e9rentes salles de<span class=\"Apple-converted-space\">  <\/span>Ancien palais royal, o\u00f9 vous<span class=\"Apple-converted-space\">  <\/span>peut<span class=\"Apple-converted-space\">  <\/span>voir une r\u00e9plique<span class=\"Apple-converted-space\">  <\/span>de<span class=\"Apple-converted-space\">  <\/span>les<span class=\"Apple-converted-space\">  <\/span>joyaux de la couronne et visiter les<span class=\"Apple-converted-space\">  <\/span>dor\u00e9<span class=\"Apple-converted-space\">  <\/span>voie  <span class=\"Apple-converted-space\">  <\/span>fond\u00e9<span class=\"Apple-converted-space\">  <\/span>\u00e0 la fin du XVe si\u00e8cle, plein de<span class=\"Apple-converted-space\">  <\/span>minuscule<span class=\"Apple-converted-space\">  <\/span>maisons<span class=\"Apple-converted-space\">  <\/span>avec divers<span class=\"Apple-converted-space\">  <\/span>Vous pouvez<span class=\"Apple-converted-space\">  <\/span>voir o\u00f9<span class=\"Apple-converted-space\">  <\/span>Franz Kafka<span class=\"Apple-converted-space\">  <\/span>v\u00e9cu<span class=\"Apple-converted-space\">  <\/span>et<span class=\"Apple-converted-space\">  <\/span>\u00e9crit quelques<span class=\"Apple-converted-space\">  <\/span>de<span class=\"Apple-converted-space\">  <\/span>ses livres et visitez<span class=\"Apple-converted-space\">  <\/span>une tour Daliborka, une ancienne prison avec<span class=\"Apple-converted-space\">  <\/span>son  <span class=\"Apple-converted-space\">  <\/span>expositions sur les tortures m\u00e9di\u00e9vales.<\/p>\n","protected":false},"excerpt":{"rendered":"<p><span class=\"country\">D\u00e9but des cours : 9h00, 12h00 et 15h00<\/span><br \/>\n<span class=\"currency\">Prix : 2500 K\u010d<\/span><br \/>\n<span class=\"time\">Dur\u00e9e : 3 heures environ<\/span><\/p>\n","protected":false},"featured_media":20337,"comment_status":"open","ping_status":"closed","template":"","meta":{"_et_pb_use_builder":"","_et_pb_old_content":"","_et_gb_content_width":""},"product_brand":[],"product_cat":[82],"product_tag":[],"class_list":{"0":"post-20852","1":"product","2":"type-product","3":"status-publish","4":"has-post-thumbnail","6":"product_cat-non-classifiee","8":"first","9":"instock","10":"shipping-taxable","11":"purchasable","12":"product-type-variable"},"aioseo_notices":[],"_links":{"self":[{"href":"https:\/\/novapraguetours.cz\/fr\/wp-json\/wp\/v2\/product\/20852","targetHints":{"allow":["GET"]}}],"collection":[{"href":"https:\/\/novapraguetours.cz\/fr\/wp-json\/wp\/v2\/product"}],"about":[{"href":"https:\/\/novapraguetours.cz\/fr\/wp-json\/wp\/v2\/types\/product"}],"replies":[{"embeddable":true,"href":"https:\/\/novapraguetours.cz\/fr\/wp-json\/wp\/v2\/comments?post=20852"}],"wp:featuredmedia":[{"embeddable":true,"href":"https:\/\/novapraguetours.cz\/fr\/wp-json\/wp\/v2\/media\/20337"}],"wp:attachment":[{"href":"https:\/\/novapraguetours.cz\/fr\/wp-json\/wp\/v2\/media?parent=20852"}],"wp:term":[{"taxonomy":"product_brand","embeddable":true,"href":"https:\/\/novapraguetours.cz\/fr\/wp-json\/wp\/v2\/product_brand?post=20852"},{"taxonomy":"product_cat","embeddable":true,"href":"https:\/\/novapraguetours.cz\/fr\/wp-json\/wp\/v2\/product_cat?post=20852"},{"taxonomy":"product_tag","embeddable":true,"href":"https:\/\/novapraguetours.cz\/fr\/wp-json\/wp\/v2\/product_tag?post=20852"}],"curies":[{"name":"wp","href":"https:\/\/api.w.org\/{rel}","templated":true}]}}