{"id":20835,"date":"2024-03-17T22:08:46","date_gmt":"2024-03-17T21:08:46","guid":{"rendered":"https:\/\/novapraguetours.cz\/product\/1000-ans-dhistoire-soiree-gastronomique\/"},"modified":"2025-03-04T00:23:47","modified_gmt":"2025-03-03T23:23:47","slug":"1000-ans-dhistoire-soiree-gastronomique","status":"publish","type":"product","link":"https:\/\/novapraguetours.cz\/fr\/produit\/1000-ans-dhistoire-soiree-gastronomique\/","title":{"rendered":"1000 ans d&rsquo;histoire : soir\u00e9e gastronomique"},"content":{"rendered":"<p>\u00c9vitez les grandes foules et promenez-vous avec moi dans les charmantes rues \u00e9troites de Prague, tout en d\u00e9gustant certains de nos plats traditionnels les plus d\u00e9licieux, accompagn\u00e9s de ce dont les Tch\u00e8ques sont le plus fiers, une pinte de bonne bi\u00e8re tch\u00e8que.<br \/>\nAu cours de cette visite, nous visiterons quatre lieux diff\u00e9rents et prendrons un repas dans chacun d&rsquo;entre eux. Nous remonterons le temps pour vous pr\u00e9senter plus de 1000 ans d&rsquo;histoire de Prague, nous explorerons certains lieux secrets et nous partagerons avec vous l&rsquo;histoire qui s&rsquo;y rattache.<\/p>\n<p><strong>Dur\u00e9e : <\/strong>4 heures<br \/>\n<strong>Point de rencontre :<\/strong> Nerudova st.31<br \/>\n<strong>Point final :<\/strong> Place Jungmann<br \/>\n<strong>Prix :<\/strong> 3900 K\u010d<br \/>\n<strong>D\u00e9but \u00e0 19 heures<\/strong><br \/>\n<strong>Ce qui est inclus :<\/strong><\/p>\n<ul>\n<li>guide gastronomique priv\u00e9<\/li>\n<li>Repas\/Snacks<\/li>\n<li>Bi\u00e8re\/vin\/boissons non alcoolis\u00e9es<\/li>\n<\/ul>\n<p><strong>A propos de la visite :<\/strong><br \/>\nVous rencontrerez votre guide priv\u00e9 au point de rencontre et marcherez dans les rues charmantes de Prague en \u00e9coutant diff\u00e9rentes histoires et l\u00e9gendes, tout en d\u00e9couvrant des endroits int\u00e9ressants. Vous visiterez quatre endroits diff\u00e9rents : un pour l&rsquo;entr\u00e9e, un pour le repas principal et un pour le dessert et le caf\u00e9 et go\u00fbterez les meilleures glaces de Prague.<br \/>\nVotre guide vous aidera \u00e0 choisir le bon repas et le commandera pour vous. Comme il s&rsquo;agit d&rsquo;une visite priv\u00e9e, nous l&rsquo;adaptons \u00e0 vos besoins et nous nous concentrons sur vos int\u00e9r\u00eats.  Si vous n&rsquo;\u00eates pas \u00e0 l&rsquo;aise avec une marche d&rsquo;environ 1,5 mile, nous pouvons vous proposer des transferts entre les lieux. Nous vous recommandons de ne pas trop manger avant cette excursion car il y a beaucoup de nourriture incluse.<\/p>\n","protected":false},"excerpt":{"rendered":"<p><span class=\"country\">D\u00e9but : 19h00<\/span> <br \/><span class=\"currency\">Prix : 3900 K\u010d<\/span> <br \/><span class=\"time\">Dur\u00e9e : <\/span>4 heures<\/p>\n","protected":false},"featured_media":20253,"comment_status":"open","ping_status":"closed","template":"","meta":{"_et_pb_use_builder":"","_et_pb_old_content":"","_et_gb_content_width":""},"product_brand":[],"product_cat":[82],"product_tag":[],"class_list":{"0":"post-20835","1":"product","2":"type-product","3":"status-publish","4":"has-post-thumbnail","6":"product_cat-non-classifiee","8":"first","9":"instock","10":"shipping-taxable","11":"purchasable","12":"product-type-variable"},"aioseo_notices":[],"_links":{"self":[{"href":"https:\/\/novapraguetours.cz\/fr\/wp-json\/wp\/v2\/product\/20835","targetHints":{"allow":["GET"]}}],"collection":[{"href":"https:\/\/novapraguetours.cz\/fr\/wp-json\/wp\/v2\/product"}],"about":[{"href":"https:\/\/novapraguetours.cz\/fr\/wp-json\/wp\/v2\/types\/product"}],"replies":[{"embeddable":true,"href":"https:\/\/novapraguetours.cz\/fr\/wp-json\/wp\/v2\/comments?post=20835"}],"wp:featuredmedia":[{"embeddable":true,"href":"https:\/\/novapraguetours.cz\/fr\/wp-json\/wp\/v2\/media\/20253"}],"wp:attachment":[{"href":"https:\/\/novapraguetours.cz\/fr\/wp-json\/wp\/v2\/media?parent=20835"}],"wp:term":[{"taxonomy":"product_brand","embeddable":true,"href":"https:\/\/novapraguetours.cz\/fr\/wp-json\/wp\/v2\/product_brand?post=20835"},{"taxonomy":"product_cat","embeddable":true,"href":"https:\/\/novapraguetours.cz\/fr\/wp-json\/wp\/v2\/product_cat?post=20835"},{"taxonomy":"product_tag","embeddable":true,"href":"https:\/\/novapraguetours.cz\/fr\/wp-json\/wp\/v2\/product_tag?post=20835"}],"curies":[{"name":"wp","href":"https:\/\/api.w.org\/{rel}","templated":true}]}}