{"id":20819,"date":"2024-03-17T14:48:38","date_gmt":"2024-03-17T13:48:38","guid":{"rendered":"https:\/\/novapraguetours.cz\/product\/excursion-dune-journee-a-kutna-hora-unesco-avec-dejeuner-tcheque-traditionnel\/"},"modified":"2025-03-04T00:46:36","modified_gmt":"2025-03-03T23:46:36","slug":"excursion-dune-journee-a-kutna-hora-unesco-avec-dejeuner-tcheque-traditionnel","status":"publish","type":"product","link":"https:\/\/novapraguetours.cz\/fr\/produit\/excursion-dune-journee-a-kutna-hora-unesco-avec-dejeuner-tcheque-traditionnel\/","title":{"rendered":"Excursion d&rsquo;une journ\u00e9e \u00e0 Kutn\u00e1 hora (Unesco) avec d\u00e9jeuner tch\u00e8que traditionnel"},"content":{"rendered":"<p>\u00c9vitez la foule de Prague et visitez ce qui fut, dans l&rsquo;histoire, l&rsquo;une des villes les plus importantes du Royaume de Boh\u00eame. Inscrite au patrimoine mondial de l&rsquo;Unesco, elle abrite l&rsquo;une des plus belles \u00e9glises gothiques d&rsquo;Europe centrale, l&rsquo;\u00e9glise Sainte-Barbe, ainsi qu&rsquo;une \u00e9glise unique en son genre, d\u00e9cor\u00e9e de v\u00e9ritables ossements humains. La promenade dans les rues charmantes de ce qui fut la ville la plus riche du royaume de Boh\u00eame gr\u00e2ce \u00e0 ses \u00e9normes ressources en argent au cours des si\u00e8cles, l&rsquo;atmosph\u00e8re m\u00e9di\u00e9vale et la d\u00e9gustation de d\u00e9licieux plats tch\u00e8ques dans un grand restaurant que j&rsquo;ai sp\u00e9cialement choisi pour cette visite. Ce qui vous attend : Vous serez pris en charge \u00e0 votre h\u00f4tel ou \u00e0 un point de rencontre et nous embarquerons pour un trajet d&rsquo;environ une heure \u00e0 travers les villages et les paysages de la r\u00e9gion de Boh\u00eame jusqu&rsquo;\u00e0 Kutn\u00e1 hora. A notre arriv\u00e9e, notre premier arr\u00eat est \u00e0 Sedlec o\u00f9 nous visitons l&rsquo;\u00e9glise de l&rsquo;Assomption de notre Dame et de Saint Jean Baptiste o\u00f9 vous pouvez admirer l&rsquo;\u0153uvre d&rsquo;un g\u00e9nie tch\u00e8que de l&rsquo;architecture baroque Jan Bla\u017eej Santini Aichl. Ensuite, nous nous dirigerons lentement vers ce qui, \u00e0 mon avis, sera le point culminant de cette visite, l&rsquo;\u00e9glise de tous les saints datant du 14e si\u00e8cle, l&rsquo;\u00e9glise des os, d\u00e9cor\u00e9e d&rsquo;ossements humains et d&rsquo;environ 70 000 squelettes \u00e0 l&rsquo;int\u00e9rieur de la chapelle souterraine. La prochaine \u00e9tape sera le centre historique de Kutn\u00e1 hora, o\u00f9 nous d\u00e9jeunerons dans un charmant restaurant (croyez-moi, vous adorerez cet endroit). Nous nous prom\u00e8nerons dans la ville m\u00e9di\u00e9vale o\u00f9 vous sentirez l&rsquo;histoire de cette ville d&rsquo;extraction d&rsquo;argent dans l&rsquo;air, nous passerons devant un coll\u00e8ge j\u00e9suite officiel et nous terminerons par l&rsquo;\u00e9poustouflante \u00e9glise de Sainte-Barbara. Apr\u00e8s quelques achats de souvenirs ou peut-\u00eatre une d\u00e9gustation de vin local, nous retournerons lentement \u00e0 Prague. Cette excursion dure environ 7 heures. Ce qui est inclus : Voiture\/minivan -Guide priv\u00e9 anglophone\/chauffeur -Admissions \u00e0 l&rsquo;\u00e9glise de l&rsquo;Assomption de Notre-Dame, \u00e0 l&rsquo;\u00e9glise des Os et \u00e0 l&rsquo;\u00e9glise de Sainte-Barbara -D\u00e9jeuner<\/p>\n","protected":false},"excerpt":{"rendered":"<p><span class=\"country\">Heure de d\u00e9but : 9 heures<\/span><br \/>\n<span class=\"currency\">Prix : 4800 K\u010d<\/span><br \/>\n<span class=\"time\">Dur\u00e9e : 7 heures<\/span><\/p>\n","protected":false},"featured_media":20327,"comment_status":"open","ping_status":"closed","template":"","meta":{"_et_pb_use_builder":"off","_et_pb_old_content":"\u00c9vitez la foule de Prague et visitez ce qui fut, dans l'histoire, l'une des villes les plus importantes du Royaume de Boh\u00eame. Inscrite au patrimoine mondial de l'Unesco, elle abrite l'une des plus belles \u00e9glises gothiques d'Europe centrale, l'\u00e9glise Sainte-Barbe, ainsi qu'une \u00e9glise unique en son genre, d\u00e9cor\u00e9e de v\u00e9ritables ossements humains. La promenade dans les rues charmantes de ce qui fut la ville la plus riche du royaume de Boh\u00eame gr\u00e2ce \u00e0 ses \u00e9normes ressources en argent au cours des si\u00e8cles, l'atmosph\u00e8re m\u00e9di\u00e9vale et la d\u00e9gustation de d\u00e9licieux plats tch\u00e8ques dans un grand restaurant que j'ai sp\u00e9cialement choisi pour cette visite. Ce qui vous attend : Vous serez pris en charge \u00e0 votre h\u00f4tel ou \u00e0 un point de rencontre et nous embarquerons pour un trajet d'environ une heure \u00e0 travers les villages et les paysages de la r\u00e9gion de Boh\u00eame jusqu'\u00e0 Kutn\u00e1 hora. A notre arriv\u00e9e, notre premier arr\u00eat est \u00e0 Sedlec o\u00f9 nous visitons l'\u00e9glise de l'Assomption de notre Dame et de Saint Jean Baptiste o\u00f9 vous pouvez admirer l'\u0153uvre d'un g\u00e9nie tch\u00e8que de l'architecture baroque Jan Bla\u017eej Santini Aichl. Ensuite, nous nous dirigerons lentement vers ce qui, \u00e0 mon avis, sera le point culminant de cette visite, l'\u00e9glise de tous les saints datant du 14e si\u00e8cle, l'\u00e9glise des os, d\u00e9cor\u00e9e d'ossements humains et d'environ 70 000 squelettes \u00e0 l'int\u00e9rieur de la chapelle souterraine. La prochaine \u00e9tape sera le centre historique de Kutn\u00e1 hora, o\u00f9 nous d\u00e9jeunerons dans un charmant restaurant (croyez-moi, vous adorerez cet endroit). Nous nous prom\u00e8nerons dans la ville m\u00e9di\u00e9vale o\u00f9 vous sentirez l'histoire de cette ville d'extraction d'argent dans l'air, nous passerons devant un coll\u00e8ge j\u00e9suite officiel et nous terminerons par l'\u00e9poustouflante \u00e9glise de Sainte-Barbara. Apr\u00e8s quelques achats de souvenirs ou peut-\u00eatre une d\u00e9gustation de vin local, nous retournerons lentement \u00e0 Prague. Cette excursion dure environ 7 heures. Ce qui est inclus : Voiture\/minivan -Guide priv\u00e9 anglophone\/chauffeur -Admissions \u00e0 l'\u00e9glise de l'Assomption de Notre-Dame, \u00e0 l'\u00e9glise des Os et \u00e0 l'\u00e9glise de Sainte-Barbara -D\u00e9jeuner","_et_gb_content_width":""},"product_brand":[],"product_cat":[82],"product_tag":[],"class_list":{"0":"post-20819","1":"product","2":"type-product","3":"status-publish","4":"has-post-thumbnail","6":"product_cat-non-classifiee","8":"first","9":"instock","10":"shipping-taxable","11":"purchasable","12":"product-type-variable"},"aioseo_notices":[],"_links":{"self":[{"href":"https:\/\/novapraguetours.cz\/fr\/wp-json\/wp\/v2\/product\/20819","targetHints":{"allow":["GET"]}}],"collection":[{"href":"https:\/\/novapraguetours.cz\/fr\/wp-json\/wp\/v2\/product"}],"about":[{"href":"https:\/\/novapraguetours.cz\/fr\/wp-json\/wp\/v2\/types\/product"}],"replies":[{"embeddable":true,"href":"https:\/\/novapraguetours.cz\/fr\/wp-json\/wp\/v2\/comments?post=20819"}],"wp:featuredmedia":[{"embeddable":true,"href":"https:\/\/novapraguetours.cz\/fr\/wp-json\/wp\/v2\/media\/20327"}],"wp:attachment":[{"href":"https:\/\/novapraguetours.cz\/fr\/wp-json\/wp\/v2\/media?parent=20819"}],"wp:term":[{"taxonomy":"product_brand","embeddable":true,"href":"https:\/\/novapraguetours.cz\/fr\/wp-json\/wp\/v2\/product_brand?post=20819"},{"taxonomy":"product_cat","embeddable":true,"href":"https:\/\/novapraguetours.cz\/fr\/wp-json\/wp\/v2\/product_cat?post=20819"},{"taxonomy":"product_tag","embeddable":true,"href":"https:\/\/novapraguetours.cz\/fr\/wp-json\/wp\/v2\/product_tag?post=20819"}],"curies":[{"name":"wp","href":"https:\/\/api.w.org\/{rel}","templated":true}]}}