{"id":21172,"date":"2025-03-04T00:18:14","date_gmt":"2025-03-03T23:18:14","guid":{"rendered":"https:\/\/novapraguetours.cz\/?post_type=product&#038;p=21172"},"modified":"2025-03-04T00:46:44","modified_gmt":"2025-03-03T23:46:44","slug":"visita-privada-al-castillo-de-praga-con-entradas-incluidas-copy","status":"publish","type":"product","link":"https:\/\/novapraguetours.cz\/es\/producto\/visita-privada-al-castillo-de-praga-con-entradas-incluidas-copy\/","title":{"rendered":"Excursi\u00f3n a la famosa cristaler\u00eda de Bohemia"},"content":{"rendered":"<p class=\"p1\">Explora c\u00f3mo se fabrica paso a paso el aut\u00e9ntico cristal checo.<br \/>\nQue te recoja tu gu\u00eda en el lugar de tu estancia en Praga y dir\u00edjanse juntos en un viaje de 40 minutos a Ni\u017ebor. Hogar del famoso cristal tallado moderno hecho a mano. Durante una visita guiada por la f\u00e1brica conocer\u00e1s la historia de una tradici\u00f3n de la que procede la producci\u00f3n de cristal y explorar\u00e1s las distintas fases de fabricaci\u00f3n del mejor cristal checo. Por un precio adicional (aprox:500czk por cortar y 1000czk por soplar) puedes convertirte t\u00fa mismo en soplador \/ cortador de vidrio y bajo la gu\u00eda del maestro soplador \/ cortador puedes intentar crear tu propio producto. Ten en cuenta que el cristal tiene un proceso de enfriamiento de 24 horas, por lo que se te entregar\u00e1 a Praga al d\u00eda siguiente.<\/p>\n<p class=\"p1\"><strong>Duraci\u00f3n:<\/strong> 3,5h ida y vuelta<\/p>\n<p class=\"p1\"><strong>Precio:<\/strong> 2800 czk p.p<\/p>\n<p class=\"p1\"><strong>Hora de inicio:<\/strong> 10 h<\/p>\n<p class=\"p1\"><strong>Qu\u00e9 incluye:<\/strong><\/p>\n<ul>\n<li class=\"p1\">Gu\u00eda\/conductor de habla inglesa<\/li>\n<li class=\"p1\">Transporte en veh\u00edculo privado<\/li>\n<li class=\"p1\">Recogida\/entrega<\/li>\n<li class=\"p1\">Entradas a la cristaler\u00eda<\/li>\n<\/ul>\n","protected":false},"excerpt":{"rendered":"<p><span class=\"country\">Inicio: 10 h<\/span><br \/>\n<span class=\"currency\">Precio: 2800 K\u010d<\/span><br \/>\n<span class=\"time\">Duraci\u00f3n: 3 horas aproximadamente<\/span><\/p>\n","protected":false},"featured_media":21180,"comment_status":"open","ping_status":"closed","template":"","meta":{"_et_pb_use_builder":"","_et_pb_old_content":"","_et_gb_content_width":""},"product_brand":[],"product_cat":[83],"product_tag":[],"class_list":{"0":"post-21172","1":"product","2":"type-product","3":"status-publish","4":"has-post-thumbnail","6":"product_cat-sin-categorizar","8":"first","9":"instock","10":"shipping-taxable","11":"purchasable","12":"product-type-variable"},"aioseo_notices":[],"_links":{"self":[{"href":"https:\/\/novapraguetours.cz\/es\/wp-json\/wp\/v2\/product\/21172","targetHints":{"allow":["GET"]}}],"collection":[{"href":"https:\/\/novapraguetours.cz\/es\/wp-json\/wp\/v2\/product"}],"about":[{"href":"https:\/\/novapraguetours.cz\/es\/wp-json\/wp\/v2\/types\/product"}],"replies":[{"embeddable":true,"href":"https:\/\/novapraguetours.cz\/es\/wp-json\/wp\/v2\/comments?post=21172"}],"wp:featuredmedia":[{"embeddable":true,"href":"https:\/\/novapraguetours.cz\/es\/wp-json\/wp\/v2\/media\/21180"}],"wp:attachment":[{"href":"https:\/\/novapraguetours.cz\/es\/wp-json\/wp\/v2\/media?parent=21172"}],"wp:term":[{"taxonomy":"product_brand","embeddable":true,"href":"https:\/\/novapraguetours.cz\/es\/wp-json\/wp\/v2\/product_brand?post=21172"},{"taxonomy":"product_cat","embeddable":true,"href":"https:\/\/novapraguetours.cz\/es\/wp-json\/wp\/v2\/product_cat?post=21172"},{"taxonomy":"product_tag","embeddable":true,"href":"https:\/\/novapraguetours.cz\/es\/wp-json\/wp\/v2\/product_tag?post=21172"}],"curies":[{"name":"wp","href":"https:\/\/api.w.org\/{rel}","templated":true}]}}