{"id":21132,"date":"2025-03-04T00:14:20","date_gmt":"2025-03-03T23:14:20","guid":{"rendered":"https:\/\/novapraguetours.cz\/?post_type=product&#038;p=21132"},"modified":"2025-03-04T00:46:43","modified_gmt":"2025-03-03T23:46:43","slug":"1000-anos-de-historia-tour-gastronomico-a-pie-copy-copy","status":"publish","type":"product","link":"https:\/\/novapraguetours.cz\/es\/producto\/1000-anos-de-historia-tour-gastronomico-a-pie-copy-copy\/","title":{"rendered":"Excursi\u00f3n de un d\u00eda al castillo de Konopi\u0161t\u011b y a la f\u00e1brica de cerveza Kozel"},"content":{"rendered":"<p>Sigue los pasos de la leyenda austriaca Francisco Fernando y visita uno de los castillos checos m\u00e1s impresionantes con la excursi\u00f3n a la f\u00e1brica de cerveza Kozel y un almuerzo tradicional checo.<br \/>\nTe recoger\u00e1 tu gu\u00eda en el lugar de tu estancia en Praga y, tras 45 minutos de paseo panor\u00e1mico, llegar\u00e1s a Konopi\u0161t\u011b.impresionante castillo, hogar del legendario Francisco Fernando. En la visita guiada al castillo, conocer\u00e1s su historia, admirar\u00e1s su mobiliario, visitar\u00e1s el dormitorio de Francisco y quedar\u00e1s impresionado por su colecci\u00f3n \u00fanica de armer\u00eda, armamento y recuerdos de caza.<br \/>\nDespu\u00e9s de la visita al castillo, a s\u00f3lo 20 minutos se realiza una excursi\u00f3n a la f\u00e1brica de cerveza Kozel. Conocer\u00e1s la historia de una popular cerveza checa, pasar\u00e1s por diferentes etapas de producci\u00f3n y probar\u00e1s la aut\u00e9ntica cerveza Kozel no pasteurizada.<\/p>\n<p><strong>Duraci\u00f3n : <\/strong>7h ida y vuelta<br \/>\n<strong>Precio:<\/strong> 4800 K\u010d<br \/>\n<strong>Comienza a las 9 de la ma\u00f1ana<\/strong><br \/>\n<strong>Qu\u00e9 incluye:<\/strong><\/p>\n<ul>\n<li>Gu\u00eda\/conductor de habla inglesa<\/li>\n<li>Transporte en veh\u00edculo privado<\/li>\n<li>Entradas al castillo y a la f\u00e1brica de cerveza<\/li>\n<li>Almuerzo tradicional checo.<\/li>\n<\/ul>\n","protected":false},"excerpt":{"rendered":"<p><strong>Duraci\u00f3n : <\/strong>7h ida y vuelta<br \/>\n<strong>Precio:<\/strong> 4800 K\u010d<br \/>\n<strong>Salida a las 9h<\/strong><\/p>\n","protected":false},"featured_media":21140,"comment_status":"open","ping_status":"closed","template":"","meta":{"_et_pb_use_builder":"","_et_pb_old_content":"","_et_gb_content_width":""},"product_brand":[],"product_cat":[83],"product_tag":[],"class_list":{"0":"post-21132","1":"product","2":"type-product","3":"status-publish","4":"has-post-thumbnail","6":"product_cat-sin-categorizar","8":"first","9":"instock","10":"shipping-taxable","11":"purchasable","12":"product-type-variable"},"aioseo_notices":[],"_links":{"self":[{"href":"https:\/\/novapraguetours.cz\/es\/wp-json\/wp\/v2\/product\/21132","targetHints":{"allow":["GET"]}}],"collection":[{"href":"https:\/\/novapraguetours.cz\/es\/wp-json\/wp\/v2\/product"}],"about":[{"href":"https:\/\/novapraguetours.cz\/es\/wp-json\/wp\/v2\/types\/product"}],"replies":[{"embeddable":true,"href":"https:\/\/novapraguetours.cz\/es\/wp-json\/wp\/v2\/comments?post=21132"}],"wp:featuredmedia":[{"embeddable":true,"href":"https:\/\/novapraguetours.cz\/es\/wp-json\/wp\/v2\/media\/21140"}],"wp:attachment":[{"href":"https:\/\/novapraguetours.cz\/es\/wp-json\/wp\/v2\/media?parent=21132"}],"wp:term":[{"taxonomy":"product_brand","embeddable":true,"href":"https:\/\/novapraguetours.cz\/es\/wp-json\/wp\/v2\/product_brand?post=21132"},{"taxonomy":"product_cat","embeddable":true,"href":"https:\/\/novapraguetours.cz\/es\/wp-json\/wp\/v2\/product_cat?post=21132"},{"taxonomy":"product_tag","embeddable":true,"href":"https:\/\/novapraguetours.cz\/es\/wp-json\/wp\/v2\/product_tag?post=21132"}],"curies":[{"name":"wp","href":"https:\/\/api.w.org\/{rel}","templated":true}]}}