{"id":21092,"date":"2025-03-04T00:07:46","date_gmt":"2025-03-03T23:07:46","guid":{"rendered":"https:\/\/novapraguetours.cz\/?post_type=product&#038;p=21092"},"modified":"2025-03-04T00:46:41","modified_gmt":"2025-03-03T23:46:41","slug":"1000-anos-de-historia-tour-gastronomico-a-pie-copy","status":"publish","type":"product","link":"https:\/\/novapraguetours.cz\/es\/producto\/1000-anos-de-historia-tour-gastronomico-a-pie-copy\/","title":{"rendered":"Excursi\u00f3n de un d\u00eda a Karlovy Vary"},"content":{"rendered":"<p>Karlovy Vary fue fundada en el siglo XIV por el rey checo y emperador del Sacro Imperio Romano Germ\u00e1nico Carlos IV, al encontrar por casualidad numerosas fuentes termales esparcidas por toda la zona, que enseguida se convirtieron en un complejo termal real visitado por algunos de los personajes m\u00e1s poderosos y famosos de toda Europa. La ciudad cuenta con 81 fuentes termales de agua mineral diferentes. En esta excursi\u00f3n de un d\u00eda desde Praga, el gu\u00eda te recoger\u00e1 en el lugar donde te alojes y, tras 1,5 h aproximadamente, llegar\u00e1s a la ciudad termal m\u00e1s popular de la Rep\u00fablica Checa. Durante una visita guiada a pie por el centro hist\u00f3rico, podr\u00e1s probar 15 fuentes termales de agua mineral diferentes, famosas por sus beneficios para la salud, pasear por el lugar donde se rod\u00f3 la famosa pel\u00edcula de James Bond y visitar el famoso museo checo del licor de hierbas (Becherovka).  <\/p>\n<p>Un funicular te llevar\u00e1 desde el centro de la ciudad hasta uno de los puntos m\u00e1s altos para que te tomes un peque\u00f1o descanso y admires las impresionantes vistas de la ciudad. Antes de regresar a Praga, tendr\u00e1s tiempo libre para comprar recuerdos. <\/p>\n<p><strong>Duraci\u00f3n : <\/strong>7h ida y vuelta<br \/>\n<strong>Precio:<\/strong> 4800 K\u010d<br \/>\n<strong>Comienza a las 9 de la ma\u00f1ana<\/strong><br \/>\n<strong>Qu\u00e9 incluye:<\/strong><\/p>\n<ul>\n<li>Gu\u00eda\/conductor de habla inglesa<\/li>\n<li>transporte en veh\u00edculo privado<\/li>\n<li>Entradas al museo Jan Becher<\/li>\n<li>Billetes de funicular<\/li>\n<\/ul>\n","protected":false},"excerpt":{"rendered":"<p><strong>Duraci\u00f3n : <\/strong>7h ida y vuelta<br \/>\n<strong>Precio:<\/strong> 4800 K\u010d<br \/>\n<strong>Salida a las 9h<\/strong><\/p>\n","protected":false},"featured_media":21109,"comment_status":"open","ping_status":"closed","template":"","meta":{"_et_pb_use_builder":"","_et_pb_old_content":"","_et_gb_content_width":""},"product_brand":[],"product_cat":[83],"product_tag":[],"class_list":{"0":"post-21092","1":"product","2":"type-product","3":"status-publish","4":"has-post-thumbnail","6":"product_cat-sin-categorizar","8":"first","9":"instock","10":"shipping-taxable","11":"purchasable","12":"product-type-variable"},"aioseo_notices":[],"_links":{"self":[{"href":"https:\/\/novapraguetours.cz\/es\/wp-json\/wp\/v2\/product\/21092","targetHints":{"allow":["GET"]}}],"collection":[{"href":"https:\/\/novapraguetours.cz\/es\/wp-json\/wp\/v2\/product"}],"about":[{"href":"https:\/\/novapraguetours.cz\/es\/wp-json\/wp\/v2\/types\/product"}],"replies":[{"embeddable":true,"href":"https:\/\/novapraguetours.cz\/es\/wp-json\/wp\/v2\/comments?post=21092"}],"wp:featuredmedia":[{"embeddable":true,"href":"https:\/\/novapraguetours.cz\/es\/wp-json\/wp\/v2\/media\/21109"}],"wp:attachment":[{"href":"https:\/\/novapraguetours.cz\/es\/wp-json\/wp\/v2\/media?parent=21092"}],"wp:term":[{"taxonomy":"product_brand","embeddable":true,"href":"https:\/\/novapraguetours.cz\/es\/wp-json\/wp\/v2\/product_brand?post=21092"},{"taxonomy":"product_cat","embeddable":true,"href":"https:\/\/novapraguetours.cz\/es\/wp-json\/wp\/v2\/product_cat?post=21092"},{"taxonomy":"product_tag","embeddable":true,"href":"https:\/\/novapraguetours.cz\/es\/wp-json\/wp\/v2\/product_tag?post=21092"}],"curies":[{"name":"wp","href":"https:\/\/api.w.org\/{rel}","templated":true}]}}