{"id":20917,"date":"2024-03-17T21:51:54","date_gmt":"2024-03-17T20:51:54","guid":{"rendered":"https:\/\/novapraguetours.cz\/product\/paseo-nocturno-por-praga-con-copa-de-bienvenida\/"},"modified":"2025-03-04T00:46:38","modified_gmt":"2025-03-03T23:46:38","slug":"paseo-nocturno-por-praga-con-copa-de-bienvenida","status":"publish","type":"product","link":"https:\/\/novapraguetours.cz\/es\/producto\/paseo-nocturno-por-praga-con-copa-de-bienvenida\/","title":{"rendered":"Paseo nocturno por Praga con copa de bienvenida"},"content":{"rendered":"<p class=\"p1\">Comenzando por encima del castillo de Praga, evitando las multitudes, explorando las estrechas calles, viendo la puesta de sol sobre los tejados de Praga mientras escucha incre\u00edbles hechos de la historia checa, leyendas y compartiendo c\u00f3mo es la vida en Praga hoy en d\u00eda. Descubrir lugares impresionantes y admirar diferentes tipos de arquitectura de edificios construidos a lo largo de los siglos. Este tour es perfecto para su primer d\u00eda en Praga, mostr\u00e1ndole los lugares m\u00e1s importantes como el Castillo de Praga, la ciudad de Leisser, la iglesia de San Nicol\u00e1s, el Puente de Carlos, la Plaza de la Ciudad Vieja con su Reloj Astron\u00f3mico, as\u00ed como los lugares secretos que ni siquiera muchos lugare\u00f1os conocen. Al tratarse de un recorrido semiprivado, incluye un n\u00famero limitado de invitados y podemos adaptarlo a sus necesidades y centrarlo en sus intereses.<\/p>\n<p class=\"p1\">Si eres amante de la cerveza, el vino o el c\u00f3ctel, disfrutar\u00e1s de un descanso tomando una copa de bienvenida<span class=\"Apple-converted-space\">  <\/span>en uno de nuestros lugares favoritos de Praga.<span class=\"Apple-converted-space\"> <\/span><\/p>\n<p class=\"p1\"><strong>Duraci\u00f3n:<\/strong> 3,5 horas<span class=\"Apple-converted-space\"> <\/span><\/p>\n<p class=\"p1\"><strong>Precio:<\/strong> 89 euros<\/p>\n<p class=\"p1\"><strong>Qu\u00e9 incluye:<\/strong><\/p>\n<ul>\n<li class=\"p1\">Gu\u00eda local privado<\/li>\n<li class=\"p1\">Cerveza\/vino\/cocteler\u00eda<span class=\"Apple-converted-space\"> <\/span><\/li>\n<\/ul>\n<p class=\"p1\"><strong>Punto de partida:<\/strong> estaci\u00f3n de tranv\u00eda &#8211; Poho\u0159elec<span class=\"Apple-converted-space\"> <\/span><\/p>\n<p class=\"p1\"><strong>Fin<span class=\"Apple-converted-space\"> <\/span>punto:<\/strong> Plaza del casco antiguo<span class=\"Apple-converted-space\"> <\/span><\/p>\n<p class=\"p1\"><strong>Hora de inicio:<\/strong> 19.00 horas<\/p>\n<p class=\"p1\"><strong>Opciones de idiomas:<\/strong> ingl\u00e9s\/espa\u00f1ol\/franc\u00e9s\/\u00e1rabe (para el \u00e1rabe, consulte las disponibilidades antes de reservar)<\/p>\n<p class=\"p1\"><strong>Sobre la gira:<\/strong><\/p>\n<p class=\"p1\">Se reunir\u00e1 con su gu\u00eda privado en el tranv\u00eda<span class=\"Apple-converted-space\">  <\/span>estaci\u00f3n Poho\u0159elec, que<span class=\"Apple-converted-space\">  <\/span>es<span class=\"Apple-converted-space\">  <\/span>2 paradas de tranv\u00eda detr\u00e1s de Praga<span class=\"Apple-converted-space\">  <\/span>castillo<span class=\"Apple-converted-space\">  <\/span>y<span class=\"Apple-converted-space\">  <\/span>entonces<span class=\"Apple-converted-space\">  <\/span>usted<span class=\"Apple-converted-space\">  <\/span>caminar<span class=\"Apple-converted-space\">  <\/span>juntos en un l\u00edo<span class=\"Apple-converted-space\">  <\/span>gratis<span class=\"Apple-converted-space\">  <\/span>paso por la cuarta ciudad m\u00e1s antigua de Praga, pasando por el castillo de Praga, bajando por la<span class=\"Apple-converted-space\">  <\/span>Calle Nerudova<span class=\"Apple-converted-space\">  <\/span>a la ciudad de leisser al otro lado del<span class=\"Apple-converted-space\">  <\/span>Puente de Carlos a trav\u00e9s de la ciudad jud\u00eda<span class=\"Apple-converted-space\">  <\/span>a la plaza Oldtown. Explic\u00e1ndole<span class=\"Apple-converted-space\">  <\/span>el<span class=\"Apple-converted-space\">  <\/span>historia y<span class=\"Apple-converted-space\">  <\/span>funci\u00f3n de<span class=\"Apple-converted-space\">  <\/span>Reloj astron\u00f3mico. Su<span class=\"Apple-converted-space\">  <\/span>gu\u00eda se\u00f1alar\u00e1 algunos<span class=\"Apple-converted-space\">  <\/span>cosas muy interesantes as\u00ed como Mostrarte<span class=\"Apple-converted-space\">  <\/span>algunas zonas misteriosas de Praga y<span class=\"Apple-converted-space\">  <\/span>toma<span class=\"Apple-converted-space\">  <\/span>usted<span class=\"Apple-converted-space\">  <\/span>a<span class=\"Apple-converted-space\">  <\/span>su<span class=\"Apple-converted-space\">  <\/span>lugar favorito<span class=\"Apple-converted-space\">  <\/span>para<span class=\"Apple-converted-space\">  <\/span>beber introduciendo nuestro<span class=\"Apple-converted-space\">  <\/span>cerveza\/vino<span class=\"Apple-converted-space\">  <\/span>cultura.<\/p>\n<p class=\"p1\">En<span class=\"Apple-converted-space\">  <\/span>visita<span class=\"Apple-converted-space\">  <\/span>se<span class=\"Apple-converted-space\">  <\/span>acabado<span class=\"Apple-converted-space\">  <\/span>en<span class=\"Apple-converted-space\">  <\/span>el<span class=\"Apple-converted-space\">  <\/span>plaza del casco antiguo o su<span class=\"Apple-converted-space\">  <\/span>proximidad. Por favor,<span class=\"Apple-converted-space\">  <\/span>nota, que<span class=\"Apple-converted-space\">  <\/span>en<span class=\"Apple-converted-space\">  <\/span>este<span class=\"Apple-converted-space\">  <\/span>visita<span class=\"Apple-converted-space\">  <\/span>nosotros<span class=\"Apple-converted-space\">  <\/span>no<span class=\"Apple-converted-space\">  <\/span>visite<span class=\"Apple-converted-space\">  <\/span>el<span class=\"Apple-converted-space\">  <\/span>interior de<span class=\"Apple-converted-space\">  <\/span>el<span class=\"Apple-converted-space\">  <\/span>Lugares como iglesias etc&#8230;ya que esto es<span class=\"Apple-converted-space\">  <\/span>una visita nocturna a pie y<span class=\"Apple-converted-space\">  <\/span>ellos<span class=\"Apple-converted-space\">  <\/span>son<span class=\"Apple-converted-space\">  <\/span>ya cerrado<\/p>\n","protected":false},"excerpt":{"rendered":"<p><span class=\"country\">Hora de inicio: 9 h<\/span><br \/>\n<span class=\"currency\">Precio: 2200 K\u010d<\/span><br \/>\n<span class=\"time\">Duraci\u00f3n: 3,5<\/span> horas<\/p>\n","protected":false},"featured_media":20252,"comment_status":"open","ping_status":"closed","template":"","meta":{"_et_pb_use_builder":"","_et_pb_old_content":"","_et_gb_content_width":""},"product_brand":[],"product_cat":[83],"product_tag":[],"class_list":{"0":"post-20917","1":"product","2":"type-product","3":"status-publish","4":"has-post-thumbnail","6":"product_cat-sin-categorizar","8":"first","9":"instock","10":"shipping-taxable","11":"purchasable","12":"product-type-variable"},"aioseo_notices":[],"_links":{"self":[{"href":"https:\/\/novapraguetours.cz\/es\/wp-json\/wp\/v2\/product\/20917","targetHints":{"allow":["GET"]}}],"collection":[{"href":"https:\/\/novapraguetours.cz\/es\/wp-json\/wp\/v2\/product"}],"about":[{"href":"https:\/\/novapraguetours.cz\/es\/wp-json\/wp\/v2\/types\/product"}],"replies":[{"embeddable":true,"href":"https:\/\/novapraguetours.cz\/es\/wp-json\/wp\/v2\/comments?post=20917"}],"wp:featuredmedia":[{"embeddable":true,"href":"https:\/\/novapraguetours.cz\/es\/wp-json\/wp\/v2\/media\/20252"}],"wp:attachment":[{"href":"https:\/\/novapraguetours.cz\/es\/wp-json\/wp\/v2\/media?parent=20917"}],"wp:term":[{"taxonomy":"product_brand","embeddable":true,"href":"https:\/\/novapraguetours.cz\/es\/wp-json\/wp\/v2\/product_brand?post=20917"},{"taxonomy":"product_cat","embeddable":true,"href":"https:\/\/novapraguetours.cz\/es\/wp-json\/wp\/v2\/product_cat?post=20917"},{"taxonomy":"product_tag","embeddable":true,"href":"https:\/\/novapraguetours.cz\/es\/wp-json\/wp\/v2\/product_tag?post=20917"}],"curies":[{"name":"wp","href":"https:\/\/api.w.org\/{rel}","templated":true}]}}