{"id":20837,"date":"2024-03-17T21:43:23","date_gmt":"2024-03-17T20:43:23","guid":{"rendered":"https:\/\/novapraguetours.cz\/product\/excursion-privada-de-un-dia-a-cesky-krumlov-con-almuerzo-tradicional-checo\/"},"modified":"2025-03-04T00:46:38","modified_gmt":"2025-03-03T23:46:38","slug":"excursion-privada-de-un-dia-a-cesky-krumlov-con-almuerzo-tradicional-checo","status":"publish","type":"product","link":"https:\/\/novapraguetours.cz\/es\/producto\/excursion-privada-de-un-dia-a-cesky-krumlov-con-almuerzo-tradicional-checo\/","title":{"rendered":"Excursi\u00f3n privada de un d\u00eda a \u010cesk\u00fd Krumlov con almuerzo tradicional checo"},"content":{"rendered":"<p class=\"p1\">A dos horas y media<span class=\"Apple-converted-space\">  <\/span>de Praga<span class=\"Apple-converted-space\">  <\/span>en el sur de Bohemia<span class=\"Apple-converted-space\">  <\/span>se encuentra<span class=\"Apple-converted-space\">  <\/span>una ciudad de cuento de hadas atravesada<span class=\"Apple-converted-space\">  <\/span>por el r\u00edo Moldava<span class=\"Apple-converted-space\">  <\/span><span class=\"Apple-converted-space\">  <\/span> y dominada por su castillo del siglo XIII<span class=\"Apple-converted-space\">  <\/span>&#8211; \u010cesk\u00fd Krumlov.<\/p>\n<p class=\"p1\">En<span class=\"Apple-converted-space\">  <\/span>segunda m\u00e1s grande<span class=\"Apple-converted-space\">  <\/span>complejo de castillos con<span class=\"Apple-converted-space\">  <\/span>su<span class=\"Apple-converted-space\">  <\/span>elementos g\u00f3ticos, renacentistas y barrocos,<span class=\"Apple-converted-space\">  <\/span>las vistas panor\u00e1micas del casco antiguo desde lo alto de su campanario redondo.Una ciudad que<span class=\"Apple-converted-space\">  <\/span>fue por m\u00e1s de<span class=\"Apple-converted-space\">  <\/span>400 a\u00f1os utilizado como asiento<span class=\"Apple-converted-space\">  <\/span>de cuatro<span class=\"Apple-converted-space\">  <\/span>poderosas familias nobles que<span class=\"Apple-converted-space\">  <\/span>cada<span class=\"Apple-converted-space\">  <\/span>de ellos<span class=\"Apple-converted-space\">  <\/span>izquierda<span class=\"Apple-converted-space\">  <\/span>un<span class=\"Apple-converted-space\">  <\/span>arquitectura para admirar.<span class=\"Apple-converted-space\">  <\/span>ciudad<span class=\"Apple-converted-space\">  <\/span>parecen ser<span class=\"Apple-converted-space\">  <\/span>muy<span class=\"Apple-converted-space\">  <\/span>lejos<span class=\"Apple-converted-space\">  <\/span>a<span class=\"Apple-converted-space\">  <\/span>llegar a<span class=\"Apple-converted-space\">  <\/span>de<span class=\"Apple-converted-space\">  <\/span>Praga, merece absolutamente la pena y<span class=\"Apple-converted-space\">  <\/span>it<span class=\"Apple-converted-space\">  <\/span>probablemente<span class=\"Apple-converted-space\">  <\/span>sea<span class=\"Apple-converted-space\">  <\/span>el<span class=\"Apple-converted-space\">  <\/span>ciudad medieval m\u00e1s bonita que<span class=\"Apple-converted-space\">  <\/span>jam\u00e1s<span class=\"Apple-converted-space\">  <\/span>ver.<\/p>\n<p class=\"p1\"><strong>Duraci\u00f3n:<\/strong> 9 horas aproximadamente<span class=\"Apple-converted-space\"> <\/span><\/p>\n<p class=\"p1\"><strong>Precio:<\/strong> 7250 K\u010d pp<\/p>\n<p class=\"p1\"><strong>Qu\u00e9 incluye:<\/strong><\/p>\n<ul>\n<li class=\"p1\">Coche\/furgoneta<\/li>\n<li class=\"p1\">gu\u00eda\/conductor privado<\/li>\n<li class=\"p1\">entradas al castillo de \u010cesk\u00fd Krumlov<\/li>\n<li class=\"p1\">Agua embotellada<span class=\"Apple-converted-space\">  <\/span>on bord<\/li>\n<li class=\"p1\">almuerzo<\/li>\n<\/ul>\n<p class=\"p1\">Acerca de la<span class=\"Apple-converted-space\">  <\/span>gira: Usted<span class=\"Apple-converted-space\">  <\/span>ser recogido<span class=\"Apple-converted-space\">  <\/span>por<span class=\"Apple-converted-space\">  <\/span>su gu\u00eda\/conductor privado<span class=\"Apple-converted-space\">  <\/span>en<span class=\"Apple-converted-space\">  <\/span>el<span class=\"Apple-converted-space\">  <\/span>lugar<span class=\"Apple-converted-space\">  <\/span>de<span class=\"Apple-converted-space\">  <\/span>su estancia en Praga<span class=\"Apple-converted-space\">  <\/span>y<span class=\"Apple-converted-space\">  <\/span>cabeza para<span class=\"Apple-converted-space\">  <\/span>2,5 horas de viaje panor\u00e1mico a lo que creo<span class=\"Apple-converted-space\">  <\/span>es una<span class=\"Apple-converted-space\">  <\/span>de la<span class=\"Apple-converted-space\">  <\/span>Regiones m\u00e1s bonitas<span class=\"Apple-converted-space\">  <\/span>en<span class=\"Apple-converted-space\">  <\/span>este<span class=\"Apple-converted-space\">  <\/span>pa\u00eds, Bohemia del Sur. En<span class=\"Apple-converted-space\">  <\/span>tu llegada<span class=\"Apple-converted-space\">  <\/span>usted<span class=\"Apple-converted-space\">  <\/span>caminar\u00e1 a trav\u00e9s de una madera<span class=\"Apple-converted-space\">  <\/span>puente<span class=\"Apple-converted-space\">  <\/span>a<span class=\"Apple-converted-space\">  <\/span>el  <span class=\"Apple-converted-space\">  <\/span>\u010cesk\u00fd Krumlovs antiguo<span class=\"Apple-converted-space\">  <\/span>ciudad, una<span class=\"Apple-converted-space\">  <\/span>de<span class=\"Apple-converted-space\">  <\/span>el<span class=\"Apple-converted-space\">  <\/span>mejor conservado<span class=\"Apple-converted-space\">  <\/span>ciudades medievales del<span class=\"Apple-converted-space\">  <\/span>mundo con<span class=\"Apple-converted-space\">  <\/span>unas encantadoras calles adoquinadas<span class=\"Apple-converted-space\">  <\/span>lleno de viejos<span class=\"Apple-converted-space\">  <\/span>talleres de un d\u00eda.<span class=\"Apple-converted-space\">  <\/span>ser\u00e1<span class=\"Apple-converted-space\">  <\/span>fascinado<span class=\"Apple-converted-space\">  <\/span>por el<span class=\"Apple-converted-space\">  <\/span>escenario de m\u00e1s<span class=\"Apple-converted-space\">  <\/span>m\u00e1s de 300 casas hist\u00f3ricas y<span class=\"Apple-converted-space\">  <\/span>por muchos<span class=\"Apple-converted-space\">  <\/span>leyendas que son<span class=\"Apple-converted-space\">  <\/span>relacionado con esto<span class=\"Apple-converted-space\">  <\/span>ciudad medieval.<span class=\"Apple-converted-space\">  <\/span>arriba<span class=\"Apple-converted-space\">  <\/span>el<span class=\"Apple-converted-space\">  <\/span>colina conduce a<span class=\"Apple-converted-space\">  <\/span>\u010cesk\u00fd Krumlov<span class=\"Apple-converted-space\">  <\/span>Castillo, donde<span class=\"Apple-converted-space\">  <\/span>se<span class=\"Apple-converted-space\">  <\/span>\u00fanase a<span class=\"Apple-converted-space\">  <\/span>un grupo durante una hora<span class=\"Apple-converted-space\">  <\/span>visita<span class=\"Apple-converted-space\">  <\/span>de<span class=\"Apple-converted-space\">  <\/span>el interior<span class=\"Apple-converted-space\">  <\/span>de<span class=\"Apple-converted-space\">  <\/span>un<span class=\"Apple-converted-space\">  <\/span>de la<span class=\"Apple-converted-space\">  <\/span>palacios. Despu\u00e9s del<span class=\"Apple-converted-space\">  <\/span>visita<span class=\"Apple-converted-space\">  <\/span>usted<span class=\"Apple-converted-space\">  <\/span>puede<span class=\"Apple-converted-space\">  <\/span>visite<span class=\"Apple-converted-space\">  <\/span>el<span class=\"Apple-converted-space\">  <\/span>jardines<span class=\"Apple-converted-space\">  <\/span>y<span class=\"Apple-converted-space\">  <\/span>disfrutar de impresionantes vistas panor\u00e1micas de<span class=\"Apple-converted-space\">  <\/span>el<span class=\"Apple-converted-space\">  <\/span>tejados del<span class=\"Apple-converted-space\">  <\/span>casco antiguo. En<span class=\"Apple-converted-space\">  <\/span>degustando parte del delicioso almuerzo checo que<span class=\"Apple-converted-space\">  <\/span>recibir\u00e1<span class=\"Apple-converted-space\">  <\/span>un tiempo libre<span class=\"Apple-converted-space\">  <\/span>de<span class=\"Apple-converted-space\">  <\/span>su<span class=\"Apple-converted-space\">  <\/span>deseo<span class=\"Apple-converted-space\">  <\/span>a<span class=\"Apple-converted-space\">  <\/span>visite<span class=\"Apple-converted-space\">  <\/span>algunos<span class=\"Apple-converted-space\">  <\/span>comprar recuerdos o simplemente<span class=\"Apple-converted-space\">  <\/span>a<span class=\"Apple-converted-space\">  <\/span>relajarse disfrutando de un caf\u00e9 a la orilla del r\u00edo y haciendo la<span class=\"Apple-converted-space\">  <\/span>m\u00e1s<span class=\"Apple-converted-space\">  <\/span>de tu d\u00eda<span class=\"Apple-converted-space\">  <\/span>en<span class=\"Apple-converted-space\">  <\/span>\u010cesk\u00fd Krumlov.<\/p>\n","protected":false},"excerpt":{"rendered":"<p><span class=\"country\">Hora de inicio: 8:30<\/span><br \/>\n<span class=\"currency\">Precio: 290 \u20ac \/ pp<\/span><br \/>\n<span class=\"time\">Duraci\u00f3n: aproximadamente 9 horas<\/span><\/p>\n","protected":false},"featured_media":20262,"comment_status":"open","ping_status":"closed","template":"","meta":{"_et_pb_use_builder":"","_et_pb_old_content":"","_et_gb_content_width":""},"product_brand":[],"product_cat":[83],"product_tag":[],"class_list":{"0":"post-20837","1":"product","2":"type-product","3":"status-publish","4":"has-post-thumbnail","6":"product_cat-sin-categorizar","8":"first","9":"instock","10":"shipping-taxable","11":"purchasable","12":"product-type-variable"},"aioseo_notices":[],"_links":{"self":[{"href":"https:\/\/novapraguetours.cz\/es\/wp-json\/wp\/v2\/product\/20837","targetHints":{"allow":["GET"]}}],"collection":[{"href":"https:\/\/novapraguetours.cz\/es\/wp-json\/wp\/v2\/product"}],"about":[{"href":"https:\/\/novapraguetours.cz\/es\/wp-json\/wp\/v2\/types\/product"}],"replies":[{"embeddable":true,"href":"https:\/\/novapraguetours.cz\/es\/wp-json\/wp\/v2\/comments?post=20837"}],"wp:featuredmedia":[{"embeddable":true,"href":"https:\/\/novapraguetours.cz\/es\/wp-json\/wp\/v2\/media\/20262"}],"wp:attachment":[{"href":"https:\/\/novapraguetours.cz\/es\/wp-json\/wp\/v2\/media?parent=20837"}],"wp:term":[{"taxonomy":"product_brand","embeddable":true,"href":"https:\/\/novapraguetours.cz\/es\/wp-json\/wp\/v2\/product_brand?post=20837"},{"taxonomy":"product_cat","embeddable":true,"href":"https:\/\/novapraguetours.cz\/es\/wp-json\/wp\/v2\/product_cat?post=20837"},{"taxonomy":"product_tag","embeddable":true,"href":"https:\/\/novapraguetours.cz\/es\/wp-json\/wp\/v2\/product_tag?post=20837"}],"curies":[{"name":"wp","href":"https:\/\/api.w.org\/{rel}","templated":true}]}}