{"id":20836,"date":"2024-03-17T22:02:21","date_gmt":"2024-03-17T21:02:21","guid":{"rendered":"https:\/\/novapraguetours.cz\/product\/visita-privada-al-castillo-de-praga-con-entradas\/"},"modified":"2025-03-04T00:46:40","modified_gmt":"2025-03-03T23:46:40","slug":"visita-privada-al-castillo-de-praga-con-entradas","status":"publish","type":"product","link":"https:\/\/novapraguetours.cz\/es\/producto\/visita-privada-al-castillo-de-praga-con-entradas\/","title":{"rendered":"Visita privada al castillo de Praga con entradas"},"content":{"rendered":"<p class=\"p1\">Explora a tu ritmo el mayor complejo de castillos del mundo con tu gu\u00eda local privado, que te explicar\u00e1 m\u00e1s de 1000 a\u00f1os de historia y algunas leyendas relacionadas con este lugar m\u00e1gico y te mostrar\u00e1 las entra\u00f1as de la catedral de San Vito, donde fueron coronados los reyes de Bohemia, te llevar\u00e1 al antiguo palacio real, a la callejuela dorada, a la bas\u00edlica de San Jorge<span class=\"Apple-converted-space\">  <\/span>y a la torre Daliborka, la<span class=\"Apple-converted-space\">  <\/span>antigua prisi\u00f3n de la fortaleza medieval.<span class=\"Apple-converted-space\"> <\/span><\/p>\n<p class=\"p1\"><strong>Duraci\u00f3n:<\/strong> 3 horas aproximadamente<span class=\"Apple-converted-space\"> <\/span><\/p>\n<p class=\"p1\"><strong>Precio:<\/strong> <span class=\"currency\">2500 K\u010d<\/span> pp<\/p>\n<p class=\"p1\"><strong>Hora de inicio:<\/strong> 9.00, 12.00 y 15.00 horas<\/p>\n<p class=\"p1\"><strong>Qu\u00e9 incluye:<\/strong><\/p>\n<ul>\n<li class=\"p1\">Gu\u00eda local privado<\/li>\n<li class=\"p1\">entradas al castillo de Praga<span class=\"Apple-converted-space\"> <\/span><\/li>\n<\/ul>\n<p class=\"p1\"><strong>Opciones ling\u00fc\u00edsticas:<\/strong> Ingl\u00e9s\/espa\u00f1ol\/franc\u00e9s\/\u00e1rabe<span class=\"Apple-converted-space\"> <\/span><\/p>\n<p class=\"p1\"><strong>Sobre la gira:<\/strong><\/p>\n<p class=\"p1\">Su gu\u00eda privado le esperar\u00e1 en la entrada principal del complejo del castillo con las entradas ya compradas y le llevar\u00e1 al interior del castillo de Praga fundado en el siglo IX como un<span class=\"Apple-converted-space\">  <\/span>asentamiento fortificado de madera que, con el paso de los siglos, se convirti\u00f3 en el complejo de castillos m\u00e1s grande del mundo. Cuna de varios reyes checos y dos emperadores del Sacro Imperio Romano Germ\u00e1nico que<span class=\"Apple-converted-space\">  <\/span>desde<span class=\"Apple-converted-space\">  <\/span>1918 se convirti\u00f3 en un<span class=\"Apple-converted-space\">  <\/span>sede oficial de los presidentes checos .,Usted<span class=\"Apple-converted-space\">  <\/span>se<span class=\"Apple-converted-space\">  <\/span>Visite la catedral de San Vito y d\u00e9jese sorprender por<span class=\"Apple-converted-space\">  <\/span>Capilla de San Wenceslao, una tumba<span class=\"Apple-converted-space\">  <\/span>de<span class=\"Apple-converted-space\">    <\/span>Juan de Nepomuceno hizo<span class=\"Apple-converted-space\">  <\/span>de<span class=\"Apple-converted-space\">  <\/span>200 kilos de plata como<span class=\"Apple-converted-space\">  <\/span>bien<span class=\"Apple-converted-space\">  <\/span>como<span class=\"Apple-converted-space\">  <\/span>precioso manchado<span class=\"Apple-converted-space\">  <\/span>cristal en<span class=\"Apple-converted-space\">  <\/span>una iglesia Ventanas hechas<span class=\"Apple-converted-space\">  <\/span>por<span class=\"Apple-converted-space\">  <\/span>un n\u00famero<span class=\"Apple-converted-space\">  <\/span>de<span class=\"Apple-converted-space\">  <\/span>checo famoso<span class=\"Apple-converted-space\">  <\/span>Artistas.<span class=\"Apple-converted-space\">  <\/span>a trav\u00e9s de<span class=\"Apple-converted-space\">  <\/span>el<span class=\"Apple-converted-space\">  <\/span>diferentes salas de<span class=\"Apple-converted-space\">  <\/span>Antiguo palacio real, donde<span class=\"Apple-converted-space\">  <\/span>puede<span class=\"Apple-converted-space\">  <\/span>ver una r\u00e9plica<span class=\"Apple-converted-space\">  <\/span>de<span class=\"Apple-converted-space\">  <\/span>el<span class=\"Apple-converted-space\">  <\/span>joyas de la corona y visitar<span class=\"Apple-converted-space\">  <\/span>dorado<span class=\"Apple-converted-space\">  <\/span>carril  <span class=\"Apple-converted-space\">  <\/span>fund\u00f3<span class=\"Apple-converted-space\">  <\/span>a finales del siglo XV lleno de<span class=\"Apple-converted-space\">  <\/span>peque\u00f1o<span class=\"Apple-converted-space\">  <\/span>casas<span class=\"Apple-converted-space\">  <\/span>con varios<span class=\"Apple-converted-space\">  <\/span>exposiciones.<span class=\"Apple-converted-space\">  <\/span>ver d\u00f3nde<span class=\"Apple-converted-space\">  <\/span>Franz Kafka<span class=\"Apple-converted-space\">  <\/span>vivi\u00f3<span class=\"Apple-converted-space\">  <\/span>y<span class=\"Apple-converted-space\">  <\/span>escrito algunos<span class=\"Apple-converted-space\">  <\/span>de<span class=\"Apple-converted-space\">  <\/span>sus libros y visite<span class=\"Apple-converted-space\">  <\/span>una torre Daliborka una antigua prisi\u00f3n con<span class=\"Apple-converted-space\">  <\/span>su  <span class=\"Apple-converted-space\">  <\/span>exposiciones de peajes de tortura medievales.<\/p>\n","protected":false},"excerpt":{"rendered":"<p><span class=\"country\">Comienzo: 9h, 12h y 15h<\/span><br \/>\n<span class=\"currency\">Precio: 2500 K\u010d<\/span><br \/>\n<span class=\"time\">Duraci\u00f3n: 3 horas aproximadamente<\/span><\/p>\n","protected":false},"featured_media":20338,"comment_status":"open","ping_status":"closed","template":"","meta":{"_et_pb_use_builder":"","_et_pb_old_content":"","_et_gb_content_width":""},"product_brand":[],"product_cat":[83],"product_tag":[],"class_list":{"0":"post-20836","1":"product","2":"type-product","3":"status-publish","4":"has-post-thumbnail","6":"product_cat-sin-categorizar","8":"first","9":"instock","10":"shipping-taxable","11":"purchasable","12":"product-type-variable"},"aioseo_notices":[],"_links":{"self":[{"href":"https:\/\/novapraguetours.cz\/es\/wp-json\/wp\/v2\/product\/20836","targetHints":{"allow":["GET"]}}],"collection":[{"href":"https:\/\/novapraguetours.cz\/es\/wp-json\/wp\/v2\/product"}],"about":[{"href":"https:\/\/novapraguetours.cz\/es\/wp-json\/wp\/v2\/types\/product"}],"replies":[{"embeddable":true,"href":"https:\/\/novapraguetours.cz\/es\/wp-json\/wp\/v2\/comments?post=20836"}],"wp:featuredmedia":[{"embeddable":true,"href":"https:\/\/novapraguetours.cz\/es\/wp-json\/wp\/v2\/media\/20338"}],"wp:attachment":[{"href":"https:\/\/novapraguetours.cz\/es\/wp-json\/wp\/v2\/media?parent=20836"}],"wp:term":[{"taxonomy":"product_brand","embeddable":true,"href":"https:\/\/novapraguetours.cz\/es\/wp-json\/wp\/v2\/product_brand?post=20836"},{"taxonomy":"product_cat","embeddable":true,"href":"https:\/\/novapraguetours.cz\/es\/wp-json\/wp\/v2\/product_cat?post=20836"},{"taxonomy":"product_tag","embeddable":true,"href":"https:\/\/novapraguetours.cz\/es\/wp-json\/wp\/v2\/product_tag?post=20836"}],"curies":[{"name":"wp","href":"https:\/\/api.w.org\/{rel}","templated":true}]}}