{"id":20820,"date":"2024-03-17T22:00:42","date_gmt":"2024-03-17T21:00:42","guid":{"rendered":"https:\/\/novapraguetours.cz\/product\/praga-en-un-dia-lujoso-paseo-a-pie-con-coche-de-epoca\/"},"modified":"2025-03-04T00:46:38","modified_gmt":"2025-03-03T23:46:38","slug":"praga-en-un-dia-lujoso-paseo-a-pie-con-coche-de-epoca","status":"publish","type":"product","link":"https:\/\/novapraguetours.cz\/es\/producto\/praga-en-un-dia-lujoso-paseo-a-pie-con-coche-de-epoca\/","title":{"rendered":"Praga en un d\u00eda: lujoso paseo a pie con coche de \u00e9poca"},"content":{"rendered":"<p class=\"p1\">Si tu tiempo en Praga es limitado, pero quieres verlo todo, todo eso es posible con este recorrido privado a pie de un d\u00eda por Praga. Como este recorrido se realiza en un c\u00f3modo y elegante coche antiguo, recorrer\u00e1s mucho terreno sin que te duelan los pies. Ver\u00e1s Praga desde una perspectiva diferente, mientras disfrutas de un vaso de prosseco helado. La parte a pie incluye una visita<span class=\"Apple-converted-space\"> al <\/span>castillo de Praga, una ciudad dentro de otra ciudad. La ciudad de Leisser con su iglesia de San Nicol\u00e1s, el muro de John Lennon, el puente de Carlos, la ciudad jud\u00eda y la plaza del casco antiguo. La parte a caballo incluye la Torre de la P\u00f3lvora, la Ciudad Nueva, la Casa Danzante, el Teatro Nacional, la Plaza de Wenceslao y el Museo Nacional.<span class=\"Apple-converted-space\"> <\/span><\/p>\n<p class=\"p1\"><strong>Duraci\u00f3n de la excursi\u00f3n:<\/strong> 7 horas<span class=\"Apple-converted-space\"> <\/span><\/p>\n<p class=\"p1\"><strong>Precio:<\/strong> 7250 K\u010d pp<\/p>\n<p class=\"p1\"><strong>Hora de inicio:<\/strong> 9.00 horas<\/p>\n<p class=\"p1\"><strong>Qu\u00e9 incluye:<\/strong><\/p>\n<p class=\"p1\"><strong>Recogida en<span class=\"Apple-converted-space\">  <\/span>un lugar<span class=\"Apple-converted-space\">  <\/span>de<span class=\"Apple-converted-space\">  <\/span>su estancia:<\/strong><\/p>\n<ul>\n<li class=\"p1\">paseo en coche de \u00e9poca<\/li>\n<li class=\"p1\">conductor<\/li>\n<li class=\"p1\">gu\u00eda privado<\/li>\n<li class=\"p1\">almuerzo tradicional checo<\/li>\n<li class=\"p1\">Entradas para<span class=\"Apple-converted-space\">  <\/span>Castillo de Praga<\/li>\n<li class=\"p1\">botella de<span class=\"Apple-converted-space\">  <\/span>Prosseco<span class=\"Apple-converted-space\"> <\/span><\/li>\n<\/ul>\n<p class=\"p1\"><strong>Opciones de idiomas:<\/strong> Ingl\u00e9s\/espa\u00f1ol\/franc\u00e9s\/\u00e1rabe (para<span class=\"Apple-converted-space\">  <\/span>\u00e1rabe, por favor compruebe las disponibilidades antes de reservar)<\/p>\n<p class=\"p1\"><strong>Sobre la gira:<\/strong><\/p>\n<p class=\"p1\">Su gu\u00eda privado le recoger\u00e1 en el vest\u00edbulo de su hotel y le llevar\u00e1 en un lujoso y confortable coche antiguo. Nuestra primera parada ser\u00e1 en el castillo de Praga, donde comienza la parte a pie y exploraremos las entra\u00f1as del complejo del castillo m\u00e1s grande del mundo, visitando la catedral de San Vito, el antiguo palacio real, la calle dorada y la torre Daliborka.<span class=\"Apple-converted-space\">  <\/span>una de<span class=\"Apple-converted-space\">  <\/span>las calles m\u00e1s encantadoras que nos llevan<span class=\"Apple-converted-space\">  <\/span>a<span class=\"Apple-converted-space\">  <\/span>Para entonces ya habremos cubierto mucho terreno a pie, as\u00ed que ser\u00e1 el momento de hacer un descanso y degustar un delicioso almuerzo checo en uno de mis restaurantes favoritos.<span class=\"Apple-converted-space\">  <\/span>fin de la ciudad jud\u00eda<span class=\"Apple-converted-space\">  <\/span>en<span class=\"Apple-converted-space\">  <\/span>la plaza del casco antiguo.<span class=\"Apple-converted-space\">  <\/span>toma<span class=\"Apple-converted-space\">  <\/span>otro<span class=\"Apple-converted-space\">  <\/span>paseo<span class=\"Apple-converted-space\">  <\/span>en<span class=\"Apple-converted-space\">  <\/span>el vintage<span class=\"Apple-converted-space\">  <\/span>coche pasando por la torre de la p\u00f3lvora, la plaza de Wenceslao y la casa de baile disfrutando de una copa<span class=\"Apple-converted-space\">  <\/span>de<span class=\"Apple-converted-space\">  <\/span>helado<span class=\"Apple-converted-space\">  <\/span>prosseco el<span class=\"Apple-converted-space\">  <\/span>El recorrido<span class=\"Apple-converted-space\">  <\/span>se<span class=\"Apple-converted-space\">  <\/span>acabado<span class=\"Apple-converted-space\">  <\/span>donde<span class=\"Apple-converted-space\">  <\/span>it<span class=\"Apple-converted-space\">  <\/span>iniciado o<span class=\"Apple-converted-space\">  <\/span>en<span class=\"Apple-converted-space\">  <\/span>el<span class=\"Apple-converted-space\">  <\/span>lugar<span class=\"Apple-converted-space\">  <\/span>de su<span class=\"Apple-converted-space\">  <\/span>elecci\u00f3n<span class=\"Apple-converted-space\">  <\/span>dentro del<span class=\"Apple-converted-space\">  <\/span>hist\u00f3rico<span class=\"Apple-converted-space\">  <\/span>centro.<span class=\"Apple-converted-space\"> <\/span><\/p>\n","protected":false},"excerpt":{"rendered":"<p><span class=\"country\">Hora de inicio: 9 h<\/span><br \/>\n<span class=\"currency\">Precio: 7250 K\u010d<\/span><br \/>\n<span class=\"time\">Duraci\u00f3n: 7<\/span> horas<\/p>\n","protected":false},"featured_media":20256,"comment_status":"open","ping_status":"closed","template":"","meta":{"_et_pb_use_builder":"","_et_pb_old_content":"","_et_gb_content_width":""},"product_brand":[],"product_cat":[83],"product_tag":[],"class_list":{"0":"post-20820","1":"product","2":"type-product","3":"status-publish","4":"has-post-thumbnail","6":"product_cat-sin-categorizar","8":"first","9":"instock","10":"shipping-taxable","11":"purchasable","12":"product-type-variable"},"aioseo_notices":[],"_links":{"self":[{"href":"https:\/\/novapraguetours.cz\/es\/wp-json\/wp\/v2\/product\/20820","targetHints":{"allow":["GET"]}}],"collection":[{"href":"https:\/\/novapraguetours.cz\/es\/wp-json\/wp\/v2\/product"}],"about":[{"href":"https:\/\/novapraguetours.cz\/es\/wp-json\/wp\/v2\/types\/product"}],"replies":[{"embeddable":true,"href":"https:\/\/novapraguetours.cz\/es\/wp-json\/wp\/v2\/comments?post=20820"}],"wp:featuredmedia":[{"embeddable":true,"href":"https:\/\/novapraguetours.cz\/es\/wp-json\/wp\/v2\/media\/20256"}],"wp:attachment":[{"href":"https:\/\/novapraguetours.cz\/es\/wp-json\/wp\/v2\/media?parent=20820"}],"wp:term":[{"taxonomy":"product_brand","embeddable":true,"href":"https:\/\/novapraguetours.cz\/es\/wp-json\/wp\/v2\/product_brand?post=20820"},{"taxonomy":"product_cat","embeddable":true,"href":"https:\/\/novapraguetours.cz\/es\/wp-json\/wp\/v2\/product_cat?post=20820"},{"taxonomy":"product_tag","embeddable":true,"href":"https:\/\/novapraguetours.cz\/es\/wp-json\/wp\/v2\/product_tag?post=20820"}],"curies":[{"name":"wp","href":"https:\/\/api.w.org\/{rel}","templated":true}]}}