{"id":20818,"date":"2024-03-17T22:08:46","date_gmt":"2024-03-17T21:08:46","guid":{"rendered":"https:\/\/novapraguetours.cz\/product\/1000-anos-de-historia\/"},"modified":"2025-03-04T00:23:49","modified_gmt":"2025-03-03T23:23:49","slug":"1000-anos-de-historia","status":"publish","type":"product","link":"https:\/\/novapraguetours.cz\/es\/producto\/1000-anos-de-historia\/","title":{"rendered":"1000 a\u00f1os de historia"},"content":{"rendered":"<p>Evita las grandes multitudes y pasea conmigo por las encantadoras callejuelas de Praga, mientras degustas algunos de nuestros platos tradicionales m\u00e1s deliciosos acompa\u00f1ados de lo que m\u00e1s enorgullece a los checos, una pinta de una buena cerveza checa.<br \/>\nEn este recorrido visitaremos cuatro locales diferentes y comeremos en cada uno de ellos. Si eres m\u00e1s bien un amante del vino, hay una opci\u00f3n de cata de vinos checos. Retrocederemos en el tiempo para presentarte m\u00e1s de 1.000 a\u00f1os de historia de Praga, exploraremos algunos lugares secretos y compartiremos la historia que hay detr\u00e1s.<\/p>\n<p><strong>Duraci\u00f3n : <\/strong>4 horas<br \/>\n<strong>Punto de encuentro:<\/strong> Nerudova st.31<br \/>\n<strong>Punto final:<\/strong> Plaza Jungmann<br \/>\n<strong>Precio:<\/strong> 3900 K\u010d<br \/>\n<strong>Comienzo a las 19.00 horas<\/strong><br \/>\n<strong>Qu\u00e9 incluye:<\/strong><\/p>\n<ul>\n<li>gu\u00eda gastron\u00f3mica privada<\/li>\n<li>comidas\/Aperitivos<\/li>\n<li>Cerveza\/vino\/bebidas no alcoh\u00f3licas<\/li>\n<\/ul>\n<p><strong>Sobre el tour :<\/strong><br \/>\nTe reunir\u00e1s con tu gu\u00eda privado en el punto de encuentro y pasear\u00e1s por encantadoras calles de Praga escuchando diferentes historias y leyendas, mientras descubres lugares interesantes.Visitar\u00e1s cuatro locales diferentes.Uno para el entrante, otro para la comida principal y otro para el postre y Caf\u00e9 y degustar\u00e1s el mejor helado de Praga.<br \/>\nTu gu\u00eda te ayudar\u00e1 a elegir la comida adecuada y la pedir\u00e1 por ti. Como se trata de un tour privado, lo adaptamos a tus necesidades y nos centramos en tus intereses.  Si no se siente c\u00f3modo caminando unos 2 km, podemos ofrecerle traslados entre lugares. Nuestra recomendaci\u00f3n es que no coma mucho antes de esta excursi\u00f3n, ya que hay mucha comida incluida.<\/p>\n","protected":false},"excerpt":{"rendered":"<p><span class=\"country\">Inicio: 19.00 h<\/span> <br \/><span class=\"currency\">Precio: 3900 K\u010d<\/span> <br \/><span class=\"time\">Duraci\u00f3n: <\/span>4 horas<\/p>\n","protected":false},"featured_media":20254,"comment_status":"open","ping_status":"closed","template":"","meta":{"_et_pb_use_builder":"","_et_pb_old_content":"","_et_gb_content_width":""},"product_brand":[],"product_cat":[83],"product_tag":[],"class_list":{"0":"post-20818","1":"product","2":"type-product","3":"status-publish","4":"has-post-thumbnail","6":"product_cat-sin-categorizar","8":"first","9":"instock","10":"shipping-taxable","11":"purchasable","12":"product-type-variable"},"aioseo_notices":[],"_links":{"self":[{"href":"https:\/\/novapraguetours.cz\/es\/wp-json\/wp\/v2\/product\/20818","targetHints":{"allow":["GET"]}}],"collection":[{"href":"https:\/\/novapraguetours.cz\/es\/wp-json\/wp\/v2\/product"}],"about":[{"href":"https:\/\/novapraguetours.cz\/es\/wp-json\/wp\/v2\/types\/product"}],"replies":[{"embeddable":true,"href":"https:\/\/novapraguetours.cz\/es\/wp-json\/wp\/v2\/comments?post=20818"}],"wp:featuredmedia":[{"embeddable":true,"href":"https:\/\/novapraguetours.cz\/es\/wp-json\/wp\/v2\/media\/20254"}],"wp:attachment":[{"href":"https:\/\/novapraguetours.cz\/es\/wp-json\/wp\/v2\/media?parent=20818"}],"wp:term":[{"taxonomy":"product_brand","embeddable":true,"href":"https:\/\/novapraguetours.cz\/es\/wp-json\/wp\/v2\/product_brand?post=20818"},{"taxonomy":"product_cat","embeddable":true,"href":"https:\/\/novapraguetours.cz\/es\/wp-json\/wp\/v2\/product_cat?post=20818"},{"taxonomy":"product_tag","embeddable":true,"href":"https:\/\/novapraguetours.cz\/es\/wp-json\/wp\/v2\/product_tag?post=20818"}],"curies":[{"name":"wp","href":"https:\/\/api.w.org\/{rel}","templated":true}]}}