{"id":20802,"date":"2024-03-17T21:58:00","date_gmt":"2024-03-17T20:58:00","guid":{"rendered":"https:\/\/novapraguetours.cz\/product\/visita-de-un-dia-a-la-fabrica-de-cerveza-pilsner-urquell-con-excursion-a-la-cristaleria-ruckl\/"},"modified":"2025-03-04T00:46:42","modified_gmt":"2025-03-03T23:46:42","slug":"visita-de-un-dia-a-la-fabrica-de-cerveza-pilsner-urquell-con-excursion-a-la-cristaleria-ruckl","status":"publish","type":"product","link":"https:\/\/novapraguetours.cz\/es\/producto\/visita-de-un-dia-a-la-fabrica-de-cerveza-pilsner-urquell-con-excursion-a-la-cristaleria-ruckl\/","title":{"rendered":"Visita de un d\u00eda a la f\u00e1brica de cerveza Pilsner Urquell con excursi\u00f3n a la cristaler\u00eda R\u00fcckl"},"content":{"rendered":"<p class=\"p1\"><span class=\"Apple-converted-space\">  <\/span>Si es usted un amante de la cerveza<span class=\"Apple-converted-space\">  <\/span>, entonces<span class=\"Apple-converted-space\">  <\/span>no puede perderse nuestra visita a la f\u00e1brica de cerveza Pilsner<span class=\"Apple-converted-space\">  <\/span>Urquell con un almuerzo tradicional checo y una aut\u00e9ntica cata de cerveza pilsner<span class=\"Apple-converted-space\">  <\/span>acompa\u00f1ada de una excursi\u00f3n a la famosa cristaler\u00eda de Bohemia<span class=\"Apple-converted-space\">  <\/span>.<\/p>\n<p class=\"p1\">La Rep\u00fablica Checa tiene<span class=\"Apple-converted-space\">  <\/span>una gran cultura cervecera<span class=\"Apple-converted-space\">  <\/span>y nos gustar\u00eda<span class=\"Apple-converted-space\">  <\/span>mostrarte c\u00f3mo se fabrica paso a paso nuestra cerveza rubia favorita Pilsner Urquell, la primera cerveza rubia tipo pilsner del mundo, con su caracter\u00edstico sabor intenso<span class=\"Apple-converted-space\">  <\/span>y su l\u00edmpido color dorado desde<span class=\"Apple-converted-space\">  <\/span>1842.Ha sido un modelo<span class=\"Apple-converted-space\">  <\/span>para el 80% de las marcas de cerveza existentes hasta la fecha.En esta excursi\u00f3n de un d\u00eda completo<span class=\"Apple-converted-space\">  <\/span>comenzaremos con<span class=\"Apple-converted-space\">  <\/span>una excursi\u00f3n a una famosa cristaler\u00eda de Bohemia<span class=\"Apple-converted-space\">  <\/span>, donde descubrir\u00e1s c\u00f3mo se fabrica el<span class=\"Apple-converted-space\">  <\/span>mejor<span class=\"Apple-converted-space\">  <\/span>cristal tallado a mano<span class=\"Apple-converted-space\">  <\/span><span class=\"Apple-converted-space\">  <\/span> , explorar\u00e1s las distintas fases de producci\u00f3n y conocer\u00e1s las<span class=\"Apple-converted-space\">  <\/span>t\u00e9cnicas artesanales tradicionales.<\/p>\n<p class=\"p1\"><strong>Duraci\u00f3n:<\/strong> 9 horas<\/p>\n<p class=\"p1\"><strong>Precio: <\/strong>4900 K\u010d pp<\/p>\n<p class=\"p1\"><strong>Inicio:<\/strong> en<span class=\"Apple-converted-space\">  <\/span>9am<span class=\"Apple-converted-space\"> <\/span><\/p>\n<p class=\"p1\"><strong>Qu\u00e9 incluye:<\/strong><\/p>\n<ul>\n<li class=\"p1\">gu\u00eda\/conductor privado<\/li>\n<li class=\"p1\">coche\/furgoneta<\/li>\n<li class=\"p1\">admisiones en la cristaler\u00eda R\u00fcckl<\/li>\n<li class=\"p1\">entradas para la f\u00e1brica de cerveza Pilsner<\/li>\n<li class=\"p1\">almuerzo tradicional checo<\/li>\n<li class=\"p1\">Cerveza\/vino\/bebidas no alcoh\u00f3licas<span class=\"Apple-converted-space\"> <\/span><\/li>\n<\/ul>\n<p class=\"p1\"><strong>Acerca de la gira<span class=\"Apple-converted-space\"> <\/span>:<\/strong><\/p>\n<p class=\"p1\">Usted<span class=\"Apple-converted-space\">  <\/span>ser\u00e1<span class=\"Apple-converted-space\">  <\/span>recogido por<span class=\"Apple-converted-space\">  <\/span>su gu\u00eda privado en el lugar de su estancia y<span class=\"Apple-converted-space\">  <\/span>inscribirse para un 40minutes<span class=\"Apple-converted-space\">  <\/span>paseo al oeste de Praga.<span class=\"Apple-converted-space\"> <\/span><\/p>\n<p class=\"p1\">Ni\u017ebor, hogar<span class=\"Apple-converted-space\">  <\/span>de los mejores<span class=\"Apple-converted-space\">  <\/span>corte a mano<span class=\"Apple-converted-space\">  <\/span>checo<span class=\"Apple-converted-space\">  <\/span>cristal, donde<span class=\"Apple-converted-space\">  <\/span>usted<span class=\"Apple-converted-space\">  <\/span>explorar\u00e1 c\u00f3mo estas obras de arte mundialmente famosas son<span class=\"Apple-converted-space\">  <\/span>fabricado. Para<span class=\"Apple-converted-space\">  <\/span>un coste adicional<span class=\"Apple-converted-space\">  <\/span>de<span class=\"Apple-converted-space\">  <\/span>20 euros usted<span class=\"Apple-converted-space\">  <\/span>puede<span class=\"Apple-converted-space\">  <\/span>comprar<span class=\"Apple-converted-space\">  <\/span>un vaso y<span class=\"Apple-converted-space\">  <\/span>pruebe<span class=\"Apple-converted-space\">  <\/span>a<span class=\"Apple-converted-space\">  <\/span>cortarlo a mano<span class=\"Apple-converted-space\">  <\/span>Por supuesto.<span class=\"Apple-converted-space\">  <\/span>guarda<span class=\"Apple-converted-space\">  <\/span>tu vaso<span class=\"Apple-converted-space\">  <\/span>como<span class=\"Apple-converted-space\">  <\/span>un recuerdo. Y<span class=\"Apple-converted-space\">  <\/span>si usted<span class=\"Apple-converted-space\">  <\/span>son<span class=\"Apple-converted-space\">  <\/span>un verdadero<span class=\"Apple-converted-space\">  <\/span>cristal<span class=\"Apple-converted-space\">  <\/span>abanicarte<span class=\"Apple-converted-space\">  <\/span>podr\u00eda encontrar su trozo de felicidad en su tienda<span class=\"Apple-converted-space\">  <\/span>con<span class=\"Apple-converted-space\">  <\/span>una amplia selecci\u00f3n de sus<span class=\"Apple-converted-space\">  <\/span>cristal hecho a mano. Despu\u00e9s de la excursi\u00f3n<span class=\"Apple-converted-space\">  <\/span>paseo por<span class=\"Apple-converted-space\">  <\/span>otros 40 minutos hasta nuestro<span class=\"Apple-converted-space\">  <\/span>atracci\u00f3n, Pilsner.Su gu\u00eda<span class=\"Apple-converted-space\">  <\/span>te guiar\u00e1<span class=\"Apple-converted-space\">  <\/span>a trav\u00e9s de la<span class=\"Apple-converted-space\">  <\/span>casco antiguo<span class=\"Apple-converted-space\">  <\/span>de este<span class=\"Apple-converted-space\">  <\/span>4\u00aa ciudad m\u00e1s grande de la Rep\u00fablica Checa<span class=\"Apple-converted-space\">  <\/span>Rep\u00fablica, le muestre<span class=\"Apple-converted-space\">  <\/span>Sinagoga Hight, la tercera<span class=\"Apple-converted-space\">  <\/span>mayor sinagoga jud\u00eda del mundo como<span class=\"Apple-converted-space\">  <\/span>bien<span class=\"Apple-converted-space\">  <\/span>como iglesia del siglo XIII<span class=\"Apple-converted-space\">  <\/span>de San Bartolom\u00e9.<\/p>\n<p class=\"p1\">Antes de unirse a un grupo para<span class=\"Apple-converted-space\">  <\/span>iniciar<span class=\"Apple-converted-space\">  <\/span>su<span class=\"Apple-converted-space\">  <\/span>Recorrido de 1,5h<span class=\"Apple-converted-space\">  <\/span>de la<span class=\"Apple-converted-space\">  <\/span>cervecer\u00eda, donde aprender\u00e1<span class=\"Apple-converted-space\">  <\/span>el<span class=\"Apple-converted-space\">  <\/span>historia<span class=\"Apple-converted-space\">  <\/span>y<span class=\"Apple-converted-space\">  <\/span>t\u00e9cnica de c\u00f3mo este<span class=\"Apple-converted-space\">  <\/span>mundo<span class=\"Apple-converted-space\">  <\/span>se hace la famosa Lager, caminando<span class=\"Apple-converted-space\">  <\/span>a trav\u00e9s de la<span class=\"Apple-converted-space\">  <\/span>bodegas de la cervecer\u00eda y degustar<span class=\"Apple-converted-space\">  <\/span>aut\u00e9ntica Pilsner Urquell no filtrada vamos a<span class=\"Apple-converted-space\">  <\/span>tratarte<span class=\"Apple-converted-space\">  <\/span>a un delicioso almuerzo tradicional checo y, por supuesto, una pinta<span class=\"Apple-converted-space\">  <\/span>de<span class=\"Apple-converted-space\">  <\/span>un buen<span class=\"Apple-converted-space\">  <\/span>\u00a1Cerveza!<\/p>\n","protected":false},"excerpt":{"rendered":"<p><span class=\"country\">Inicio: 9 h<\/span><br \/>\n<span class=\"currency\">Precio: 4900 K\u010d<\/span><br \/>\n<span class=\"time\">Duraci\u00f3n: 9<\/span> horas<\/p>\n","protected":false},"featured_media":20244,"comment_status":"open","ping_status":"closed","template":"","meta":{"_et_pb_use_builder":"","_et_pb_old_content":"","_et_gb_content_width":""},"product_brand":[],"product_cat":[83],"product_tag":[],"class_list":{"0":"post-20802","1":"product","2":"type-product","3":"status-publish","4":"has-post-thumbnail","6":"product_cat-sin-categorizar","8":"first","9":"instock","10":"shipping-taxable","11":"purchasable","12":"product-type-variable"},"aioseo_notices":[],"_links":{"self":[{"href":"https:\/\/novapraguetours.cz\/es\/wp-json\/wp\/v2\/product\/20802","targetHints":{"allow":["GET"]}}],"collection":[{"href":"https:\/\/novapraguetours.cz\/es\/wp-json\/wp\/v2\/product"}],"about":[{"href":"https:\/\/novapraguetours.cz\/es\/wp-json\/wp\/v2\/types\/product"}],"replies":[{"embeddable":true,"href":"https:\/\/novapraguetours.cz\/es\/wp-json\/wp\/v2\/comments?post=20802"}],"wp:featuredmedia":[{"embeddable":true,"href":"https:\/\/novapraguetours.cz\/es\/wp-json\/wp\/v2\/media\/20244"}],"wp:attachment":[{"href":"https:\/\/novapraguetours.cz\/es\/wp-json\/wp\/v2\/media?parent=20802"}],"wp:term":[{"taxonomy":"product_brand","embeddable":true,"href":"https:\/\/novapraguetours.cz\/es\/wp-json\/wp\/v2\/product_brand?post=20802"},{"taxonomy":"product_cat","embeddable":true,"href":"https:\/\/novapraguetours.cz\/es\/wp-json\/wp\/v2\/product_cat?post=20802"},{"taxonomy":"product_tag","embeddable":true,"href":"https:\/\/novapraguetours.cz\/es\/wp-json\/wp\/v2\/product_tag?post=20802"}],"curies":[{"name":"wp","href":"https:\/\/api.w.org\/{rel}","templated":true}]}}