{"id":20801,"date":"2024-03-17T14:48:38","date_gmt":"2024-03-17T13:48:38","guid":{"rendered":"https:\/\/novapraguetours.cz\/product\/excursion-de-un-dia-a-la-unesco-kutna-hora-con-almuerzo-tradicional-checo\/"},"modified":"2025-03-04T00:46:36","modified_gmt":"2025-03-03T23:46:36","slug":"excursion-de-un-dia-a-la-unesco-kutna-hora-con-almuerzo-tradicional-checo","status":"publish","type":"product","link":"https:\/\/novapraguetours.cz\/es\/producto\/excursion-de-un-dia-a-la-unesco-kutna-hora-con-almuerzo-tradicional-checo\/","title":{"rendered":"Excursi\u00f3n de un d\u00eda a la Unesco Kutn\u00e1 hora con almuerzo tradicional checo"},"content":{"rendered":"<p>Evite la abarrotada Praga y visite la que en la historia fue una de las ciudades m\u00e1s importantes del Reino de Bohemia. Parte de la Unesco, patrimonio de la humanidad con una de las iglesias g\u00f3ticas m\u00e1s bellas de Europa central, la iglesia de Santa B\u00e1rbara y la impresionante iglesia de huesos \u00fanica decorada con huesos humanos reales. Paseando por las encantadoras calles de la que fue la ciudad m\u00e1s rica del reino de Bohemia gracias a sus enormes recursos de plata a lo largo de los siglos, sentir\u00e1 el ambiente medieval y degustar\u00e1 deliciosa comida checa en un gran restaurante especialmente elegido para este tour. Lo que puede esperar : Le recogeremos en su hotel o en un punto de encuentro y nos embarcaremos durante aproximadamente una hora en coche a trav\u00e9s de pueblos y paisajes de la regi\u00f3n de Bohemia hasta Kutn\u00e1 hora. A nuestra llegada, nuestra primera parada ser\u00e1 en Sedlec, donde visitaremos la iglesia de la Asunci\u00f3n de Nuestra Se\u00f1ora y San Juan Bautista, donde podr\u00e1 admirar la obra del genial arquitecto barroco checo Jan Bla\u017eej Santini Aichl. A continuaci\u00f3n, nos dirigiremos lentamente a lo que creo que ser\u00e1 el punto culminante de este recorrido, la iglesia de todos los santos del siglo XIV, la iglesia de los huesos, decorada con huesos humanos y aproximadamente 70.000 esqueletos en el interior de la capilla subterr\u00e1nea. La siguiente parada ser\u00e1 el centro hist\u00f3rico de Kutn\u00e1 hora, donde almorzaremos en un encantador restaurante (cr\u00e9eme, te encantar\u00e1 ese lugar), caminaremos por la ciudad medieval donde sentir\u00e1s la historia de esta ciudad minera en el aire, pasaremos por un colegio jesuita y terminaremos en la impresionante iglesia de Santa B\u00e1rbara. Despu\u00e9s de algunas compras de recuerdos o quiz\u00e1s alguna cata de vinos locales, regresaremos lentamente a Praga. Esta excursi\u00f3n dura aproximadamente 7 horas. Lo que incluye: -Coche\/minivan -Gu\u00eda\/conductor privado de habla inglesa -Accesos a la iglesia de la Asunci\u00f3n de Nuestra Se\u00f1ora, la iglesia del Hueso y la iglesia de Santa B\u00e1rbara -Almuerzo.<\/p>\n","protected":false},"excerpt":{"rendered":"<p><span class=\"country\">Hora de inicio: 9 h<\/span><br \/>\n<span class=\"currency\">Precio: 4800 K\u010d<\/span><br \/>\n<span class=\"time\">Duraci\u00f3n de la excursi\u00f3n: 7 horas<\/span><\/p>\n","protected":false},"featured_media":20328,"comment_status":"open","ping_status":"closed","template":"","meta":{"_et_pb_use_builder":"off","_et_pb_old_content":"Evite la abarrotada Praga y visite la que en la historia fue una de las ciudades m\u00e1s importantes del Reino de Bohemia. Parte de la Unesco, patrimonio de la humanidad con una de las iglesias g\u00f3ticas m\u00e1s bellas de Europa central, la iglesia de Santa B\u00e1rbara y la impresionante iglesia de huesos \u00fanica decorada con huesos humanos reales. Paseando por las encantadoras calles de la que fue la ciudad m\u00e1s rica del reino de Bohemia gracias a sus enormes recursos de plata a lo largo de los siglos, sentir\u00e1 el ambiente medieval y degustar\u00e1 deliciosa comida checa en un gran restaurante especialmente elegido para este tour. Lo que puede esperar : Le recogeremos en su hotel o en un punto de encuentro y nos embarcaremos durante aproximadamente una hora en coche a trav\u00e9s de pueblos y paisajes de la regi\u00f3n de Bohemia hasta Kutn\u00e1 hora. A nuestra llegada, nuestra primera parada ser\u00e1 en Sedlec, donde visitaremos la iglesia de la Asunci\u00f3n de Nuestra Se\u00f1ora y San Juan Bautista, donde podr\u00e1 admirar la obra del genial arquitecto barroco checo Jan Bla\u017eej Santini Aichl. A continuaci\u00f3n, nos dirigiremos lentamente a lo que creo que ser\u00e1 el punto culminante de este recorrido, la iglesia de todos los santos del siglo XIV, la iglesia de los huesos, decorada con huesos humanos y aproximadamente 70.000 esqueletos en el interior de la capilla subterr\u00e1nea. La siguiente parada ser\u00e1 el centro hist\u00f3rico de Kutn\u00e1 hora, donde almorzaremos en un encantador restaurante (cr\u00e9eme, te encantar\u00e1 ese lugar), caminaremos por la ciudad medieval donde sentir\u00e1s la historia de esta ciudad minera en el aire, pasaremos por un colegio jesuita y terminaremos en la impresionante iglesia de Santa B\u00e1rbara. Despu\u00e9s de algunas compras de recuerdos o quiz\u00e1s alguna cata de vinos locales, regresaremos lentamente a Praga. Esta excursi\u00f3n dura aproximadamente 7 horas. Lo que incluye: -Coche\/minivan -Gu\u00eda\/conductor privado de habla inglesa -Accesos a la iglesia de la Asunci\u00f3n de Nuestra Se\u00f1ora, la iglesia del Hueso y la iglesia de Santa B\u00e1rbara -Almuerzo.","_et_gb_content_width":""},"product_brand":[],"product_cat":[83],"product_tag":[],"class_list":{"0":"post-20801","1":"product","2":"type-product","3":"status-publish","4":"has-post-thumbnail","6":"product_cat-sin-categorizar","8":"first","9":"instock","10":"shipping-taxable","11":"purchasable","12":"product-type-variable"},"aioseo_notices":[],"_links":{"self":[{"href":"https:\/\/novapraguetours.cz\/es\/wp-json\/wp\/v2\/product\/20801","targetHints":{"allow":["GET"]}}],"collection":[{"href":"https:\/\/novapraguetours.cz\/es\/wp-json\/wp\/v2\/product"}],"about":[{"href":"https:\/\/novapraguetours.cz\/es\/wp-json\/wp\/v2\/types\/product"}],"replies":[{"embeddable":true,"href":"https:\/\/novapraguetours.cz\/es\/wp-json\/wp\/v2\/comments?post=20801"}],"wp:featuredmedia":[{"embeddable":true,"href":"https:\/\/novapraguetours.cz\/es\/wp-json\/wp\/v2\/media\/20328"}],"wp:attachment":[{"href":"https:\/\/novapraguetours.cz\/es\/wp-json\/wp\/v2\/media?parent=20801"}],"wp:term":[{"taxonomy":"product_brand","embeddable":true,"href":"https:\/\/novapraguetours.cz\/es\/wp-json\/wp\/v2\/product_brand?post=20801"},{"taxonomy":"product_cat","embeddable":true,"href":"https:\/\/novapraguetours.cz\/es\/wp-json\/wp\/v2\/product_cat?post=20801"},{"taxonomy":"product_tag","embeddable":true,"href":"https:\/\/novapraguetours.cz\/es\/wp-json\/wp\/v2\/product_tag?post=20801"}],"curies":[{"name":"wp","href":"https:\/\/api.w.org\/{rel}","templated":true}]}}