{"id":20800,"date":"2024-03-17T22:07:16","date_gmt":"2024-03-17T21:07:16","guid":{"rendered":"https:\/\/novapraguetours.cz\/product\/excursion-de-un-dia-al-castillo-de-karlstejn-y-su-famosa-cristaleria-con-almuerzo-tradicional-checo\/"},"modified":"2025-03-04T00:46:45","modified_gmt":"2025-03-03T23:46:45","slug":"excursion-de-un-dia-al-castillo-de-karlstejn-y-su-famosa-cristaleria-con-almuerzo-tradicional-checo","status":"publish","type":"product","link":"https:\/\/novapraguetours.cz\/es\/producto\/excursion-de-un-dia-al-castillo-de-karlstejn-y-su-famosa-cristaleria-con-almuerzo-tradicional-checo\/","title":{"rendered":"Excursi\u00f3n de un d\u00eda al castillo de Karl\u0161tejn y su famosa cristaler\u00eda con almuerzo tradicional checo"},"content":{"rendered":"<p>Disfruta de una de las m\u00e1s bellas campi\u00f1as de Bohemia, aprende c\u00f3mo se fabrica el mundialmente famoso cristal de Bohemia observando a los maestros sopladores de vidrio haciendo, lo que mejor saben hacer,luego retrocede en el tiempo a una atm\u00f3sfera de cuento de hadas y visita la joya entre los castillos fundados en el siglo XIV por el rey checo y emperador del Sacro Imperio Romano Germ\u00e1nico Carlos IV. El castillo de Karl\u0161tejn se construy\u00f3 como residencia secundaria de los reyes, pero tambi\u00e9n sirvi\u00f3 como fortaleza para proteger las joyas de la corona y los tesoros reales. Al bajar del castillo nos relajaremos en un encantador restaurante local y disfrutaremos de un almuerzo tradicional checo y una pinta de Pilsner Urquell.<\/p>\n<p><strong>Sobre la excursi\u00f3n:<\/strong> Tu gu\u00eda privado te recoger\u00e1 en el lugar de tu estancia y te llevar\u00e1 en coche privado durante unos 40 minutos a una de las zonas rurales checas m\u00e1s bonitas. La primera parada es en la f\u00e1brica de cristal R\u00fcckl, donde te unir\u00e1s al grupo en una excursi\u00f3n para asistir a todo el proceso de fabricaci\u00f3n del mundialmente famoso cristal, adem\u00e1s de visitar su lujosa tienda de cristal de Bohemia. Luego daremos otro corto paseo hasta Reach, una encantadora ciudad que lleva el mismo nombre que el castillo favorito de los checos, Karl\u0161tejn. Como el castillo est\u00e1 en lo alto de la colina, hay unos 20 minutos a pie hasta la cima.Si no te apetece caminar mucho, existe la posibilidad de coger un coche de caballos o un Taxi. Los precios de carruaje o Taxi no est\u00e1n incluidos en el precio de este recorrido. Al llegar al castillo, tu gu\u00eda comprar\u00e1 las entradas y te unir\u00e1s al grupo de los dem\u00e1s visitantes con un gu\u00eda local del castillo para realizar una visita de aproximadamente una hora a la residencia imperial. Al bajar del castillo, haremos una pausa para disfrutar de un almuerzo tradicional checo en un encantador restaurante local, donde tu gu\u00eda te dar\u00e1 algunas recomendaciones para hacer una buena elecci\u00f3n.<\/p>\n<p><strong>Qu\u00e9 incluye:<\/strong><\/p>\n<p>* Gu\u00eda privado de habla inglesa<\/p>\n<p>*Coche\/minivan privado<\/p>\n<p>*Admisi\u00f3n en la cristaler\u00eda<\/p>\n<p>*Admisi\u00f3n al Castillo<\/p>\n<p>*A\u00fan \/agua con gas en el borde<\/p>\n<p>*Almuerzo tradicional checo<\/p>\n<p>*Recoger\/dejar<\/p>\n<p>&nbsp;<\/p>\n<p><strong>Lo que no est\u00e1 incluido<\/strong> Taxi\/coche de caballos al castillo<\/p>\n<p><strong>Precio 4800 K\u010d<br \/>\n<\/strong><\/p>\n<p><strong>El n\u00famero m\u00ednimo de personas por reserva es de 2.<\/strong><\/p>\n","protected":false},"excerpt":{"rendered":"<p><span class=\"country\">Hora de inicio: 9 h<\/span><br \/>\n<span class=\"currency\">Precio: 4800 K\u010d<\/span><br \/>\n<span class=\"time\">Duraci\u00f3n: <\/span> <\/p>\n","protected":false},"featured_media":20282,"comment_status":"open","ping_status":"closed","template":"","meta":{"_et_pb_use_builder":"","_et_pb_old_content":"","_et_gb_content_width":""},"product_brand":[],"product_cat":[83],"product_tag":[],"class_list":{"0":"post-20800","1":"product","2":"type-product","3":"status-publish","4":"has-post-thumbnail","6":"product_cat-sin-categorizar","8":"first","9":"instock","10":"shipping-taxable","11":"purchasable","12":"product-type-variable"},"aioseo_notices":[],"_links":{"self":[{"href":"https:\/\/novapraguetours.cz\/es\/wp-json\/wp\/v2\/product\/20800","targetHints":{"allow":["GET"]}}],"collection":[{"href":"https:\/\/novapraguetours.cz\/es\/wp-json\/wp\/v2\/product"}],"about":[{"href":"https:\/\/novapraguetours.cz\/es\/wp-json\/wp\/v2\/types\/product"}],"replies":[{"embeddable":true,"href":"https:\/\/novapraguetours.cz\/es\/wp-json\/wp\/v2\/comments?post=20800"}],"wp:featuredmedia":[{"embeddable":true,"href":"https:\/\/novapraguetours.cz\/es\/wp-json\/wp\/v2\/media\/20282"}],"wp:attachment":[{"href":"https:\/\/novapraguetours.cz\/es\/wp-json\/wp\/v2\/media?parent=20800"}],"wp:term":[{"taxonomy":"product_brand","embeddable":true,"href":"https:\/\/novapraguetours.cz\/es\/wp-json\/wp\/v2\/product_brand?post=20800"},{"taxonomy":"product_cat","embeddable":true,"href":"https:\/\/novapraguetours.cz\/es\/wp-json\/wp\/v2\/product_cat?post=20800"},{"taxonomy":"product_tag","embeddable":true,"href":"https:\/\/novapraguetours.cz\/es\/wp-json\/wp\/v2\/product_tag?post=20800"}],"curies":[{"name":"wp","href":"https:\/\/api.w.org\/{rel}","templated":true}]}}