{"id":20344,"date":"2023-03-09T07:33:55","date_gmt":"2023-03-09T06:33:55","guid":{"rendered":"https:\/\/novapraguetours.cz\/pongase-en-contacto-con-nosotros\/"},"modified":"2025-02-27T19:36:50","modified_gmt":"2025-02-27T18:36:50","slug":"pongase-en-contacto-con-nosotros","status":"publish","type":"page","link":"https:\/\/novapraguetours.cz\/es\/pongase-en-contacto-con-nosotros\/","title":{"rendered":"P\u00f3ngase en contacto con nosotros"},"content":{"rendered":"<p>[et_pb_section fb_built=\u00bb1&#8243; custom_padding_last_edited=\u00bbon|tablet\u00bb _builder_version=\u00bb4.24.2&#8243; _module_preset=\u00bbdefault\u00bb background_image=\u00bbhttps:\/\/novapraguetours.cz\/wp-content\/uploads\/2024\/02\/AdobeStock_194171995.jpeg.jpg\u00bb custom_padding=\u00bb200px||0px||false|false\u00bb custom_padding_tablet=\u00bb100px||0px||false|false\u00bb custom_padding_phone=\u00bb\u00bb custom_css_before=\u00bbcontent: %22%22;||    width: 100%;||    height: 100%;||    background: #1d1d1d;||    opacity: 0.8;||    position: absolute;||    top: 0;||    left: 0;\u00bb custom_css_main_element=\u00bbposition: relative;\u00bb da_disable_devices=\u00bboff|off|off\u00bb global_colors_info=\u00bb{}\u00bb da_is_popup=\u00bboff\u00bb da_exit_intent=\u00bboff\u00bb da_has_close=\u00bbon\u00bb da_alt_close=\u00bboff\u00bb da_dark_close=\u00bboff\u00bb da_not_modal=\u00bbon\u00bb da_is_singular=\u00bboff\u00bb da_with_loader=\u00bboff\u00bb da_has_shadow=\u00bbon\u00bb][et_pb_row column_structure=\u00bb1_2,1_2&#8243; use_custom_gutter=\u00bbon\u00bb gutter_width=\u00bb1&#8243; _builder_version=\u00bb4.20.2&#8243; _module_preset=\u00bbdefault\u00bb width=\u00bb90%\u00bb custom_padding=\u00bb0px||0px||false|false\u00bb custom_css_main_element=\u00bbposition: unset;\u00bb global_colors_info=\u00bb{}\u00bb][et_pb_column type=\u00bb1_2&#8243; _builder_version=\u00bb4.20.2&#8243; _module_preset=\u00bbdefault\u00bb custom_css_main_element=\u00bbposition: unset;\u00bb global_colors_info=\u00bb{}\u00bb][et_pb_image src=\u00bbhttps:\/\/novapraguetours.cz\/wp-content\/uploads\/2023\/03\/inner-plane-2.png\u00bb title_text=\u00bbplano interior (2)\u00bb disabled_on=\u00bbon|on|off\u00bb _builder_version=\u00bb4.20.2&#8243; _module_preset=\u00bbdefault\u00bb custom_css_main_element=\u00bbposition: absolute;||    left: 0;||    top: 40%;\u00bb global_colors_info=\u00bb{}\u00bb][\/et_pb_image][\/et_pb_column][et_pb_column type=\u00bb1_2&#8243; _builder_version=\u00bb4.20.2&#8243; _module_preset=\u00bbdefault\u00bb custom_css_main_element=\u00bbposition: unset;\u00bb global_colors_info=\u00bb{}\u00bb][et_pb_image src=\u00bbhttps:\/\/novapraguetours.cz\/wp-content\/uploads\/2023\/03\/inner-plane.png\u00bb title_text=\u00bbplano interior\u00bb disabled_on=\u00bbon|on|off\u00bb _builder_version=\u00bb4.20.2&#8243; _module_preset=\u00bbdefault\u00bb custom_css_main_element=\u00bbposition: absolute;||    right: 0;||    bottom: 15%;\u00bb global_colors_info=\u00bb{}\u00bb][\/et_pb_image][\/et_pb_column][\/et_pb_row][et_pb_row _builder_version=\u00bb4.20.2&#8243; _module_preset=\u00bbdefault\u00bb width=\u00bb90%\u00bb custom_padding=\u00bb||100px||false|false\u00bb global_colors_info=\u00bb{}\u00bb][et_pb_column type=\u00bb4_4&#8243; _builder_version=\u00bb4.20.2&#8243; _module_preset=\u00bbdefault\u00bb global_colors_info=\u00bb{}\u00bb][et_pb_text _builder_version=\u00bb4.20.2&#8243; _module_preset=\u00bbdefault\u00bb text_font=\u00bbArchivo||||||||\u00bb text_text_color=\u00bb#FFFFFF\u00bb text_font_size=\u00bb36px\u00bb text_line_height=\u00bb40px\u00bb text_orientation=\u00bbcenter\u00bb text_font_size_tablet=\u00bb30px\u00bb text_font_size_phone=\u00bb24px\u00bb text_font_size_last_edited=\u00bbon|tablet\u00bb text_line_height_tablet=\u00bb\u00bb text_line_height_phone=\u00bb35px\u00bb text_line_height_last_edited=\u00bbon|phone\u00bb custom_css_main_element=\u00bbfont-weight: 700;\u00bb global_colors_info=\u00bb{}\u00bb]Ponte en contacto[\/et_pb_text][\/et_pb_column][\/et_pb_row][et_pb_row custom_padding_last_edited=\u00bbon|phone\u00bb _builder_version=\u00bb4.20.2&#8243; _module_preset=\u00bbdefault\u00bb background_color=\u00bb#FFFFFF\u00bb width=\u00bb90%\u00bb custom_margin=\u00bb||-25px||false|false\u00bb custom_padding=\u00bb15px|50px|15px|50px|false|false\u00bb custom_padding_tablet=\u00bb\u00bb custom_padding_phone=\u00bb15px|20px|15px|20px|false|false\u00bb custom_css_main_element=\u00bbwidth: fit-content;||box-shadow: 0px 6px 20px rgba(0, 0, 0, 0.05);||    z-index: 1;\u00bb border_radii=\u00bbon|5px|5px|5px|5px\u00bb global_colors_info=\u00bb{}\u00bb][et_pb_column type=\u00bb4_4&#8243; _builder_version=\u00bb4.20.2&#8243; _module_preset=\u00bbdefault\u00bb custom_css_main_element=\u00bbdisplay: flex;||    align-items: center;||    justify-content: center;\u00bb global_colors_info=\u00bb{}\u00bb][et_pb_text _builder_version=\u00bb4.20.2&#8243; _dynamic_attributes=\u00bblink_option_url\u00bb _module_preset=\u00bbdefault\u00bb text_font=\u00bbArchivo||||||||\u00bb text_line_height=\u00bb20px\u00bb custom_margin=\u00bb|5px|0px||false|false\u00bb custom_padding=\u00bb|20px|||false|false\u00bb link_option_url=\u00bb@ET-DC@eyJkeW5hbWljIjp0cnVlLCJjb250ZW50IjoiaG9tZV91cmwiLCJzZXR0aW5ncyI6eyJlbmFibGVfaHRtbCI6Im9mZiJ9fQ==@\u00bb custom_css_before=\u00bbcontent: %22%9235%22;||    font-family: ETmodules;||    position: absolute;||    right: 0;||    top: 50%;||    transform: translateY(-50%);\u00bb custom_css_main_element=\u00bbfont-weight: 400;||color: var(&#8211;color1);||position: relative;\u00bb global_colors_info=\u00bb{}\u00bb]<\/p>\n<p>Inicio<\/p>\n<p>[\/et_pb_text][et_pb_text _builder_version=\u00bb4.20.2&#8243; _dynamic_attributes=\u00bbcontent\u00bb _module_preset=\u00bbdefault\u00bb text_font=\u00bbArchivo||||||||\u00bb text_text_color=\u00bb#1d1d1d\u00bb text_line_height=\u00bb20px\u00bb custom_css_main_element=\u00bbfont-weight: 400;\u00bb global_colors_info=\u00bb{}\u00bb]@ET-DC@eyJkeW5hbWljIjp0cnVlLCJjb250ZW50IjoicG9zdF90aXRsZSIsInNldHRpbmdzIjp7ImJlZm9yZSI6IiIsImFmdGVyIjoiIiwiZW5hYmxlX2h0bWwiOiJvZmYifX0=@[\/et_pb_text][\/et_pb_column][\/et_pb_row][\/et_pb_section][et_pb_section fb_built=\u00bb1&#8243; _builder_version=\u00bb4.20.2&#8243; _module_preset=\u00bbdefault\u00bb da_disable_devices=\u00bboff|off|off\u00bb global_colors_info=\u00bb{}\u00bb da_is_popup=\u00bboff\u00bb da_exit_intent=\u00bboff\u00bb da_has_close=\u00bbon\u00bb da_alt_close=\u00bboff\u00bb da_dark_close=\u00bboff\u00bb da_not_modal=\u00bbon\u00bb da_is_singular=\u00bboff\u00bb da_with_loader=\u00bboff\u00bb da_has_shadow=\u00bbon\u00bb][et_pb_row column_structure=\u00bb1_3,1_3,1_3&#8243; use_custom_gutter=\u00bbon\u00bb gutter_width=\u00bb2&#8243; _builder_version=\u00bb4.20.2&#8243; _module_preset=\u00bbdefault\u00bb width=\u00bb90%\u00bb max_width=\u00bb1100px\u00bb max_width_tablet=\u00bb450px\u00bb max_width_phone=\u00bb1300px\u00bb max_width_last_edited=\u00bbon|tablet\u00bb global_colors_info=\u00bb{}\u00bb][et_pb_column type=\u00bb1_3&#8243; _builder_version=\u00bb4.20.2&#8243; _module_preset=\u00bbdefault\u00bb global_colors_info=\u00bb{}\u00bb][et_pb_blurb title=\u00bbDirecci\u00f3n:\u00bb image=\u00bbhttps:\/\/novapraguetours.cz\/wp-content\/uploads\/2023\/03\/icon-12.png\u00bb content_max_width=\u00bb100%\u00bb _builder_version=\u00bb4.24.2&#8243; _module_preset=\u00bbdefault\u00bb header_font=\u00bbArchivo||||||||\u00bb header_text_color=\u00bb#1d1d1d\u00bb header_font_size=\u00bb24px\u00bb header_line_height=\u00bb26px\u00bb body_font=\u00bbArchivo||||||||\u00bb body_text_color=\u00bb#1d1d1d\u00bb background_color=\u00bb#FFFFFF\u00bb text_orientation=\u00bbcenter\u00bb custom_padding=\u00bb25px|25px|25px|25px|false|false\u00bb custom_css_main_element=\u00bbtransition: all 0.5s ease;||box-shadow: 0px 6px 25px rgba(0, 0, 0, 0.05);\u00bb custom_css_blurb_image=\u00bbwidth: 50px;||height: 50px;||border-radius: 5px;||background: var(&#8211;color2);||display: flex;||align-items: center;||justify-content: center;||margin-left: auto;||margin-right: auto;||margin-bottom: 15px;\u00bb custom_css_blurb_title=\u00bbfont-weight: 700;\u00bb border_width_all=\u00bb1px\u00bb border_color_all=\u00bbrgba(2,80,172,0.2)\u00bb global_colors_info=\u00bb{}\u00bb custom_css_main_element__hover_enabled=\u00bboff|hover\u00bb]<\/p>\n<p>Hilmarova 979\/2<br \/>Praga 5<\/p>\n<p>[\/et_pb_blurb][\/et_pb_column][et_pb_column type=\u00bb1_3&#8243; _builder_version=\u00bb4.20.2&#8243; _module_preset=\u00bbdefault\u00bb global_colors_info=\u00bb{}\u00bb][et_pb_blurb title=\u00bbHable con nosotros\u00bb image=\u00bbhttps:\/\/novapraguetours.cz\/wp-content\/uploads\/2023\/03\/icon-10.png\u00bb content_max_width=\u00bb100%\u00bb _builder_version=\u00bb4.27.4&#8243; _module_preset=\u00bbdefault\u00bb header_font=\u00bbArchivo||||||||\u00bb header_text_color=\u00bb#1d1d1d\u00bb header_font_size=\u00bb24px\u00bb header_line_height=\u00bb26px\u00bb body_font=\u00bbArchivo||||||||\u00bb body_text_color=\u00bb#1d1d1d\u00bb body_link_font=\u00bbArchivo||||||||\u00bb body_link_text_color=\u00bb#000000&#8243; background_color=\u00bb#FFFFFF\u00bb text_orientation=\u00bbcenter\u00bb custom_padding=\u00bb25px|25px|25px|25px|false|false\u00bb hover_enabled=\u00bb0&#8243; custom_css_main_element=\u00bbtransition: all 0.5s ease;\u00bb custom_css_blurb_image=\u00bbwidth: 50px;||height: 50px;||border-radius: 5px;||background: var(&#8211;color2);||display: flex;||align-items: center;||justify-content: center;||margin-left: auto;||margin-right: auto;||margin-bottom: 15px;\u00bb custom_css_blurb_title=\u00bbfont-weight: 700;\u00bb border_width_all=\u00bb1px\u00bb border_color_all=\u00bbrgba(2,80,172,0.2)\u00bb global_colors_info=\u00bb{}\u00bb custom_css_main_element__hover_enabled=\u00bbon|hover\u00bb custom_css_main_element__hover=\u00bbbox-shadow: 0px 6px 25px rgba(0, 0, 0, 0.05);\u00bb sticky_enabled=\u00bb0&#8243;]<\/p>\n<p><a href=\"tel:+420724800702\">+420 724 800 702<\/a><\/p>\n<p>Whatsapp: <a href=\"tel:+420724800702\">+420 724 800 702<\/a><\/p>\n<p>[\/et_pb_blurb][\/et_pb_column][et_pb_column type=\u00bb1_3&#8243; _builder_version=\u00bb4.20.2&#8243; _module_preset=\u00bbdefault\u00bb global_colors_info=\u00bb{}\u00bb][et_pb_blurb title=\u00bbHorario de apertura\u00bb image=\u00bbhttps:\/\/novapraguetours.cz\/wp-content\/uploads\/2023\/03\/icon-11.png\u00bb content_max_width=\u00bb100%\u00bb _builder_version=\u00bb4.24.2&#8243; _module_preset=\u00bbdefault\u00bb header_font=\u00bbArchivo||||||||\u00bb header_text_color=\u00bb#1d1d1d\u00bb header_font_size=\u00bb24px\u00bb header_line_height=\u00bb26px\u00bb body_font=\u00bbArchivo||||||||\u00bb body_text_color=\u00bb#1d1d1d\u00bb background_color=\u00bb#FFFFFF\u00bb text_orientation=\u00bbcenter\u00bb custom_padding=\u00bb25px|25px|25px|25px|false|false\u00bb custom_css_main_element=\u00bbtransition: all 0.5s ease;\u00bb custom_css_blurb_image=\u00bbwidth: 50px;||height: 50px;||border-radius: 5px;||background: var(&#8211;color2);||display: flex;||align-items: center;||justify-content: center;||margin-left: auto;||margin-right: auto;||margin-bottom: 15px;\u00bb custom_css_blurb_title=\u00bbfont-weight: 700;\u00bb border_width_all=\u00bb1px\u00bb border_color_all=\u00bbrgba(2,80,172,0.2)\u00bb global_colors_info=\u00bb{}\u00bb custom_css_main_element__hover_enabled=\u00bbon|hover\u00bb custom_css_main_element__hover=\u00bbbox-shadow: 0px 6px 25px rgba(0, 0, 0, 0.05);\u00bb]<\/p>\n<p>Lunes a s\u00e1bado: 10:00AM a 06:00PM<br \/>Domingo Cerrado<\/p>\n<p>[\/et_pb_blurb][\/et_pb_column][\/et_pb_row][et_pb_row _builder_version=\u00bb4.20.2&#8243; _module_preset=\u00bbdefault\u00bb width=\u00bb90%\u00bb global_colors_info=\u00bb{}\u00bb][et_pb_column type=\u00bb4_4&#8243; _builder_version=\u00bb4.20.2&#8243; _module_preset=\u00bbdefault\u00bb z_index=\u00bb10&#8243; global_colors_info=\u00bb{}\u00bb][et_pb_contact_form captcha=\u00bboff\u00bb email=\u00bbinfo@novapraguetours.cz\u00bb title=\u00bbEnv\u00edenos un mensaje\u00bb submit_button_text=\u00bbEnviar\u00bb module_class=\u00bbtravelcontactus_section2_contact\u00bb _builder_version=\u00bb4.27.4&#8243; _module_preset=\u00bbdefault\u00bb _unique_id=\u00bb58b68f79-7e19-456a-8a2a-e7a5b3bd22b8&#8243; form_field_background_color=\u00bbRGBA(255,255,255,0)\u00bb form_field_text_color=\u00bb#1d1d1d\u00bb form_field_focus_text_color=\u00bb#1d1d1d\u00bb form_field_custom_padding=\u00bb20px|20px|20px|20px|false|false\u00bb title_font=\u00bbArchivo||||||||\u00bb title_font_size=\u00bb36px\u00bb title_line_height=\u00bb40px\u00bb form_field_font=\u00bbArchivo||||||||\u00bb form_field_font_size=\u00bb16px\u00bb background_color=\u00bb#FFFFFF\u00bb custom_button=\u00bbon\u00bb button_text_size=\u00bb16px\u00bb button_text_color=\u00bb#1d1d1d\u00bb button_bg_color=\u00bb#FFB423&#8243; button_border_width=\u00bb0px\u00bb button_border_radius=\u00bb5px\u00bb button_font=\u00bbArchivo||||||||\u00bb button_use_icon=\u00bboff\u00bb button_custom_margin=\u00bb10px|||0px|false|false\u00bb button_custom_padding=\u00bb14px|20px|14px|20px|false|false\u00bb custom_margin=\u00bb||-200px||false|false\u00bb custom_padding=\u00bb50px|50px|50px|50px|false|false\u00bb custom_padding_tablet=\u00bb30px|30px|30px|30px|false|false\u00bb custom_padding_phone=\u00bb20px|20px|20px|20px|false|false\u00bb custom_padding_last_edited=\u00bbon|tablet\u00bb title_text_align_tablet=\u00bbcenter\u00bb title_text_align_phone=\u00bbcenter\u00bb title_text_align_last_edited=\u00bbon|tablet\u00bb title_font_size_tablet=\u00bb30px\u00bb title_font_size_phone=\u00bb24px\u00bb title_font_size_last_edited=\u00bbon|tablet\u00bb title_line_height_tablet=\u00bb40px\u00bb title_line_height_phone=\u00bb35px\u00bb title_line_height_last_edited=\u00bbon|phone\u00bb custom_css_main_element=\u00bbbox-shadow: 0px 4px 35px rgba(0, 0, 0, 0.05);||border-radius: 5px;\u00bb custom_css_contact_title=\u00bbfont-weight: 700;||color: var(&#8211;color1);||padding-bottom: 10px;||margin-bottom: 40px;||position: relative;\u00bb custom_css_contact_button=\u00bbposition: relative;||    z-index: 1;||    transition: all .3s ease-in-out;\u00bb border_radii=\u00bbon|5px|5px|5px|5px\u00bb border_width_all=\u00bb1px\u00bb border_color_all=\u00bbrgba(2,80,172,0.5)\u00bb global_colors_info=\u00bb{}\u00bb custom_css_contact_title_last_edited=\u00bbon|phone\u00bb custom_css_contact_title_phone=\u00bbfont-weight: 700;||    color: var(&#8211;color1);||    padding-bottom: 10px;||    margin-bottom: 25px;||    position: relative;\u00bb custom_css_contact_title_tablet=\u00bbfont-weight: 700;||color: var(&#8211;color1);||padding-bottom: 10px;||margin-bottom: 40px;||position: relative;\u00bb][et_pb_contact_field field_id=\u00bbName\u00bb field_title=\u00bbNombre\u00bb _builder_version=\u00bb4.16&#8243; global_colors_info=\u00bb{}\u00bb button_text_size__hover_enabled=\u00bboff\u00bb button_one_text_size__hover_enabled=\u00bboff\u00bb button_two_text_size__hover_enabled=\u00bboff\u00bb button_text_color__hover_enabled=\u00bboff\u00bb button_one_text_color__hover_enabled=\u00bboff\u00bb button_two_text_color__hover_enabled=\u00bboff\u00bb button_border_width__hover_enabled=\u00bboff\u00bb button_one_border_width__hover_enabled=\u00bboff\u00bb button_two_border_width__hover_enabled=\u00bboff\u00bb button_border_color__hover_enabled=\u00bboff\u00bb button_one_border_color__hover_enabled=\u00bboff\u00bb button_two_border_color__hover_enabled=\u00bboff\u00bb button_border_radius__hover_enabled=\u00bboff\u00bb button_one_border_radius__hover_enabled=\u00bboff\u00bb button_two_border_radius__hover_enabled=\u00bboff\u00bb button_letter_spacing__hover_enabled=\u00bboff\u00bb button_one_letter_spacing__hover_enabled=\u00bboff\u00bb button_two_letter_spacing__hover_enabled=\u00bboff\u00bb button_bg_color__hover_enabled=\u00bboff\u00bb button_one_bg_color__hover_enabled=\u00bboff\u00bb button_two_bg_color__hover_enabled=\u00bboff\u00bb][\/et_pb_contact_field][et_pb_contact_field field_id=\u00bbPhone\u00bb field_title=\u00bbTel\u00e9fono\u00bb _builder_version=\u00bb4.20.2&#8243; _module_preset=\u00bbdefault\u00bb global_colors_info=\u00bb{}\u00bb][\/et_pb_contact_field][et_pb_contact_field field_id=\u00bbEmail\u00bb field_title=\u00bbDirecci\u00f3n de correo electr\u00f3nico\u00bb field_type=\u00bbemail\u00bb _builder_version=\u00bb4.16&#8243; global_colors_info=\u00bb{}\u00bb button_text_size__hover_enabled=\u00bboff\u00bb button_one_text_size__hover_enabled=\u00bboff\u00bb button_two_text_size__hover_enabled=\u00bboff\u00bb button_text_color__hover_enabled=\u00bboff\u00bb button_one_text_color__hover_enabled=\u00bboff\u00bb button_two_text_color__hover_enabled=\u00bboff\u00bb button_border_width__hover_enabled=\u00bboff\u00bb button_one_border_width__hover_enabled=\u00bboff\u00bb button_two_border_width__hover_enabled=\u00bboff\u00bb button_border_color__hover_enabled=\u00bboff\u00bb button_one_border_color__hover_enabled=\u00bboff\u00bb button_two_border_color__hover_enabled=\u00bboff\u00bb button_border_radius__hover_enabled=\u00bboff\u00bb button_one_border_radius__hover_enabled=\u00bboff\u00bb button_two_border_radius__hover_enabled=\u00bboff\u00bb button_letter_spacing__hover_enabled=\u00bboff\u00bb button_one_letter_spacing__hover_enabled=\u00bboff\u00bb button_two_letter_spacing__hover_enabled=\u00bboff\u00bb button_bg_color__hover_enabled=\u00bboff\u00bb button_one_bg_color__hover_enabled=\u00bboff\u00bb button_two_bg_color__hover_enabled=\u00bboff\u00bb][\/et_pb_contact_field][et_pb_contact_field field_id=\u00bbSubject\u00bb field_title=\u00bbAsunto\u00bb _builder_version=\u00bb4.20.2&#8243; _module_preset=\u00bbdefault\u00bb global_colors_info=\u00bb{}\u00bb][\/et_pb_contact_field][et_pb_contact_field field_id=\u00bbMessage\u00bb field_title=\u00bbMensaje\u00bb field_type=\u00bbtext\u00bb fullwidth_field=\u00bbon\u00bb _builder_version=\u00bb4.16&#8243; global_colors_info=\u00bb{}\u00bb button_text_size__hover_enabled=\u00bboff\u00bb button_one_text_size__hover_enabled=\u00bboff\u00bb button_two_text_size__hover_enabled=\u00bboff\u00bb button_text_color__hover_enabled=\u00bboff\u00bb button_one_text_color__hover_enabled=\u00bboff\u00bb button_two_text_color__hover_enabled=\u00bboff\u00bb button_border_width__hover_enabled=\u00bboff\u00bb button_one_border_width__hover_enabled=\u00bboff\u00bb button_two_border_width__hover_enabled=\u00bboff\u00bb button_border_color__hover_enabled=\u00bboff\u00bb button_one_border_color__hover_enabled=\u00bboff\u00bb button_two_border_color__hover_enabled=\u00bboff\u00bb button_border_radius__hover_enabled=\u00bboff\u00bb button_one_border_radius__hover_enabled=\u00bboff\u00bb button_two_border_radius__hover_enabled=\u00bboff\u00bb button_letter_spacing__hover_enabled=\u00bboff\u00bb button_one_letter_spacing__hover_enabled=\u00bboff\u00bb button_two_letter_spacing__hover_enabled=\u00bboff\u00bb button_bg_color__hover_enabled=\u00bboff\u00bb button_one_bg_color__hover_enabled=\u00bboff\u00bb button_two_bg_color__hover_enabled=\u00bboff\u00bb][\/et_pb_contact_field][\/et_pb_contact_form][\/et_pb_column][\/et_pb_row][\/et_pb_section][et_pb_section fb_built=\u00bb1&#8243; fullwidth=\u00bbon\u00bb _builder_version=\u00bb4.24.2&#8243; _module_preset=\u00bbdefault\u00bb da_disable_devices=\u00bboff|off|off\u00bb global_colors_info=\u00bb{}\u00bb da_is_popup=\u00bboff\u00bb da_exit_intent=\u00bboff\u00bb da_has_close=\u00bbon\u00bb da_alt_close=\u00bboff\u00bb da_dark_close=\u00bboff\u00bb da_not_modal=\u00bbon\u00bb da_is_singular=\u00bboff\u00bb da_with_loader=\u00bboff\u00bb da_has_shadow=\u00bbon\u00bb][et_pb_fullwidth_code admin_label=\u00bbPln\u00e1 \u0161\u00ed\u0159ka k\u00f3du\u00bb _builder_version=\u00bb4.24.2&#8243; _module_preset=\u00bbdefault\u00bb global_colors_info=\u00bb{}\u00bb]<iframe src=\"https:\/\/www.google.com\/maps\/embed?pb=!1m18!1m12!1m3!1d163931.36707738726!2d14.300816249103487!3d50.05955297874822!2m3!1f0!2f0!3f0!3m2!1i1024!2i768!4f13.1!3m3!1m2!1s0x470b939c0970798b%3A0x400af0f66164090!2zUHJhaGEsIMSMZXNrbw!5e0!3m2!1ssk!2ssk!4v1709190381027!5m2!1ssk!2ssk\" width=\"100%\" height=\"450\" style=\"border:0;\" allowfullscreen=\"\" loading=\"lazy\" referrerpolicy=\"no-referrer-when-downgrade\"><\/iframe>[\/et_pb_fullwidth_code][\/et_pb_section]<\/p>\n","protected":false},"excerpt":{"rendered":"<p>Ponte en contactoInicioHilmarova 979\/2Praga 5+420 724 800 702 Whatsapp: +420 724 800 702Lunes a s\u00e1bado: 10:00AM a 06:00PMDomingo Cerrado<\/p>\n","protected":false},"author":2,"featured_media":0,"parent":0,"menu_order":0,"comment_status":"closed","ping_status":"closed","template":"","meta":{"_et_pb_use_builder":"on","_et_pb_old_content":"","_et_gb_content_width":"","footnotes":""},"class_list":["post-20344","page","type-page","status-publish","hentry"],"aioseo_notices":[],"_links":{"self":[{"href":"https:\/\/novapraguetours.cz\/es\/wp-json\/wp\/v2\/pages\/20344","targetHints":{"allow":["GET"]}}],"collection":[{"href":"https:\/\/novapraguetours.cz\/es\/wp-json\/wp\/v2\/pages"}],"about":[{"href":"https:\/\/novapraguetours.cz\/es\/wp-json\/wp\/v2\/types\/page"}],"author":[{"embeddable":true,"href":"https:\/\/novapraguetours.cz\/es\/wp-json\/wp\/v2\/users\/2"}],"replies":[{"embeddable":true,"href":"https:\/\/novapraguetours.cz\/es\/wp-json\/wp\/v2\/comments?post=20344"}],"version-history":[{"count":4,"href":"https:\/\/novapraguetours.cz\/es\/wp-json\/wp\/v2\/pages\/20344\/revisions"}],"predecessor-version":[{"id":21047,"href":"https:\/\/novapraguetours.cz\/es\/wp-json\/wp\/v2\/pages\/20344\/revisions\/21047"}],"wp:attachment":[{"href":"https:\/\/novapraguetours.cz\/es\/wp-json\/wp\/v2\/media?parent=20344"}],"curies":[{"name":"wp","href":"https:\/\/api.w.org\/{rel}","templated":true}]}}